{"id":14529,"date":"2022-08-23T16:08:52","date_gmt":"2022-08-23T09:08:52","guid":{"rendered":"https:\/\/namlonghotels.com\/dieu-khoan-dich-vu\/"},"modified":"2023-10-28T22:48:28","modified_gmt":"2023-10-28T15:48:28","slug":"dieu-khoan-dich-vu","status":"publish","type":"page","link":"https:\/\/namlonghotels.com\/vi\/dieu-khoan-dich-vu\/","title":{"rendered":"\u0110i\u1ec1u kho\u1ea3n d\u1ecbch v\u1ee5"},"content":{"rendered":"<div class=\"wpb-content-wrapper\"><p>[vc_row][vc_column][vc_column_text]<\/p>\n<h2><strong><span class=\"HwtZe\" lang=\"vi\"><span class=\"jCAhz ChMk0b\"><span class=\"ryNqvb\">C\u00e1c \u0111i\u1ec1u kho\u1ea3n v\u00e0 \u0111i\u1ec1u ki\u1ec7n<\/span><\/span> <\/span><\/strong><\/h2>\n<p><span class=\"HwtZe\" lang=\"vi\"><span class=\"jCAhz ChMk0b\"><span class=\"ryNqvb\">Trang web n\u00e0y \u0111\u01b0\u1ee3c v\u1eadn h\u00e0nh b\u1edfi Tour \u0111\u1ebfn c\u00e1c hang \u0111\u1ed9ng (sau \u0111\u00e2y g\u1ecdi l\u00e0 TTTC).<\/span><\/span> <span class=\"jCAhz ChMk0b\"><span class=\"ryNqvb\">Vui l\u00f2ng \u0111\u1ecdc k\u1ef9 c\u00e1c \u0111i\u1ec1u kho\u1ea3n &amp; \u0111i\u1ec1u ki\u1ec7n tr\u01b0\u1edbc khi s\u1eed d\u1ee5ng ho\u1eb7c \u0111\u0103ng k\u00fd tr\u00ean trang web n\u00e0y.<\/span><\/span> <span class=\"jCAhz ChMk0b\"><span class=\"ryNqvb\">B\u1ea1n ph\u1ea3i ho\u00e0n to\u00e0n \u0111\u1ed3ng \u00fd v\u1edbi c\u00e1c \u0110i\u1ec1u kho\u1ea3n v\u00e0 \u0110i\u1ec1u ki\u1ec7n n\u00e0y n\u1ebfu b\u1ea1n mu\u1ed1n s\u1eed d\u1ee5ng Trang web.<\/span><\/span> <span class=\"jCAhz ChMk0b\"><span class=\"ryNqvb\">N\u1ebfu b\u1ea1n kh\u00f4ng \u0111\u1ed3ng \u00fd v\u1edbi b\u1ea5t k\u1ef3 \u0111i\u1ec1u kho\u1ea3n v\u00e0 \u0111i\u1ec1u ki\u1ec7n n\u00e0o trong s\u1ed1 n\u00e0y, b\u1ea1n s\u1ebd kh\u00f4ng th\u1ec3 s\u1eed d\u1ee5ng trang web n\u00e0y theo b\u1ea5t k\u1ef3 c\u00e1ch n\u00e0o.<\/span><\/span> <\/span><\/p>\n<p><span class=\"HwtZe\" lang=\"vi\"><span class=\"jCAhz ChMk0b\"><span class=\"ryNqvb\">L\u01b0u \u00fd r\u1eb1ng trang web n\u00e0y \u0111\u01b0\u1ee3c thi\u1ebft k\u1ebf \u0111\u1ec3 truy c\u1eadp to\u00e0n c\u1ea7u cho ng\u01b0\u1eddi d\u00f9ng.<\/span><\/span> <\/span><\/p>\n<p><span class=\"HwtZe\" lang=\"vi\"><span class=\"jCAhz ChMk0b\"><span class=\"ryNqvb\">Th\u00f4ng tin v\u00e0 gi\u00e1 tr\u00ean trang web n\u00e0y \u0111\u01b0\u1ee3c \u00e1p d\u1ee5ng cho ng\u01b0\u1eddi d\u00f9ng tr\u00ean quy m\u00f4 to\u00e0n c\u1ea7u.<\/span><\/span> <\/span><\/p>\n<p><span class=\"HwtZe\" lang=\"vi\"><span class=\"jCAhz ChMk0b\"><span class=\"ryNqvb\">Ch\u00fang t\u00f4i c\u00f3 quy\u1ec1n t\u1eeb ch\u1ed1i truy c\u1eadp v\u00e0o trang web n\u00e0y b\u1ea5t c\u1ee9 l\u00fac n\u00e0o m\u00e0 kh\u00f4ng c\u1ea7n th\u00f4ng b\u00e1o tr\u01b0\u1edbc.<\/span><\/span><\/span>[\/vc_column_text][vc_text_separator title=&#8221;Click to Expand Topic&#8221; color=&#8221;turquoise&#8221; border_width=&#8221;5&#8243;][\/vc_column][vc_column][vc_toggle title=&#8221;GOVERNING LAW&#8221;]<span lang=\"en\">Your access to this site is subject to your agreement that all information on the site and all matters arising between you and us will be governed by the laws of Vietnam and that all the dispute arises between you and us shall be based on the jurisdiction of the courts of Vietnam. OBLIGATIONS OF USERS OF THE SITE By using this site, please agree to the following: <\/span><\/p>\n<ol>\n<li class=\"tw-data-text tw-ta tw-text-small\" dir=\"ltr\" data-placeholder=\"Translation\"><span lang=\"en\">You accept financial responsibility for all transactions made by your name and account. To be legally qualified, you must be 18 years of age or older. <\/span><\/li>\n<li class=\"tw-data-text tw-ta tw-text-small\" dir=\"ltr\" data-placeholder=\"Translation\"><span lang=\"en\">You warrant that any information you provide about yourself and anyone else is accurate. <\/span><\/li>\n<li class=\"tw-data-text tw-ta tw-text-small\" dir=\"ltr\" data-placeholder=\"Translation\"><span lang=\"en\">Not to use this website to commit fraudulent or fraudulent acts. <\/span><\/li>\n<li class=\"tw-data-text tw-ta tw-text-small\" dir=\"ltr\" data-placeholder=\"Translation\"><span lang=\"en\">It is prohibited to distribute any material that is threatening, defamatory, obscene, political or otherwise racialized, or any other illegal or provocative material through this website. <\/span><\/li>\n<li class=\"tw-data-text tw-ta tw-text-small\" dir=\"ltr\" data-placeholder=\"Translation\"><span lang=\"en\">You may not modify, copy, transmit, distribute, sell, distribute, or otherwise license this site and any of its content in any form except as may be available from you. <\/span><\/li>\n<li class=\"tw-data-text tw-ta tw-text-small\" dir=\"ltr\" data-placeholder=\"Translation\"><span lang=\"en\">Information from this website is for your own personal and non-commercial use.<\/span><\/li>\n<\/ol>\n<p>[\/vc_toggle][vc_toggle title=&#8221;REGISTRATION CONDITIONS&#8221;]<\/p>\n<p id=\"tw-target-text\" class=\"tw-data-text tw-ta tw-text-small\" dir=\"ltr\" data-placeholder=\"Translation\"><span lang=\"vi\">When making a registration through our website, please make a direct (legally binding) relationship with us. Registration conditions include limitations and exclusions of liability, and cancellation and payment fees must be paid if the registration is canceled or changed upon confirmation. We suggest that you carefully read the registration conditions that apply when registering. Registration conditions include limitations and exclusions of liability, and cancellation and change fees must be paid if the registration is canceled or changed upon confirmation.<br \/>\n<\/span><\/p>\n<p>[\/vc_toggle][vc_toggle title=&#8221;INITIATIVENESS&#8221;]<\/p>\n<ul>\n<li id=\"tw-target-text\" class=\"tw-data-text tw-ta tw-text-small\" dir=\"ltr\" data-placeholder=\"Translation\"><span lang=\"en\">The departure guarantee is posted on the <a href=\"https:\/\/tourtothecaves.com\">tourtothecaves.com<\/a> website <\/span><\/li>\n<li class=\"tw-data-text tw-ta tw-text-small\" dir=\"ltr\" data-placeholder=\"Translation\"><span lang=\"en\">Tour information and departure dates in the manuals and other printed materials may change from time to time and shall not form part of the warranty.<\/span><\/li>\n<li class=\"tw-data-text tw-ta tw-text-small\" dir=\"ltr\" data-placeholder=\"Translation\"><span lang=\"en\">The company&#8217;s website is the only source from which the company will ensure the departure. A guaranteed departure time is only possible if the customer has confirmed their registration at the time of departure (registration must include at least a security deposit to be considered &#8220;confirmed&#8221;). . This guarantee will be based on Force Majeure.<\/span><\/li>\n<\/ul>\n<p>[\/vc_toggle][vc_toggle title=&#8221;CASES OF FORCE MAJEURE&#8221;]<\/p>\n<p id=\"tw-target-text\" class=\"tw-data-text tw-ta tw-text-small\" dir=\"ltr\" data-placeholder=\"Translation\"><span lang=\"en\">TTTC is not responsible to customers for changes or cancellations for objective and subjective reasons such as earthquakes, volcanoes, storms, wars, strikes, demonstrations, terrorism, major disturbances The solution or compensation (if any) will depend on the Service Provider involved.<\/span><\/p>\n<p class=\"p1\"><span class=\"s1\">\u00a0<\/span><\/p>\n<p>[\/vc_toggle][vc_toggle title=&#8221;PASSPORT&#8221;]<\/p>\n<ul>\n<li id=\"tw-target-text\" class=\"tw-data-text tw-ta tw-text-small\" dir=\"ltr\" data-placeholder=\"Translation\"><span lang=\"en\">Valid passport: Customers must have valid passport for entry, departure and travel through each destination in the tour schedule (passport must be valid for 6 months or more up to the date of return). <\/span><\/li>\n<li class=\"tw-data-text tw-ta tw-text-small\" dir=\"ltr\" data-placeholder=\"Translation\"><span lang=\"en\">Kinds of papers: Please note that &#8220;In order to promote the issuance of the certificate, all travel documents such as coupons, tours, invoices will be sent via email or will be on. website <a href=\"https:\/\/tourtothecaves.com\">tourtothecaves.com<\/a> &#8220;, when the company has received the full payment. <\/span><\/li>\n<li class=\"tw-data-text tw-ta tw-text-small\" dir=\"ltr\" data-placeholder=\"Translation\"><span lang=\"en\">Trip details: Customers are responsible for accessing the site at least 72 hours prior to departure to ensure they have the most detailed information about the trip, as there may be minor changes. since the tour was originally provided by the company.<\/span><\/li>\n<\/ul>\n<p>[\/vc_toggle][vc_toggle title=&#8221;TOUR PRICE&#8221;]<\/p>\n<ul>\n<li id=\"tw-target-text\" class=\"tw-data-text tw-ta tw-text-small\" dir=\"ltr\" data-placeholder=\"Translation\"><span lang=\"en\">All tour prices are in US Dollars (USD). Payments in other currencies will be converted into Vietnamese Dong (VND) at the prevailing exchange rate. <\/span><\/li>\n<li class=\"tw-data-text tw-ta tw-text-small\" dir=\"ltr\" data-placeholder=\"Translation\"><span lang=\"en\">The prices include the items listed in the &#8220;Include&#8221; section. We discount 50% for children under 130 cm and 100% for newborns. The information and prices on this site are not &#8216;direct&#8217; and are sometimes updated. <\/span><\/li>\n<li class=\"tw-data-text tw-ta tw-text-small\" dir=\"ltr\" data-placeholder=\"Translation\"><span lang=\"en\">All efforts are made to ensure accuracy of information and prices, but unfortunately there are occasional errors. In case of an incorrect price due to system error, we are not bound by that price.<\/span><\/li>\n<\/ul>\n<p>[\/vc_toggle][vc_toggle title=&#8221;PAYMENTS&#8221;]All tours or services need to be paid in advance unless otherwise specified (guests use the service directly from the hotel, guests booking through partners with TTTC). We accept cash, Visa, MasterCard, American Express and JCB. Extra charges from banks can be applied.<\/p>\n<p>Please ensure that you provide us with the correct credit card billing information. If you do not provide a credit card or debit card address and \/ or accurate cardholder information, ticket issuance may be delayed and total costs may increase. We reserve the right to cancel the ticket upon issue if the payment is declined or if you provided incorrect credit card information. In addition, we have the right to conduct random checks (including voter lists) to minimize credit card fraud.<\/p>\n<p>TTTC will not collect your credit card details. The information you provide will be secured in absolute safety in the technical system of global technology security (SSL) of MasterCard and Bank for Foreign Trade of Vietnam (Vietcombank) when you process payment. By credit card. After payment, the terminal will send confirmation \/ payment slip via email or fax: This card must be printed as proof of purchase and will be presented to the Service Provider. All visitor information should be provided at the time of registration. Any amendments \/ supplements should be sent via email to the TTTC.<\/p>\n<p>TTTC is not responsible for any problems that may occur if you do not receive or read your confirmation \/ payment voucher. In case you have not received payment vouchers, you will need to notify the TTTC at least 72 hours before the scheduled delivery date.<\/p>\n<p>[\/vc_toggle][vc_toggle title=&#8221;PROCESS CANCELLATION AND REFUND&#8221;]<\/p>\n<p id=\"tw-target-text\" class=\"tw-data-text tw-ta tw-text-small\" dir=\"ltr\" data-placeholder=\"Translation\"><span lang=\"en\">Cancellation of all services by tour operator must be sent and received in writing: email or fax. TTTC does not accept cancellation requests by phone. TTTC is not responsible for any service requests that have not been received and have not been confirmed to you. In this case, cancellation or cancellation will apply.<\/span><\/p>\n<p>[\/vc_toggle][vc_toggle title=&#8221;COMPLAINTS AND CLAIMS&#8221;]<\/p>\n<p id=\"tw-target-text\" class=\"tw-data-text tw-ta tw-text-small\" dir=\"ltr\" data-placeholder=\"Translation\"><span lang=\"en\">If the customer has a complaint to the Tour to the Caves, the customer must first notify the team leader as soon as possible to correct the complaint. If not satisfied, customers can contact the sales representatives of TTTC while touring to TTTC have the opportunity to overcome the problem. If you are not satisfied with the channels during the trip, you should send all complaints directly to <a href=\"mailto:reservations@tourtothecaves.com\">reservations@tourtothecaves.com<\/a> within 30 days of the end of your trip. The Company will not accept any liability for claims received after this deadline.<\/span><\/p>\n<p class=\"p1\"><span class=\"s1\">\u00a0<\/span><\/p>\n<p>[\/vc_toggle][vc_toggle title=&#8221;PROMOTIONS&#8221;]<\/p>\n<p id=\"tw-target-text\" class=\"tw-data-text tw-ta tw-text-small\" dir=\"ltr\" data-placeholder=\"Translation\"><span lang=\"en\">Tours \/ tour packages \/ products dealt with promotional codes will be non-refundable and non-refundable. <\/span><\/p>\n<p class=\"tw-data-text tw-ta tw-text-small\" dir=\"ltr\" data-placeholder=\"Translation\"><span lang=\"en\">Furthermore, all discounts and bonuses posted on this site are only applicable to <a href=\"https:\/\/tourtothecaves.com\">tourtothecaves.com<\/a> and may be changed through other sites linked to <a href=\"https:\/\/tourtothecaves.com\">tourtothecaves.com<\/a>.<\/span><\/p>\n<p>[\/vc_toggle][vc_toggle title=&#8221;RELATIONSHIP BETWEEN&#8221;]<\/p>\n<p id=\"tw-target-text\" class=\"tw-data-text tw-ta tw-text-small\" dir=\"ltr\" data-placeholder=\"Translation\"><span lang=\"en\">Upon completing a registration, you agree to receive emails we may send to you, providing you with destination information and specific information relating to your registration and destinations, and We can email you to fill out a customer review form.<\/span><\/p>\n<p class=\"p1\"><span class=\"s1\">\u00a0<\/span><\/p>\n<p>[\/vc_toggle][vc_toggle title=&#8221;COPYRIGHT AND TRADEMARK&#8221;]<\/p>\n<p id=\"tw-target-text\" class=\"tw-data-text tw-ta tw-text-small\" dir=\"ltr\" data-placeholder=\"Translation\"><span lang=\"en\">The copyright in the content of this site belongs to Tour to the Caves. We reserve the right to have all rights to this site and all its content. Tour to the Caves and all the signs, logos and pictures of Tour to the Caves on this site are registered trademarks of Nam Long Quang Binh Private Enterprise. Brands of companies and other products \/ services on this site may be the trademarks of their respective owners. You have no rights and are not licensed to use any of these trademarks.<\/span><\/p>\n<p class=\"p1\"><span class=\"s1\">\u00a0<\/span><\/p>\n<p>[\/vc_toggle][vc_toggle title=&#8221;CHANGES&#8221;]<\/p>\n<p id=\"tw-target-text\" class=\"tw-data-text tw-ta tw-text-small\" dir=\"ltr\" data-placeholder=\"Translation\"><span lang=\"en\"><a href=\"https:\/\/tourtothecaves.com\">tourtothecaves.com<\/a> may change any aspect of this site or its content, including features, information or other content at any time without prior notice. .<\/span><\/p>\n<p class=\"p1\"><span class=\"s1\">\u00a0<\/span><\/p>\n<p>[\/vc_toggle][vc_toggle title=&#8221;CONTACT&#8221;]<\/p>\n<p id=\"tw-target-text\" class=\"tw-data-text tw-ta tw-text-small\" dir=\"ltr\" data-placeholder=\"Translation\"><span lang=\"en\">Any feedback and contributions please send to<\/span><\/p>\n<p dir=\"ltr\" data-placeholder=\"Translation\">TOUR TO THE CAVES<\/p>\n<p class=\"tw-data-text tw-ta tw-text-small\" dir=\"ltr\" data-placeholder=\"Translation\"><span lang=\"en\">Address: 63 Nguyen Dinh Chieu, Dong Hoi, Quang Binh, Vietnam 510000 <\/span><\/p>\n<p class=\"tw-data-text tw-ta tw-text-small\" dir=\"ltr\" data-placeholder=\"Translation\"><span lang=\"en\">Tel: +84 (0) 91 892 3595 <\/span><\/p>\n<p class=\"tw-data-text tw-ta tw-text-small\" dir=\"ltr\" data-placeholder=\"Translation\"><span lang=\"en\">E-mail: <a href=\"mailto:reservations@tourtothecaves.com\">reservations@tourtothecaves.com<\/a><\/span><\/p>\n<p>[\/vc_toggle][\/vc_column][\/vc_row][vc_row][vc_column][\/vc_column][\/vc_row]<\/p>\n<\/div>","protected":false},"excerpt":{"rendered":"<p>[vc_row][vc_column][vc_column_text] C\u00e1c \u0111i\u1ec1u kho\u1ea3n v\u00e0 \u0111i\u1ec1u ki\u1ec7n Trang web n\u00e0y \u0111\u01b0\u1ee3c v\u1eadn h\u00e0nh b\u1edfi Tour \u0111\u1ebfn c\u00e1c hang \u0111\u1ed9ng (sau \u0111\u00e2y g\u1ecdi l\u00e0 TTTC). Vui l\u00f2ng \u0111\u1ecdc k\u1ef9 c\u00e1c \u0111i\u1ec1u kho\u1ea3n &amp; \u0111i\u1ec1u ki\u1ec7n tr\u01b0\u1edbc khi s\u1eed d\u1ee5ng ho\u1eb7c \u0111\u0103ng k\u00fd tr\u00ean trang web n\u00e0y. B\u1ea1n ph\u1ea3i ho\u00e0n to\u00e0n \u0111\u1ed3ng \u00fd v\u1edbi c\u00e1c \u0110i\u1ec1u kho\u1ea3n [&hellip;]<\/p>\n","protected":false},"author":1,"featured_media":0,"parent":0,"menu_order":0,"comment_status":"closed","ping_status":"closed","template":"template-home.php","meta":{"footnotes":""},"class_list":["post-14529","page","type-page","status-publish","has-post-thumbnail","hentry"],"_links":{"self":[{"href":"https:\/\/namlonghotels.com\/vi\/wp-json\/wp\/v2\/pages\/14529","targetHints":{"allow":["GET"]}}],"collection":[{"href":"https:\/\/namlonghotels.com\/vi\/wp-json\/wp\/v2\/pages"}],"about":[{"href":"https:\/\/namlonghotels.com\/vi\/wp-json\/wp\/v2\/types\/page"}],"author":[{"embeddable":true,"href":"https:\/\/namlonghotels.com\/vi\/wp-json\/wp\/v2\/users\/1"}],"replies":[{"embeddable":true,"href":"https:\/\/namlonghotels.com\/vi\/wp-json\/wp\/v2\/comments?post=14529"}],"version-history":[{"count":4,"href":"https:\/\/namlonghotels.com\/vi\/wp-json\/wp\/v2\/pages\/14529\/revisions"}],"predecessor-version":[{"id":14534,"href":"https:\/\/namlonghotels.com\/vi\/wp-json\/wp\/v2\/pages\/14529\/revisions\/14534"}],"wp:attachment":[{"href":"https:\/\/namlonghotels.com\/vi\/wp-json\/wp\/v2\/media?parent=14529"}],"curies":[{"name":"wp","href":"https:\/\/api.w.org\/{rel}","templated":true}]}}