{"id":14107,"date":"2023-07-09T17:09:49","date_gmt":"2023-07-09T17:09:49","guid":{"rendered":"https:\/\/alantigner.net\/den-va-di-tu-cac-khach-san-dai-nam\/"},"modified":"2023-07-12T17:13:33","modified_gmt":"2023-07-12T17:13:33","slug":"den-va-di-tu-cac-khach-san-dai-nam","status":"publish","type":"page","link":"https:\/\/namlonghotels.com\/vi\/den-va-di-tu-cac-khach-san-dai-nam\/","title":{"rendered":"\u0110\u1ebfn v\u00e0 \u0111i t\u1eeb c\u00e1c kh\u00e1ch s\u1ea1n d\u00e0i nam"},"content":{"rendered":"<div class=\"wpb-content-wrapper\"><p>[vc_row][vc_column][vc_column_text]<\/p>\n<h3 style=\"text-align: center;\">\u0110\u1ebfn v\u00e0 \u0111i t\u1eeb c\u00e1c kh\u00e1ch s\u1ea1n d\u00e0i nam<\/h3>\n<p>[\/vc_column_text][\/vc_column][\/vc_row][vc_row][vc_column][vc_column_text]<\/p>\n<div class=\"lRu31\">\n<p><strong>\u0110\u1ebfn:<\/strong><strong>\u00a0<\/strong><\/p>\n<p><strong>B\u1eb1ng \u0111\u01b0\u1eddng h\u00e0ng kh\u00f4ng:<\/strong><\/p>\n<p>L\u1ef1a ch\u1ecdn c\u1ee7a Vi\u1ec7t Nam Airlines www.vietnamairlines.com\/vn\/en, Jetstar Pacific www.jetstar.com\/vn\/en\/home, ho\u1eb7c Vietjet www.vietjetair.com\/sites\/web\/en-us\/home. Gi\u1eefa ba ng\u01b0\u1eddi, th\u01b0\u1eddng c\u00f3 nhi\u1ec1u chuy\u1ebfn bay h\u00e0ng ng\u00e0y t\u1eeb th\u00e0nh ph\u1ed1 H\u00e0 N\u1ed9i v\u00e0 H\u1ed3 Ch\u00ed Minh. \u0110\u1eb7t tr\u1ef1c ti\u1ebfp v\u1edbi c\u00e1c h\u00e3ng h\u00e0ng kh\u00f4ng ho\u1eb7c th\u00f4ng qua kayak.com, skyscanner.com ho\u1eb7c skypicker.com.<\/p>\n<p>Taxi 15 ph\u00fat* [kho\u1ea3ng 100.000 vnd] t\u1eeb s\u00e2n bay Dong HOI.<\/p>\n<p><strong>B\u1eb1ng t\u00e0u h\u1ecfa:<\/strong><\/p>\n<p>10 ph\u00fat taxi* t\u1eeb ga xe l\u1eeda [kho\u1ea3ng 60.000vnd] v\u1edbi 10 chuy\u1ebfn t\u00e0u d\u1eebng h\u00e0ng ng\u00e0y, 5 t\u1eeb ph\u00eda nam v\u00e0 5 t\u1eeb ph\u00eda b\u1eafc. Truy c\u1eadp H\u1ec7 th\u1ed1ng \u0110\u01b0\u1eddng s\u1eaft Vi\u1ec7t Nam \u0111\u1ec3 bi\u1ebft chi ti\u1ebft v\u1ec1 www.vietnam-railway.com\/vietnam-train<\/p>\n<p><strong>B\u1eb1ng xe bu\u00fdt:<\/strong><\/p>\n<p>5 ph\u00fat \u0111i b\u1ed9 t\u1eeb tr\u1ea1m xe bu\u00fdt RT1A (vui l\u00f2ng xem b\u1ea3n \u0111\u1ed3 Dong HOI)<\/p>\n<p><strong>Kh\u1edfi h\u00e0nh:<\/strong><\/p>\n<p><strong>B\u1eb1ng \u0111\u01b0\u1eddng h\u00e0ng kh\u00f4ng:<\/strong><\/p>\n<p>L\u1ef1a ch\u1ecdn c\u1ee7a Vi\u1ec7t Nam Airlines www.vietnamairlines.com, Jetstar Pacific www.jetstar.com\/vn\/en\/home, ho\u1eb7c Vietjet www.vietjetair.com\/sites\/web\/en-us\/home. Gi\u1eefa ba ng\u01b0\u1eddi, th\u01b0\u1eddng c\u00f3 nhi\u1ec1u chuy\u1ebfn bay h\u00e0ng ng\u00e0y \u0111\u1ebfn th\u00e0nh ph\u1ed1 H\u00e0 N\u1ed9i v\u00e0 H\u1ed3 Ch\u00ed Minh. \u0110\u1eb7t tr\u1ef1c ti\u1ebfp v\u1edbi c\u00e1c h\u00e3ng h\u00e0ng kh\u00f4ng ho\u1eb7c th\u00f4ng qua kayak.com, skyscanner.com ho\u1eb7c skypicker.com. Ch\u00fang t\u00f4i c\u00f3 th\u1ec3 \u0111\u1eb7t b\u1ea1n t\u1ea1i kh\u00e1ch s\u1ea1n tr\u00ean Vi\u1ec7t Nam Airlines m\u00e0 kh\u00f4ng c\u00f3 ph\u1ee5 ph\u00ed.<\/p>\n<p>Taxi 15 ph\u00fat* [kho\u1ea3ng 100.000 vnd] \u0111\u1ebfn s\u00e2n bay Dong HOI.<\/p>\n<p><strong>B\u1eb1ng t\u00e0u h\u1ecfa:<\/strong><\/p>\n<p>10 ph\u00fat taxi* \u0111\u1ebfn ga xe l\u1eeda [60.000vnd] v\u1edbi 10 chuy\u1ebfn t\u00e0u d\u1eebng h\u00e0ng ng\u00e0y 5 \u1edf ph\u00eda nam v\u00e0 5 \u1edf ph\u00eda b\u1eafc. B\u00e0n c\u1ee7a ch\u00fang t\u00f4i c\u00f3 th\u1ec3 mua v\u00e9 cho b\u1ea1n (kh\u00f4ng ph\u1ee5 ph\u00ed). B\u1ea1n c\u00f3 th\u1ec3 t\u1ef1 nh\u1eadn v\u00e9 t\u1ea1i nh\u00e0 ga ho\u1eb7c tr\u1ea3 20.000vnd cho ai \u0111\u00f3 \u0111\u1ec3 giao v\u00e9 cho kh\u00e1ch s\u1ea1n).<\/p>\n<p><strong>By Night Sleeer Bus:<\/strong><\/p>\n<p>Xe bu\u00fdt \u0111\u00eam v\u1edbi nh\u1eefng chi\u1ebfc gi\u01b0\u1eddng d\u00e0i th\u00eam t\u1eeb c\u00e1c kh\u00e1ch s\u1ea1n d\u00e0i nam m\u1ed7i \u0111\u00eam:<\/p>\n<p>6pm Xe bu\u00fdt ng\u1ee7: \u0110\u1ebfn Ninh B\u00ecnh kho\u1ea3ng 4:30 s\u00e1ng v\u00e0 v\u00e0o kho\u1ea3ng 5:30 s\u00e1ng<\/p>\n<p>10 gi\u1edd t\u1ed1i Xe bu\u00fdt ng\u1ee7: \u0110\u1ebfn Ninh B\u00ecnh kho\u1ea3ng 5 gi\u1edd s\u00e1ng v\u00e0 H\u00e0 N\u1ed9i kho\u1ea3ng 7 gi\u1edd s\u00e1ng. L\u01afU \u00dd: Xe bu\u00fdt b\u1ecb c\u1ea5m trong qu\u00fd (Ph\u00e1p) c\u0169 c\u1ee7a H\u00e0 N\u1ed9i, nh\u01b0ng xe bu\u00fdt 10 gi\u1edd t\u1ed1i \u0111\u01b0a b\u1ea1n \u0111\u1ebfn g\u1ea7n h\u01a1n, v\u1edbi m\u1ed9t chuy\u1ebfn \u0111i taxi ng\u1eafn h\u01a1n.<\/p>\n<p>Gi\u00e1 c\u1ea3 v\u00e0 l\u1ecbch tr\u00ecnh c\u00f3 th\u1ec3 thay \u0111\u1ed5i v\u00ec v\u1eady vui l\u00f2ng ki\u1ec3m tra v\u1edbi b\u00e0n c\u1ee7a ch\u00fang t\u00f4i. Ch\u00fang t\u00f4i c\u00f3 th\u1ec3 \u0111\u1eb7t ch\u1ed7 cho b\u1ea1n m\u00e0 kh\u00f4ng ph\u1ee5 ph\u00ed. B\u1ea1n c\u00f3 th\u1ec3 tr\u1ea3 ti\u1ec1n cho t\u00e0i x\u1ebf khi b\u1ea1n l\u00ean xe bu\u00fdt.<\/p>\n<p><strong>BI\u1ec0N BINH NG\u00c0Y:<\/strong><\/p>\n<p>\u0110\u00f3 l\u00e0 5 ph\u00fat \u0111i b\u1ed9 t\u1eeb tr\u1ea1m xe bu\u00fdt RT 1A (vui l\u00f2ng xem b\u1ea3n \u0111\u1ed3 Dong HOI). C\u00f3 nh\u1eefng kh\u1edfi h\u00e0nh th\u01b0\u1eddng xuy\u00ean c\u1ea3 B\u1eafc v\u00e0 Nam, c\u1ea3 Express v\u00e0 Th\u01b0\u1eddng xuy\u00ean. Chi ph\u00ed kh\u00e1c nhau t\u00f9y thu\u1ed9c v\u00e0o lo\u1ea1i xe bu\u00fdt v\u00e0 kho\u1ea3ng c\u00e1ch. V\u00ed d\u1ee5, xe bu\u00fdt \u0111i v\u1ec1 ph\u00eda nam \u0111\u1ec3 Hu\u1ebf m\u1ea5t kho\u1ea3ng 4 gi\u1edd. \u0110i v\u1ec1 ph\u00eda b\u1eafc \u0111\u1ebfn H\u00e0 N\u1ed9i, m\u1ea5t kho\u1ea3ng 10 gi\u1edd. Nh\u00e2n vi\u00ean c\u1ee7a ch\u00fang t\u00f4i c\u00f3 th\u1ec3 mua v\u00e9 cho b\u1ea1n m\u00e0 kh\u00f4ng ph\u1ee5 ph\u00ed.<\/p>\n<p>\u0110i du l\u1ecbch \u0111\u1ebfn Hu\u1ebf? Ki\u1ec3m tra tour du l\u1ecbch l\u1ecbch s\u1eed &#8220;One Way to Hu\u1ebf&#8221; trong tab \u0110i\u1ec3m tham quan v\u00e0 Tour cho chuy\u1ebfn \u0111i m\u1ed9t chi\u1ec1u \u0111\u1ebfn kh\u00e1ch s\u1ea1n c\u1ee7a b\u1ea1n \u0111\u01b0\u1ee3c c\u00e1 nh\u00e2n h\u00f3a trong khi \u0111\u1ebfn th\u0103m c\u00e1c \u0111\u01b0\u1eddng h\u1ea7m Vinh MOC l\u1ecbch s\u1eed v\u00e0 C\u1ea7u DMZ. T\u1ea5t nhi\u00ean, b\u1ea1n ti\u1ebft ki\u1ec7m gi\u00e1 v\u00e9 taxi v\u00e0 gi\u00e1 v\u00e9 xe bu\u00fdt\/xe l\u1eeda.<\/p>\n<p><em>* Vui l\u00f2ng x\u00e1c nh\u1eadn gi\u00e1 v\u1edbi t\u00e0i x\u1ebf taxi tr\u01b0\u1edbc khi v\u00e0o taxi. T\u1ef7 l\u1ec7 \u0111\u01b0\u1ee3c tr\u00edch d\u1eabn l\u00e0 t\u1ef7 l\u1ec7 \u0111\u1ed3ng h\u1ed3 b\u00ecnh th\u01b0\u1eddng, nh\u01b0ng c\u00f3 th\u1ec3 thay \u0111\u1ed5i t\u00f9y thu\u1ed9c v\u00e0o chi ph\u00ed nhi\u00ean li\u1ec7u v\u00e0 c\u1ea1nh tranh.<\/em><\/p>\n<\/div>\n<div class=\"UdTY9 WdefRb\" aria-hidden=\"true\" data-location=\"2\">\n<div class=\"kO6q6e\"><\/div>\n<\/div>\n<div class=\"VO9ucd\">\n<div class=\"aJIq1d\" data-language-code=\"vi\" data-language-name=\"Vietnamese\" data-text=\"\u0110\u1ebfn: B\u1eb1ng \u0111\u01b0\u1eddng h\u00e0ng kh\u00f4ng: L\u1ef1a ch\u1ecdn c\u1ee7a Vi\u1ec7t Nam Airlines www.vietnamairlines.com\/vn\/en, Jetstar Pacific www.jetstar.com\/vn\/en\/home, ho\u1eb7c Vietjet www.vietjetair.com\/sites\/web\/en-us\/home. Gi\u1eefa ba ng\u01b0\u1eddi, th\u01b0\u1eddng c\u00f3 nhi\u1ec1u chuy\u1ebfn bay h\u00e0ng ng\u00e0y t\u1eeb th\u00e0nh ph\u1ed1 H\u00e0 N\u1ed9i v\u00e0 H\u1ed3 Ch\u00ed Minh. \u0110\u1eb7t tr\u1ef1c ti\u1ebfp v\u1edbi c\u00e1c h\u00e3ng h\u00e0ng kh\u00f4ng ho\u1eb7c th\u00f4ng qua kayak.com, skyscanner.com ho\u1eb7c skypicker.com. Taxi 15 ph\u00fat* [kho\u1ea3ng 100.000 vnd] t\u1eeb s\u00e2n bay Dong HOI. B\u1eb1ng t\u00e0u h\u1ecfa: 10 ph\u00fat taxi* t\u1eeb ga xe l\u1eeda [kho\u1ea3ng 60.000vnd] v\u1edbi 10 chuy\u1ebfn t\u00e0u d\u1eebng h\u00e0ng ng\u00e0y, 5 t\u1eeb ph\u00eda nam v\u00e0 5 t\u1eeb ph\u00eda b\u1eafc. Truy c\u1eadp H\u1ec7 th\u1ed1ng \u0110\u01b0\u1eddng s\u1eaft Vi\u1ec7t Nam \u0111\u1ec3 bi\u1ebft chi ti\u1ebft v\u1ec1 www.vietnam-railway.com\/vietnam-train B\u1eb1ng xe bu\u00fdt: 5 ph\u00fat \u0111i b\u1ed9 t\u1eeb tr\u1ea1m xe bu\u00fdt RT1A (vui l\u00f2ng xem b\u1ea3n \u0111\u1ed3 Dong HOI) Kh\u1edfi h\u00e0nh: B\u1eb1ng \u0111\u01b0\u1eddng h\u00e0ng kh\u00f4ng: L\u1ef1a ch\u1ecdn c\u1ee7a Vi\u1ec7t Nam Airlines www.vietnamairlines.com, Jetstar Pacific www.jetstar.com\/vn\/en\/home, ho\u1eb7c Vietjet www.vietjetair.com\/sites\/web\/en-us\/home. Gi\u1eefa ba ng\u01b0\u1eddi, th\u01b0\u1eddng c\u00f3 nhi\u1ec1u chuy\u1ebfn bay h\u00e0ng ng\u00e0y \u0111\u1ebfn th\u00e0nh ph\u1ed1 H\u00e0 N\u1ed9i v\u00e0 H\u1ed3 Ch\u00ed Minh. \u0110\u1eb7t tr\u1ef1c ti\u1ebfp v\u1edbi c\u00e1c h\u00e3ng h\u00e0ng kh\u00f4ng ho\u1eb7c th\u00f4ng qua kayak.com, skyscanner.com ho\u1eb7c skypicker.com. Ch\u00fang t\u00f4i c\u00f3 th\u1ec3 \u0111\u1eb7t b\u1ea1n t\u1ea1i kh\u00e1ch s\u1ea1n tr\u00ean Vi\u1ec7t Nam Airlines m\u00e0 kh\u00f4ng c\u00f3 ph\u1ee5 ph\u00ed. Taxi 15 ph\u00fat* [kho\u1ea3ng 100.000 vnd] \u0111\u1ebfn s\u00e2n bay Dong HOI. B\u1eb1ng t\u00e0u h\u1ecfa: 10 ph\u00fat taxi* \u0111\u1ebfn ga xe l\u1eeda [60.000vnd] v\u1edbi 10 chuy\u1ebfn t\u00e0u d\u1eebng h\u00e0ng ng\u00e0y 5 \u1edf ph\u00eda nam v\u00e0 5 \u1edf ph\u00eda b\u1eafc. B\u00e0n c\u1ee7a ch\u00fang t\u00f4i c\u00f3 th\u1ec3 mua v\u00e9 cho b\u1ea1n (kh\u00f4ng ph\u1ee5 ph\u00ed). B\u1ea1n c\u00f3 th\u1ec3 t\u1ef1 nh\u1eadn v\u00e9 t\u1ea1i nh\u00e0 ga ho\u1eb7c tr\u1ea3 20.000vnd cho ai \u0111\u00f3 \u0111\u1ec3 giao v\u00e9 cho kh\u00e1ch s\u1ea1n). By Night Sleeer Bus: Xe bu\u00fdt \u0111\u00eam v\u1edbi nh\u1eefng chi\u1ebfc gi\u01b0\u1eddng d\u00e0i th\u00eam t\u1eeb c\u00e1c kh\u00e1ch s\u1ea1n d\u00e0i nam m\u1ed7i \u0111\u00eam: 6pm Xe bu\u00fdt ng\u1ee7: \u0110\u1ebfn Ninh B\u00ecnh kho\u1ea3ng 4:30 s\u00e1ng v\u00e0 v\u00e0o kho\u1ea3ng 5:30 s\u00e1ng 10 gi\u1edd t\u1ed1i Xe bu\u00fdt ng\u1ee7: \u0110\u1ebfn Ninh B\u00ecnh kho\u1ea3ng 5 gi\u1edd s\u00e1ng v\u00e0 H\u00e0 N\u1ed9i kho\u1ea3ng 7 gi\u1edd s\u00e1ng. L\u01afU \u00dd: Xe bu\u00fdt b\u1ecb c\u1ea5m trong qu\u00fd (Ph\u00e1p) c\u0169 c\u1ee7a H\u00e0 N\u1ed9i, nh\u01b0ng xe bu\u00fdt 10 gi\u1edd t\u1ed1i \u0111\u01b0a b\u1ea1n \u0111\u1ebfn g\u1ea7n h\u01a1n, v\u1edbi m\u1ed9t chuy\u1ebfn \u0111i taxi ng\u1eafn h\u01a1n. Gi\u00e1 c\u1ea3 v\u00e0 l\u1ecbch tr\u00ecnh c\u00f3 th\u1ec3 thay \u0111\u1ed5i v\u00ec v\u1eady vui l\u00f2ng ki\u1ec3m tra v\u1edbi b\u00e0n c\u1ee7a ch\u00fang t\u00f4i. Ch\u00fang t\u00f4i c\u00f3 th\u1ec3 \u0111\u1eb7t ch\u1ed7 cho b\u1ea1n m\u00e0 kh\u00f4ng ph\u1ee5 ph\u00ed. B\u1ea1n c\u00f3 th\u1ec3 tr\u1ea3 ti\u1ec1n cho t\u00e0i x\u1ebf khi b\u1ea1n l\u00ean xe bu\u00fdt. BI\u1ec0N BINH NG\u00c0Y: \u0110\u00f3 l\u00e0 5 ph\u00fat \u0111i b\u1ed9 t\u1eeb tr\u1ea1m xe bu\u00fdt RT 1A (vui l\u00f2ng xem b\u1ea3n \u0111\u1ed3 Dong HOI). C\u00f3 nh\u1eefng kh\u1edfi h\u00e0nh th\u01b0\u1eddng xuy\u00ean c\u1ea3 B\u1eafc v\u00e0 Nam, c\u1ea3 Express v\u00e0 Th\u01b0\u1eddng xuy\u00ean. Chi ph\u00ed kh\u00e1c nhau t\u00f9y thu\u1ed9c v\u00e0o lo\u1ea1i xe bu\u00fdt v\u00e0 kho\u1ea3ng c\u00e1ch. V\u00ed d\u1ee5, xe bu\u00fdt \u0111i v\u1ec1 ph\u00eda nam \u0111\u1ec3 Hu\u1ebf m\u1ea5t kho\u1ea3ng 4 gi\u1edd. \u0110i v\u1ec1 ph\u00eda b\u1eafc \u0111\u1ebfn H\u00e0 N\u1ed9i, m\u1ea5t kho\u1ea3ng 10 gi\u1edd. Nh\u00e2n vi\u00ean c\u1ee7a ch\u00fang t\u00f4i c\u00f3 th\u1ec3 mua v\u00e9 cho b\u1ea1n m\u00e0 kh\u00f4ng ph\u1ee5 ph\u00ed. \u0110i du l\u1ecbch \u0111\u1ebfn Hu\u1ebf? Ki\u1ec3m tra tour du l\u1ecbch l\u1ecbch s\u1eed &quot;One Way to Hu\u1ebf&quot; trong tab \u0110i\u1ec3m tham quan v\u00e0 Tour cho chuy\u1ebfn \u0111i m\u1ed9t chi\u1ec1u \u0111\u1ebfn kh\u00e1ch s\u1ea1n c\u1ee7a b\u1ea1n \u0111\u01b0\u1ee3c c\u00e1 nh\u00e2n h\u00f3a trong khi \u0111\u1ebfn th\u0103m c\u00e1c \u0111\u01b0\u1eddng h\u1ea7m Vinh MOC l\u1ecbch s\u1eed v\u00e0 C\u1ea7u DMZ. T\u1ea5t nhi\u00ean, b\u1ea1n ti\u1ebft ki\u1ec7m gi\u00e1 v\u00e9 taxi v\u00e0 gi\u00e1 v\u00e9 xe bu\u00fdt\/xe l\u1eeda. * Vui l\u00f2ng x\u00e1c nh\u1eadn gi\u00e1 v\u1edbi t\u00e0i x\u1ebf taxi tr\u01b0\u1edbc khi v\u00e0o taxi. T\u1ef7 l\u1ec7 \u0111\u01b0\u1ee3c tr\u00edch d\u1eabn l\u00e0 t\u1ef7 l\u1ec7 \u0111\u1ed3ng h\u1ed3 b\u00ecnh th\u01b0\u1eddng, nh\u01b0ng c\u00f3 th\u1ec3 thay \u0111\u1ed5i t\u00f9y thu\u1ed9c v\u00e0o chi ph\u00ed nhi\u00ean li\u1ec7u v\u00e0 c\u1ea1nh tranh.\" data-crosslingual-hint=\"\" data-location=\"2\" data-enable-toggle-playback-speed=\"true\" data-results-count=\"1\" data-result-index=\"1\">\n<div class=\"m0Qfkd\"><\/div>\n<\/div>\n<\/div>\n<p>[\/vc_column_text][\/vc_column][\/vc_row]<\/p>\n<\/div>","protected":false},"excerpt":{"rendered":"<p>[vc_row][vc_column][vc_column_text] \u0110\u1ebfn v\u00e0 \u0111i t\u1eeb c\u00e1c kh\u00e1ch s\u1ea1n d\u00e0i nam [\/vc_column_text][\/vc_column][\/vc_row][vc_row][vc_column][vc_column_text] \u0110\u1ebfn:\u00a0 B\u1eb1ng \u0111\u01b0\u1eddng h\u00e0ng kh\u00f4ng: L\u1ef1a ch\u1ecdn c\u1ee7a Vi\u1ec7t Nam Airlines www.vietnamairlines.com\/vn\/en, Jetstar Pacific www.jetstar.com\/vn\/en\/home, ho\u1eb7c Vietjet www.vietjetair.com\/sites\/web\/en-us\/home. Gi\u1eefa ba ng\u01b0\u1eddi, th\u01b0\u1eddng c\u00f3 nhi\u1ec1u chuy\u1ebfn bay h\u00e0ng ng\u00e0y t\u1eeb th\u00e0nh ph\u1ed1 H\u00e0 N\u1ed9i v\u00e0 H\u1ed3 Ch\u00ed Minh. \u0110\u1eb7t tr\u1ef1c ti\u1ebfp v\u1edbi c\u00e1c h\u00e3ng h\u00e0ng [&hellip;]<\/p>\n","protected":false},"author":4,"featured_media":0,"parent":0,"menu_order":0,"comment_status":"closed","ping_status":"closed","template":"template-blank.php","meta":{"footnotes":""},"class_list":["post-14107","page","type-page","status-publish","has-post-thumbnail","hentry"],"_links":{"self":[{"href":"https:\/\/namlonghotels.com\/vi\/wp-json\/wp\/v2\/pages\/14107","targetHints":{"allow":["GET"]}}],"collection":[{"href":"https:\/\/namlonghotels.com\/vi\/wp-json\/wp\/v2\/pages"}],"about":[{"href":"https:\/\/namlonghotels.com\/vi\/wp-json\/wp\/v2\/types\/page"}],"author":[{"embeddable":true,"href":"https:\/\/namlonghotels.com\/vi\/wp-json\/wp\/v2\/users\/4"}],"replies":[{"embeddable":true,"href":"https:\/\/namlonghotels.com\/vi\/wp-json\/wp\/v2\/comments?post=14107"}],"version-history":[{"count":8,"href":"https:\/\/namlonghotels.com\/vi\/wp-json\/wp\/v2\/pages\/14107\/revisions"}],"predecessor-version":[{"id":14316,"href":"https:\/\/namlonghotels.com\/vi\/wp-json\/wp\/v2\/pages\/14107\/revisions\/14316"}],"wp:attachment":[{"href":"https:\/\/namlonghotels.com\/vi\/wp-json\/wp\/v2\/media?parent=14107"}],"curies":[{"name":"wp","href":"https:\/\/api.w.org\/{rel}","templated":true}]}}