{"id":14053,"date":"2023-07-08T17:51:36","date_gmt":"2023-07-08T17:51:36","guid":{"rendered":"https:\/\/alantigner.net\/diem-tham-quan\/"},"modified":"2023-07-08T17:51:36","modified_gmt":"2023-07-08T17:51:36","slug":"diem-tham-quan","status":"publish","type":"page","link":"https:\/\/namlonghotels.com\/vi\/diem-tham-quan\/","title":{"rendered":"\u0110i\u1ec3m tham quan"},"content":{"rendered":"<p>\u0110\u00e1ng ng\u1ea1c nhi\u00ean l\u00e0 HOI \u0111\u00e3 t\u1ef1 bi\u1ebfn m\u00ecnh t\u1eeb nh\u1eefng t\u00e0n t\u00edch sau chi\u1ebfn tranh v\u00e0 \u0111\u1ed3ng c\u1ecf th\u00e0nh m\u1ed9t c\u1ed9ng \u0111\u1ed3ng th\u1ecbnh v\u01b0\u1ee3ng v\u00e0 r\u1ea5t d\u1ec5 \u0111i b\u1ed9 v\u1edbi l\u1ecbch s\u1eed v\u00e0 \u0111i\u1ec3m tham quan h\u1ea5p d\u1eabn ngay ngo\u00e0i ng\u01b0\u1ee1ng c\u1eeda c\u1ee7a ch\u00fang t\u00f4i. \u0110\u00f3 l\u00e0 m\u1ed9t th\u00e0nh ph\u1ed1 c\u1ee7a m\u1ed9t t\u00f2a th\u00e0nh c\u1ed5, m\u1ed9t ch\u1ee3 c\u00e1 v\u00e0 th\u1ef1c ph\u1ea9m t\u01b0\u01a1i nh\u1ed9n, c\u00f4ng vi\u00ean ven s\u00f4ng h\u1ea5p d\u1eabn, nh\u1eefng b\u00e3i bi\u1ec3n g\u1ea7n nh\u01b0 hoang v\u1eafng v\u00e0 c\u00e1c b\u00e3i bi\u1ec3n nh\u1ecf nh\u01b0 nh\u1eefng con \u0111\u01b0\u1eddng d\u00e2n c\u01b0 b\u00f3ng m\u1edd.<\/p>\n<p>Du kh\u00e1ch n\u00f3i v\u1edbi ch\u00fang t\u00f4i r\u1eb1ng \u0111\u00f3 kh\u00f4ng ch\u1ec9 l\u00e0 c\u00e1ch \u00edt t\u1ed1n k\u00e9m nh\u1ea5t \u0111\u1ec3 xem c\u00e1c hang \u0111\u1ed9ng (h\u1ecd l\u01b0u \u00fd r\u1eb1ng c\u00e1c tour du l\u1ecbch c\u00f3 gi\u00e1 th\u1ea5p h\u01a1n t\u1eeb dong hoi) m\u00e0 \u0111\u00f3 l\u00e0 n\u01a1i ho\u00e0n h\u1ea3o, gi\u1eefa Vi\u1ec7t Nam, ngh\u1ec9 ng\u01a1i trong v\u00e0i ng\u00e0y \u0111\u1ec3 th\u01b0 gi\u00e3n, kh\u00e1m ph\u00e1 Th\u00e0nh ph\u1ed1, \u0111\u01b0\u1ee3c \u0111\u1ecdc b\u1edfi C\u00f4ng vi\u00ean Riverwalk, \u0111i d\u1ea1o tr\u00ean c\u00e1c b\u00e3i bi\u1ec3n &#8230; v\u00e0 l\u00e0m m\u1edbi n\u0103ng l\u01b0\u1ee3ng du l\u1ecbch c\u1ee7a b\u1ea1n. N\u00f3i t\u00f3m l\u1ea1i, nhi\u1ec1u v\u1ecb kh\u00e1ch n\u00f3i v\u1edbi ch\u00fang t\u00f4i r\u1eb1ng h\u1ecd \u0111ang ho\u00e3n ng\u00e0y kh\u1edfi h\u00e0nh c\u1ee7a h\u1ecd.<\/p>\n<p>T\u1ea5t c\u1ea3 c\u00e1c cu\u1ed9c \u0111i b\u1ed9 th\u00e0nh ph\u1ed1 \u0111\u01b0\u1ee3c li\u1ec7t k\u00ea \u0111\u1ec1u t\u1ef1 h\u01b0\u1edbng d\u1eabn v\u00e0 mi\u1ec5n ph\u00ed. H\u1ea7u h\u1ebft l\u00e0 c\u00e1c tour \u0111i b\u1ed9 d\u1ec5 ch\u1ecbu t\u1eeb v\u00e0i ph\u00fat \u0111\u1ebfn m\u1ed9t ho\u1eb7c hai gi\u1edd. Th\u1eadm ch\u00ed nhi\u1ec1u h\u01a1n c\u00f3 th\u1ec3 truy c\u1eadp b\u1eb1ng xe \u0111\u1ea1p (c\u00f3 s\u1eb5n cho thu\u00ea khi\u00eam t\u1ed1n). T\u1ea5t nhi\u00ean m\u1ed9t cho thu\u00ea xe m\u00e1y m\u1edf r\u1ed9ng t\u1ea7m nh\u00ecn c\u1ee7a b\u1ea1n h\u01a1n n\u1eefa.<\/p>\n<p>\u1ed2 &#8230; c\u00f3 m\u1ed9t s\u1ed1 nh\u00e0 h\u00e0ng \u0111\u1eb7c s\u1ea3n r\u1ea5t t\u1ed1t \u1edf \u0111\u00e2y, ph\u01b0\u01a1ng T\u00e2y c\u0169ng nh\u01b0 ng\u01b0\u1eddi Vi\u1ec7t Nam. Ch\u1ec9 c\u1ea7n h\u1ecfi b\u00e0n l\u00e0m vi\u1ec7c. Th\u01b0\u1edfng th\u1ee9c!<\/p>\n<p>H\u00e3y ch\u1eafc ch\u1eafn cho ch\u00fang t\u00f4i bi\u1ebft n\u1ebfu c\u00f3 b\u1ea5t c\u1ee9 \u0111i\u1ec1u g\u00ec ch\u00fang t\u00f4i c\u00f3 th\u1ec3 l\u00e0m \u0111\u1ec3 l\u00e0m cho k\u1ef3 ngh\u1ec9 c\u1ee7a b\u1ea1n v\u1edbi ch\u00fang t\u00f4i th\u00fa v\u1ecb h\u01a1n.<\/p>\n","protected":false},"excerpt":{"rendered":"<p>\u0110\u00e1ng ng\u1ea1c nhi\u00ean l\u00e0 HOI \u0111\u00e3 t\u1ef1 bi\u1ebfn m\u00ecnh t\u1eeb nh\u1eefng t\u00e0n t\u00edch sau chi\u1ebfn tranh v\u00e0 \u0111\u1ed3ng c\u1ecf th\u00e0nh m\u1ed9t c\u1ed9ng \u0111\u1ed3ng th\u1ecbnh v\u01b0\u1ee3ng v\u00e0 r\u1ea5t d\u1ec5 \u0111i b\u1ed9 v\u1edbi l\u1ecbch s\u1eed v\u00e0 \u0111i\u1ec3m tham quan h\u1ea5p d\u1eabn ngay ngo\u00e0i ng\u01b0\u1ee1ng c\u1eeda c\u1ee7a ch\u00fang t\u00f4i. \u0110\u00f3 l\u00e0 m\u1ed9t th\u00e0nh ph\u1ed1 c\u1ee7a m\u1ed9t t\u00f2a th\u00e0nh [&hellip;]<\/p>\n","protected":false},"author":4,"featured_media":14054,"parent":0,"menu_order":0,"comment_status":"closed","ping_status":"closed","template":"","meta":{"footnotes":""},"class_list":["post-14053","page","type-page","status-publish","has-post-thumbnail","hentry"],"_links":{"self":[{"href":"https:\/\/namlonghotels.com\/vi\/wp-json\/wp\/v2\/pages\/14053","targetHints":{"allow":["GET"]}}],"collection":[{"href":"https:\/\/namlonghotels.com\/vi\/wp-json\/wp\/v2\/pages"}],"about":[{"href":"https:\/\/namlonghotels.com\/vi\/wp-json\/wp\/v2\/types\/page"}],"author":[{"embeddable":true,"href":"https:\/\/namlonghotels.com\/vi\/wp-json\/wp\/v2\/users\/4"}],"replies":[{"embeddable":true,"href":"https:\/\/namlonghotels.com\/vi\/wp-json\/wp\/v2\/comments?post=14053"}],"version-history":[{"count":0,"href":"https:\/\/namlonghotels.com\/vi\/wp-json\/wp\/v2\/pages\/14053\/revisions"}],"wp:featuredmedia":[{"embeddable":true,"href":"https:\/\/namlonghotels.com\/vi\/wp-json\/wp\/v2\/media\/14054"}],"wp:attachment":[{"href":"https:\/\/namlonghotels.com\/vi\/wp-json\/wp\/v2\/media?parent=14053"}],"curies":[{"name":"wp","href":"https:\/\/api.w.org\/{rel}","templated":true}]}}