{"id":14033,"date":"2023-07-08T18:24:49","date_gmt":"2023-07-08T11:24:49","guid":{"rendered":"https:\/\/alantigner.net\/city-walk-6-dong-hoi-lich-su\/"},"modified":"2023-07-11T17:07:20","modified_gmt":"2023-07-11T17:07:20","slug":"city-walk-6-dong-hoi-lich-su","status":"publish","type":"page","link":"https:\/\/namlonghotels.com\/vi\/city-walk-6-dong-hoi-lich-su\/","title":{"rendered":"City Walk #6 &#8211; Dong HOI L\u1ecbch s\u1eed"},"content":{"rendered":"<div class=\"wpb-content-wrapper\"><p>[vc_row][vc_column][vc_column_text]<\/p>\n<h3 style=\"text-align: center;\">City Walk #6 &#8211; Dong HOI L\u1ecbch s\u1eed<\/h3>\n<p>[\/vc_column_text][\/vc_column][\/vc_row][vc_row][vc_column width=&#8221;1\/2&#8243;][vc_column_text]<\/p>\n<h4 class=\"title-style3\">Contact Nam Long Hotels<\/h4>\n<ul class=\"contact_details_list\">\n<li class=\"phone_list\"><strong>Phone:<\/strong> 84 (0) 91 892 3595<\/li>\n<li class=\"fax_list\"><strong>Fax:<\/strong> 84 (0) 91 892 3595<\/li>\n<li class=\"email_list\"><strong>Email:<\/strong> <a href=\"mailto:reservations@namlonghotels.com\">reservations@namlonghotels.com<\/a><\/li>\n<li class=\"address_list\"><strong>Nam Long Hotel:<\/strong><br \/>\n22 Ho Xuan Huong, Dong Hoi, Vietnam<\/li>\n<li class=\"address_list\"><strong>Nam Long Plus Hotel:<\/strong><br \/>\n28A Phan Chu Trinh, Dong Hoi, Vietnam<\/li>\n<\/ul>\n<p>[\/vc_column_text][\/vc_column][vc_column width=&#8221;1\/2&#8243;][vc_column_text]Trong ph\u1ea7n l\u1edbn 2.000 n\u0103m qua, t\u1ec9nh Quang B\u00ecnh v\u00e0 th\u1ee7 \u0111\u00f4 c\u1ee7a n\u00f3, Dong Hoi, \u0111\u00e3 \u0111\u01b0\u1ee3c h\u01b0\u1edfng s\u1ef1 kh\u00e1c bi\u1ec7t \u0111\u00e1ng ng\u1edd l\u00e0 tr\u1edf th\u00e0nh Border Borderlands, v\u1edbi t\u1ea5t c\u1ea3 c\u00e1c cu\u1ed9c xung \u0111\u1ed9t v\u00e0 h\u1ed7n lo\u1ea1n li\u00ean quan.<\/p>\n<p>Trong kho\u1ea3ng 1.000 n\u0103m+, t\u1eeb kho\u1ea3ng m\u1ed9t th\u1ebf k\u1ef7 tr\u01b0\u1edbc khi Ch\u00faa Kit\u00f4 ra \u0111\u1eddi, t\u1ec9nh n\u00e0y th\u01b0\u1eddng \u0111\u00e1nh d\u1ea5u ranh gi\u1edbi ph\u00eda nam c\u1ee7a khu v\u1ef1c \u0111\u01b0\u1ee3c g\u1ecdi l\u00e0 Tonkin (Van Lang v\u00e0 sau \u0111\u00f3 l\u00e0 Dai Vi\u1ec7t, v\u1edbi ranh gi\u1edbi g\u1ea7n \u0111\u00fang c\u1ee7a B\u1eafc Vi\u1ec7t Nam tr\u01b0\u1edbc \u0111\u00e2y). Trong th\u1eddi gian n\u00e0y, v\u1edbi s\u1ef1 xen k\u1ebd ng\u1eafn g\u1ecdn v\u1ec1 s\u1ef1 \u0111\u1ed9c l\u1eadp, khu v\u1ef1c n\u00e0y k\u00e9o d\u00e0i v\u1ec1 ph\u00eda b\u1eafc t\u1eeb \u0111\u00e2y t\u1ea1i Quang B\u00ecnh \u0111\u00e3 \u0111\u01b0\u1ee3c Trung Qu\u1ed1c cai tr\u1ecb.<\/p>\n<p>Trong c\u00f9ng 1.000 n\u0103m \u0111\u00f3, tri\u1ec1u \u0111\u1ea1i Cham, c\u00f2n \u0111\u01b0\u1ee3c g\u1ecdi l\u00e0 Champa, \u0111\u00e3 cai tr\u1ecb khu v\u1ef1c ph\u00eda nam t\u1ec9nh n\u00e0y, v\u1edbi bi\u00ean gi\u1edbi g\u1ea7n gi\u1ed1ng v\u1edbi nh\u1eefng ng\u01b0\u1eddi \u1edf mi\u1ec1n Nam c\u0169 Delta sau \u0111\u00f3 l\u00e0 m\u1ed9t ph\u1ea7n c\u1ee7a Campuchia).<\/p>\n<p>Trong 500 n\u0103m ti\u1ebfp theo (kho\u1ea3ng 1000 \u0111\u1ebfn 1500A.D.), V\u1edbi s\u1ef1 \u0111\u1ed9c l\u1eadp c\u1ee7a Tonkin t\u1eeb Trung Qu\u1ed1c l\u00ean \u0111\u1ebfn \u0111\u1ec9nh \u0111i\u1ec3m v\u00e0 b\u1eaft \u0111\u1ea7u c\u1ea3 tr\u01b0\u1edbc v\u00e0 sau 939, l\u1ef1c l\u01b0\u1ee3ng Dai Vi\u1ec7t \u0111\u00e3 \u0111\u1ea9y v\u01b0\u01a1ng qu\u1ed1c Cham t\u1eeb t\u1eeb ph\u00eda nam c\u1ee7a Quang Binh, d\u1ea7n d\u1ea7n th\u00eam trung \u01b0\u01a1ng Vi\u1ec7t Nam ng\u00e0y nay \u0111\u1ebfn v\u00f9ng qu\u00ea, \u0111\u1ea5t n\u01b0\u1edbc. Champa \u0111\u00e3 xu\u1ed1ng h\u1ea1ng \u0111\u1ebfn c\u00e1c khu v\u1ef1c nh\u1ecf h\u01a1n bao gi\u1edd h\u1ebft cho \u0111\u1ebfn khi ch\u00fang b\u1ecb chinh ph\u1ee5c ho\u00e0n to\u00e0n v\u00e0o n\u0103m 1832. Dai Vi\u1ec7t \u0111\u00e3 \u0111\u1ea9y xa h\u01a1n v\u1ec1 ph\u00eda nam, di chuy\u1ec3n v\u00e0o khu v\u1ef1c xung quanh th\u00e0nh ph\u1ed1 H\u1ed3 Ch\u00ed Minh v\u00e0 \u0111\u1ed3ng b\u1eb1ng M\u00ea K\u00f4ng v\u00e0o nh\u1eefng n\u0103m 1600, t\u00e1ch n\u00f3 ra kh\u1ecfi Campuchia v\u00e0o n\u0103m 1802 Khi Ho\u00e0ng \u0111\u1ebf GIA t\u1eeb l\u00e2u \u0111\u00e3 thi\u1ebft l\u1eadp c\u00e1c bi\u00ean gi\u1edbi m\u00e0 ng\u00e0y nay ch\u00fang ta g\u1ecdi l\u00e0 Vi\u1ec7t Nam.<\/p>\n<p>Trong khi \u0111\u00f3, t\u1eeb n\u0103m 1558 \u0111\u1ebfn 1775, Quang B\u00ecnh \u0111\u00e3 tr\u1edf th\u00e0nh m\u1ed9t v\u00f9ng \u0111\u1ea5t bi\u00ean gi\u1edbi m\u1ed9t l\u1ea7n n\u1eefa, l\u1ea7n n\u00e0y, trong h\u01a1n hai th\u1ebf k\u1ef7, gi\u1eefa hai tri\u1ec1u \u0111\u1ea1i Vi\u1ec7t Nam c\u1ea1nh tranh: tri\u1ec1u \u0111\u1ea1i Nguy\u1ec5n \u1edf ph\u00eda nam v\u00e0 tri\u1ec1u \u0111\u1ea1i Trinh \u1edf ph\u00eda b\u1eafc. V\u00e0o n\u0103m 1650, ch\u1eb3ng h\u1ea1n, Trinh \u0111\u00e3 cai tr\u1ecb B\u1eafc Vi\u1ec7t Nam trong khi Nguy\u1ec5n cai tr\u1ecb mi\u1ec1n Nam, t\u1eeb \u0111\u00e2y \u0111\u1ebfn ph\u00eda nam NHA Trang. Bi\u00ean gi\u1edbi? Ch\u00ednh th\u1ee9c l\u00e0 s\u00f4ng Giang m\u1ed9t ch\u00fat v\u1ec1 ph\u00eda b\u1eafc c\u1ee7a Dong Hoi. B\u1ee9c t\u01b0\u1eddng v\u0129 \u0111\u1ea1i c\u1ee7a Vi\u1ec7t Nam Vi\u1ec7t Nam \u0111\u1ee9ng nh\u01b0 m\u1ed9t r\u00e0o c\u1ea3n kh\u1ed5ng l\u1ed3 gi\u1eefa hai \u0111\u1ed1i th\u1ee7 Vi\u1ec7t Nam n\u00e0y. B\u1ee9c t\u01b0\u1eddng v\u0129 \u0111\u1ea1i b\u1eb1ng \u0111\u1ea5t n\u00e0y \u0111\u00e3 m\u1ed9t l\u1ea7n tr\u1ea3i d\u00e0i t\u1eeb d\u00e3y n\u00fai Son Truong \u0111\u1ebfn c\u1eeda s\u00f4ng Dong Hoi Nhat Le, b\u1ea3o v\u1ec7 Nguy\u1ec5n kh\u1ecfi Trinh. Nh\u1eefng ph\u1ea7n c\u00f2n l\u1ea1i c\u1ee7a b\u1ee9c t\u01b0\u1eddng l\u1edbn c\u1ee7a ng\u01b0\u1eddi Viking ng\u00e0y h\u00f4m nay. Nh\u01b0ng b\u1ea1n v\u1eabn c\u00f3 th\u1ec3 nh\u00ecn th\u1ea5y m\u1ed9t t\u00e0n d\u01b0 t\u1eeb c\u00e1c kh\u00e1ch s\u1ea1n, \u0111i b\u1ed9 v\u1ec1 ph\u00eda b\u1eafc kho\u1ea3ng 10 ph\u00fat d\u1ecdc theo d\u00f2ng s\u00f4ng khi n\u00f3 \u0111\u1ed5 v\u00e0o V\u1ecbnh. Nh\u00ecn l\u00ean v\u00e0 r\u1eddi kh\u1ecfi ng\u1ecdn h\u1ea3i \u0111\u0103ng. N\u00f3 n\u1eb1m tr\u00ean m\u1ed9t khu v\u1ef1c l\u00e2n c\u1eadn tr\u00ean \u0111\u1ea5t, m\u1ed9t trong s\u1ed1 \u00edt nh\u1eefng l\u1eddi nh\u1eafc nh\u1edf v\u1ec1 b\u1ee9c t\u01b0\u1eddng v\u0129 \u0111\u1ea1i m\u1ed9t th\u1eddi.<\/p>\n<p>Th\u00e0nh ph\u1ed1 th\u00e0nh ph\u1ed1, v\u1edbi C\u1ed5ng Quang B\u00ecnh g\u1ea7n \u0111\u00f3 (\u0111\u01b0\u1ee3c x\u00e2y d\u1ef1ng v\u00e0o n\u0103m 1630 v\u00e0 \u0111\u01b0\u1ee3c n\u00e2ng c\u1ea5p v\u00e0o nh\u1eefng n\u0103m 1800) c\u0169ng h\u00ecnh th\u00e0nh m\u1ed9t ph\u1ea7n c\u1ee7a c\u00e1c c\u00f4ng s\u1ef1 tri\u1ec1u \u0111\u1ea1i Nguy\u1ec5n, nh\u01b0 th\u1eb3ng th\u1eafn, \u0111\u00e3 l\u00e0m to\u00e0n b\u1ed9 th\u00e0nh ph\u1ed1 c\u1ee7a Dong Hoi. Th\u00e0nh c\u1ed5 v\u1edbi con h\u00e0o xung quanh \u0111\u00e3 \u0111\u01b0\u1ee3c n\u00e2ng c\u1ea5p l\u00ean g\u1ea1ch b\u1eaft \u0111\u1ea7u t\u1eeb n\u0103m 1812. M\u1ed9t con \u0111\u01b0\u1eddng g\u1ea1ch d\u1ec5 ch\u1ecbu \u0111\u01b0\u1ee3c x\u00e2y d\u1ef1ng g\u1ea7n \u0111\u00e2y, c\u00f3 th\u1ec3 \u0111i b\u1ed9 v\u00e0 \u0111i xe \u0111\u1ea1p, bao quanh ph\u00e1o \u0111\u00e0i b\u1ea3o v\u1ec7 c\u1ed5 x\u01b0a n\u00e0y.<\/p>\n<p>B\u00ean trong t\u00f2a th\u00e0nh, \u1edf ph\u00eda \u0111\u00f4ng c\u1ee7a RT 1A, n\u1eb1m \u1edf b\u1ea3o t\u00e0ng th\u00e0nh ph\u1ed1. N\u1ed9i th\u1ea5t v\u1eabn ch\u01b0a \u0111\u1ea1t \u0111\u01b0\u1ee3c \u0111\u1ecbnh m\u1ec7nh d\u1ef1 \u0111\u1ecbnh c\u1ee7a m\u00ecnh, nh\u01b0ng hai t\u00e0n d\u01b0 c\u1ee7a Vi\u1ec7t Nam, cu\u1ed9c chi\u1ebfn g\u1ea7n \u0111\u00e2y th\u1ee9 hai ng\u1ed3i \u0111\u1ed1i di\u1ec7n v\u1edbi nhau \u1edf hai b\u00ean c\u1ee7a b\u1ea3o t\u00e0ng: M\u1ed9t m\u00e1y bay ph\u1ea3n l\u1ef1c MIG 17 c\u1ee7a Li\u00ean X\u00f4 v\u00e0 m\u1ed9t m\u00e1y bay chi\u1ebfn \u0111\u1ea5u A-1 Prop c\u1ee7a M\u1ef9. .<\/p>\n<p>M\u1ed9t t\u00e0n d\u01b0 kh\u00e1c c\u1ee7a Chi\u1ebfn tranh Vi\u1ec7t Nam\/M\u1ef9 l\u00e0 t\u00e0n t\u00edch c\u1ee7a Nh\u00e0 th\u1edd Tam Toa d\u1ecdc theo s\u00f4ng Nhat Le, \u0111\u01b0\u1ee3c bao quanh b\u1edfi m\u1ed9t h\u00e0ng r\u00e0o trong C\u00f4ng vi\u00ean Riverwalk. \u0110\u01b0\u1eddng m\u00f2n H\u1ed3 Ch\u00ed Minh \u1edf t\u1ec9nh Quang B\u00ecnh, n\u01a1i cung c\u1ea5p tuy\u1ebfn \u0111\u01b0\u1eddng cung c\u1ea5p quan tr\u1ecdng cho t\u00e0i s\u1ea3n chi\u1ebfn tranh v\u00e0 qu\u00e2n \u0111\u1ed9i t\u1eeb ph\u00eda b\u1eafc v\u00e0o ph\u00eda nam, \u0111\u00e3 b\u1ecb \u0111\u00e1nh bom r\u1ea5t nhi\u1ec1u trong chi\u1ebfn tranh. Dong HOI b\u1ecb c\u1ea3 l\u1ef1c l\u01b0\u1ee3ng kh\u00f4ng qu\u00e2n Nam Vi\u1ec7t Nam t\u1ea5n c\u00f4ng c\u0169ng nh\u01b0 c\u1ee7a H\u1ea3i qu\u00e2n Hoa K\u1ef3 v\u00e0 Kh\u00f4ng qu\u00e2n Hoa K\u1ef3, nh\u01b0 nh\u1eefng t\u00e0n t\u00edch ch\u1ee9ng th\u1ef1c. M\u1ed9t \u0111i\u1ec3m \u0111\u00e1nh d\u1ea5u \u1edf ph\u00eda sau nh\u00e0 th\u1edd g\u1ea7n s\u00f4ng k\u1ef7 ni\u1ec7m, b\u1eb1ng ti\u1ebfng Vi\u1ec7t Nam, \u0111i\u1ec3m h\u1ea1 c\u00e1nh n\u00e0y cho t\u00e0i s\u1ea3n chi\u1ebfn tranh \u0111\u1ebfn b\u1eb1ng thuy\u1ec1n t\u1eeb bi\u1ec3n \u0111\u1ec3 b\u1ecb t\u1eaft b\u00ean c\u1ea1nh nh\u00e0 th\u1edd tr\u01b0\u1edbc khi n\u00f3 ti\u1ebfp t\u1ee5c tr\u00ean \u0111\u01b0\u1eddng \u0111\u1ebfn chi\u1ebfn tranh \u1edf ph\u00eda nam.<\/p>\n<p>\u0110i b\u1ed9 v\u1ec1 ph\u00eda nam, ng\u01b0\u1ee3c d\u00f2ng v\u1ec1 ph\u00eda ch\u1ee3 c\u00f4ng c\u1ed9ng, b\u1ea1n \u0111\u1ebfn n\u01a1i b\u00ea t\u00f4ng kh\u1ed5ng l\u1ed3, t\u00f4i l\u00e0 ng\u01b0\u1eddi \u0111i\u00eau kh\u1eafc \u0103n m\u1eebng n\u1eef phi c\u00f4ng ph\u00e0, ng\u01b0\u1eddi \u0111\u00e3 b\u1ea5t ch\u1ea5p n\u00e9m bom d\u1eef d\u1ed9i khi c\u00f4 ti\u1ebfp t\u1ee5c \u0111\u01b0a qu\u00e2n \u0111\u1ed9i v\u00e0 chi\u1ebfn tranh qua s\u00f4ng NHat le ph\u00eda nam Dong Hoi. Cu\u1ed1i c\u00f9ng, c\u00f4 tr\u1edf th\u00e0nh n\u1ea1n nh\u00e2n chi\u1ebfn tranh.<\/p>\n<p>N\u1ebfu b\u1ea1n c\u00f3 c\u01a1 h\u1ed9i \u0111i du l\u1ecbch \u1edf v\u00f9ng n\u00f4ng th\u00f4n b\u1eb1ng xe m\u00e1y, taxi ho\u1eb7c t\u00e0u h\u1ecfa, m\u1ed9t con m\u1eaft quan s\u00e1t v\u1eabn s\u1ebd ch\u1ecdn ra c\u00e1c mi\u1ec7ng n\u00fai l\u1eeda t\u1eeb cu\u1ed9c chi\u1ebfn \u0111\u00f3, m\u1ed9t s\u1ed1 ng\u01b0\u1eddi hi\u1ec7n \u0111\u01b0\u1ee3c s\u1eed d\u1ee5ng l\u00e0m ao c\u00e1 ho\u1eb7c nh\u00e0 m\u00e1y nh\u1ecf. H\u1ea7u h\u1ebft \u0111\u1ec1u \u0111\u1ee9ng nh\u01b0 nh\u1eefng l\u1eddi nh\u1eafc nh\u1edf c\u00e2m v\u1ec1 s\u1ef1 ca ng\u1ee3i tai h\u1ecda \u0111\u00e3 xu\u1ea5t hi\u1ec7n tr\u00ean t\u1ec9nh Border Borderland n\u00e0y \u1edf ph\u00eda b\u1eafc c\u1ee7a khu v\u1ef1c \u0111\u01b0\u1ee3c g\u1ecdi l\u00e0 khu v\u1ef1c phi qu\u00e2n s\u1ef1 (DMZ), m\u1ed9t b\u1ed9 \u0111\u1ec7m t\u1ea1m th\u1eddi r\u1ed9ng 5km Hi\u1ec7p \u0111\u1ecbnh Geneva n\u0103m 1954 \u0111\u00e3 ch\u1ea5m d\u1ee9t vai tr\u00f2 th\u1ef1c d\u00e2n Ph\u00e1p \u1edf \u0110\u00f4ng Nam \u00c1. M\u1ed9t l\u1ea7n n\u1eefa, Quang B\u00ecnh \u0111\u00e3 tr\u1edf th\u00e0nh Border Borderlands, l\u1ea7n n\u00e0y l\u00e0 ph\u1ea7n d\u01b0\u1edbi c\u1ee7a ph\u1ec5u h\u1eadu c\u1ea7n cho d\u00f2ng cung c\u1ea5p chi\u1ebfn tranh ph\u00eda b\u1eafc v\u00e0 qu\u00e2n \u0111\u1ed9i v\u00e0o mi\u1ec1n Nam. N\u00f3 thu h\u00fat c\u00e1c cu\u1ed9c t\u1ea5n c\u00f4ng n\u00e9m bom \u0111\u1ed9t ph\u00e1 v\u00e0o c\u00e1c xe t\u1ea3i B\u1eafc Vi\u1ec7t v\u00e0 m\u1ea1ng H\u1ed3 Ch\u00ed Minh. N\u00f3 \u0111\u01b0\u1ee3c m\u1ed9t s\u1ed1 ng\u01b0\u1eddi coi l\u00e0 m\u1ea3nh b\u1ea5t \u0111\u1ed9ng s\u1ea3n b\u1ecb \u0111\u00e1nh bom m\u1ea1nh m\u1ebd nh\u1ea5t trong l\u1ecbch s\u1eed.<\/p>\n<p>N\u1ebfu b\u1ea1n \u0111ang \u0111i du l\u1ecbch v\u1ec1 ph\u00eda nam, b\u1ea1n c\u00f3 th\u1ec3 tham quan l\u1ecbch s\u1eed #1 tr\u00ean \u0111\u01b0\u1eddng \u0111\u1ebfn Hu\u1ebf. N\u00f3 d\u1eebng l\u1ea1i \u0111\u1ec3 \u0111\u1ebfn th\u0103m c\u00e1c \u0111\u01b0\u1eddng h\u1ea7m ng\u1ea7m c\u00f4ng phu c\u1ee7a Vinh Muoc, m\u1ed9t ng\u00f4i l\u00e0ng b\u00ean trong DMZ \u0111\u00e3 ch\u1ecdn \u0111i xu\u1ed1ng thay v\u00ec b\u1ecf tr\u1ed1ng trong Chi\u1ebfn tranh M\u1ef9-Vi\u1ec7t Nam. Nh\u1eefng c\u00e1nh \u0111\u1ed3ng ng\u1ecdc l\u1ee5c b\u1ea3o m\u00e0u m\u1ee1 v\u1eaby trong l\u00e0n gi\u00f3 che gi\u1ea5u m\u1eb7t tr\u0103ng c\u1ee7a n\u1eeda th\u1ebf k\u1ef7 tr\u01b0\u1edbc khi ph\u00e1o v\u00e0 bom c\u1ed1 g\u1eafng ng\u0103n ch\u1eb7n d\u00f2ng ch\u1ea3y. M\u1ea1ng l\u01b0\u1edbi v\u00e0o trung t\u00ednh c\u1ee7a ng\u01b0\u1eddi H\u1ed3i gi\u00e1o, t\u1eeb \u0111\u00f3 n\u00f3 \u0111\u01b0\u1ee3c \u0111\u01b0a v\u00e0o bi\u00ean gi\u1edbi ph\u00eda t\u00e2y c\u1ee7a mi\u1ec1n nam Vi\u1ec7t Nam v\u00e0 qua Campuchia.<\/p>\n<p>Ng\u00e0y nay, trong m\u1ed9t v\u00e0i l\u1ea7n trong l\u1ecbch s\u1eed c\u1ee7a n\u00f3, Quang B\u00ecnh v\u00e0 Dong HOI kh\u00f4ng c\u00f2n ho\u1ea1t \u0111\u1ed9ng, Border Borderlands, m\u1eb7c d\u00f9 v\u1ec1 m\u1eb7t l\u1ecbch s\u1eed, v\u0103n h\u00f3a, ng\u00f4n ng\u1eef v\u00e0 kinh t\u1ebf, hai thi\u00ean ni\u00ean k\u1ef7 r\u1ea5t kh\u00f3 \u0111\u1ec3 x\u00f3a.<\/p>\n<p>Ngu\u1ed3n: Wikipedia[\/vc_column_text][\/vc_column][\/vc_row][vc_row][vc_column][vc_single_image image=&#8221;13913&#8243; img_size=&#8221;1024&#215;768&#8243; alignment=&#8221;center&#8221;][\/vc_column][\/vc_row]<\/p>\n<\/div>","protected":false},"excerpt":{"rendered":"<p>[vc_row][vc_column][vc_column_text] City Walk #6 &#8211; Dong HOI L\u1ecbch s\u1eed [\/vc_column_text][\/vc_column][\/vc_row][vc_row][vc_column width=&#8221;1\/2&#8243;][vc_column_text] Contact Nam Long Hotels Phone: 84 (0) 91 892 3595 Fax: 84 (0) 91 892 3595 Email: reservations@namlonghotels.com Nam Long Hotel: 22 Ho Xuan Huong, Dong Hoi, Vietnam Nam Long Plus Hotel: 28A Phan Chu Trinh, Dong Hoi, Vietnam [\/vc_column_text][\/vc_column][vc_column width=&#8221;1\/2&#8243;][vc_column_text]Trong ph\u1ea7n l\u1edbn 2.000 [&hellip;]<\/p>\n","protected":false},"author":4,"featured_media":0,"parent":0,"menu_order":0,"comment_status":"closed","ping_status":"closed","template":"template-blank.php","meta":{"footnotes":""},"class_list":["post-14033","page","type-page","status-publish","has-post-thumbnail","hentry"],"_links":{"self":[{"href":"https:\/\/namlonghotels.com\/vi\/wp-json\/wp\/v2\/pages\/14033","targetHints":{"allow":["GET"]}}],"collection":[{"href":"https:\/\/namlonghotels.com\/vi\/wp-json\/wp\/v2\/pages"}],"about":[{"href":"https:\/\/namlonghotels.com\/vi\/wp-json\/wp\/v2\/types\/page"}],"author":[{"embeddable":true,"href":"https:\/\/namlonghotels.com\/vi\/wp-json\/wp\/v2\/users\/4"}],"replies":[{"embeddable":true,"href":"https:\/\/namlonghotels.com\/vi\/wp-json\/wp\/v2\/comments?post=14033"}],"version-history":[{"count":12,"href":"https:\/\/namlonghotels.com\/vi\/wp-json\/wp\/v2\/pages\/14033\/revisions"}],"predecessor-version":[{"id":14254,"href":"https:\/\/namlonghotels.com\/vi\/wp-json\/wp\/v2\/pages\/14033\/revisions\/14254"}],"wp:attachment":[{"href":"https:\/\/namlonghotels.com\/vi\/wp-json\/wp\/v2\/media?parent=14033"}],"curies":[{"name":"wp","href":"https:\/\/api.w.org\/{rel}","templated":true}]}}