{"id":14032,"date":"2023-07-08T18:23:18","date_gmt":"2023-07-08T18:23:18","guid":{"rendered":"https:\/\/alantigner.net\/motorbike-59-5000-translation-results-translation-result-city-walk-5-nhat-le-beach-sand-dunes-xe-dap-hoac-xe-may\/"},"modified":"2023-07-11T17:05:36","modified_gmt":"2023-07-11T17:05:36","slug":"motorbike-59-5000-translation-results-translation-result-city-walk-5-nhat-le-beach-sand-dunes-xe-dap-hoac-xe-may","status":"publish","type":"page","link":"https:\/\/namlonghotels.com\/vi\/motorbike-59-5000-translation-results-translation-result-city-walk-5-nhat-le-beach-sand-dunes-xe-dap-hoac-xe-may\/","title":{"rendered":"City Walk #5 &#8211; NHat Le Beach Sand Dunes &#8211; xe \u0111\u1ea1p ho\u1eb7c xe m\u00e1y"},"content":{"rendered":"<div class=\"wpb-content-wrapper\"><p>[vc_row][vc_column][vc_column_text]<\/p>\n<h3 style=\"text-align: center;\">City Walk #5 &#8211; NHat Le Beach Sand Dunes &#8211; xe \u0111\u1ea1p ho\u1eb7c xe m\u00e1y<\/h3>\n<p>[\/vc_column_text][\/vc_column][\/vc_row][vc_row][vc_column width=&#8221;1\/2&#8243;][vc_column_text]<\/p>\n<h4 class=\"title-style3\">Contact Nam Long Hotels<\/h4>\n<ul class=\"contact_details_list\">\n<li class=\"phone_list\"><strong>Phone:<\/strong> 84 (0) 91 892 3595<\/li>\n<li class=\"fax_list\"><strong>Fax:<\/strong> 84 (0) 91 892 3595<\/li>\n<li class=\"email_list\"><strong>Email:<\/strong> <a href=\"mailto:reservations@namlonghotels.com\">reservations@namlonghotels.com<\/a><\/li>\n<li class=\"address_list\"><strong>Nam Long Hotel:<\/strong><br \/>\n22 Ho Xuan Huong, Dong Hoi, Vietnam<\/li>\n<li class=\"address_list\"><strong>Nam Long Plus Hotel:<\/strong><br \/>\n28A Phan Chu Trinh, Dong Hoi, Vietnam<\/li>\n<\/ul>\n<p>[\/vc_column_text][\/vc_column][vc_column width=&#8221;1\/2&#8243;][vc_column_text]Thu\u00ea m\u1ed9t chi\u1ebfc xe \u0111\u1ea1p ho\u1eb7c xe m\u00e1y (ho\u1eb7c ch\u1ea1y b\u1ed9) b\u00ean tr\u00e1i (ph\u00eda b\u1eafc) kho\u1ea3ng 5IM d\u1ecdc theo con \u0111\u01b0\u1eddng ven s\u00f4ng theo b\u00e3i bi\u1ec3n NHAT le. Nh\u1eefng c\u1ed3n c\u00e1t tuy\u1ec7t v\u1eddi, \u0111\u01b0\u1ee3c cho l\u00e0 cao nh\u1ea5t \u1edf \u0110\u00f4ng Nam \u00c1, \u0111\u1ee9ng v\u1ec1 ph\u00eda b\u00ean tr\u00e1i c\u1ee7a b\u1ea1n. \u0110i tr\u01b0\u1edbc v\u00e0 kh\u00e1m ph\u00e1 nh\u1eefng m\u1eabu \u0111\u1ea5t v\u00e0 m\u1eabu \u0111\u1ea5t c\u00e1t l\u0103n n\u00e0y khi b\u1ea1n \u0111\u01b0\u1ee3c v\u1eadn chuy\u1ec3n \u0111\u1ed9t ng\u1ed9t \u0111\u1ebfn gi\u1eefa Sahara! \u0110\u1ee9ng tr\u00ean nh\u1eefng c\u1ed3n c\u00e1t cao nh\u1ea5t v\u00e0 \u00e1nh m\u1eaft tr\u00ean b\u00e3i bi\u1ec3n ra bi\u1ec3n v\u00f4 t\u1eadn. Xung quanh b\u1ea1n-\u1edf ph\u00eda b\u1eafc, ph\u00eda nam v\u00e0 ph\u00eda t\u00e2y l\u00e0 m\u1ed9t d\u00e3y c\u00e1t mini c\u1ee7a c\u00e1t tan, \u0111\u01b0\u1ee3c nh\u1ea5n m\u1ea1nh b\u1eb1ng bi\u1ec3n xanh \u1edf ph\u00eda \u0111\u00f4ng. M\u1ed9t tr\u1ea3i nghi\u1ec7m kh\u00f3 qu\u00ean! (G\u1eedi \u1ea3nh m\u1ed9t b\u1ee9c \u1ea3nh cho b\u1ea1n b\u00e8 c\u1ee7a b\u1ea1n t\u1eeb &#8220;Deep in the Jungles of Vi\u1ec7t Nam!&#8221; ;-)[\/vc_column_text][\/vc_column][\/vc_row][vc_row][vc_column][vc_single_image image=&#8221;13913&#8243; img_size=&#8221;1024&#215;768&#8243; alignment=&#8221;center&#8221;][\/vc_column][\/vc_row]<\/p>\n<\/div>","protected":false},"excerpt":{"rendered":"<p>[vc_row][vc_column][vc_column_text] City Walk #5 &#8211; NHat Le Beach Sand Dunes &#8211; xe \u0111\u1ea1p ho\u1eb7c xe m\u00e1y [\/vc_column_text][\/vc_column][\/vc_row][vc_row][vc_column width=&#8221;1\/2&#8243;][vc_column_text] Contact Nam Long Hotels Phone: 84 (0) 91 892 3595 Fax: 84 (0) 91 892 3595 Email: reservations@namlonghotels.com Nam Long Hotel: 22 Ho Xuan Huong, Dong Hoi, Vietnam Nam Long Plus Hotel: 28A Phan Chu Trinh, Dong [&hellip;]<\/p>\n","protected":false},"author":4,"featured_media":0,"parent":0,"menu_order":0,"comment_status":"closed","ping_status":"closed","template":"template-blank.php","meta":{"footnotes":""},"class_list":["post-14032","page","type-page","status-publish","has-post-thumbnail","hentry"],"_links":{"self":[{"href":"https:\/\/namlonghotels.com\/vi\/wp-json\/wp\/v2\/pages\/14032","targetHints":{"allow":["GET"]}}],"collection":[{"href":"https:\/\/namlonghotels.com\/vi\/wp-json\/wp\/v2\/pages"}],"about":[{"href":"https:\/\/namlonghotels.com\/vi\/wp-json\/wp\/v2\/types\/page"}],"author":[{"embeddable":true,"href":"https:\/\/namlonghotels.com\/vi\/wp-json\/wp\/v2\/users\/4"}],"replies":[{"embeddable":true,"href":"https:\/\/namlonghotels.com\/vi\/wp-json\/wp\/v2\/comments?post=14032"}],"version-history":[{"count":11,"href":"https:\/\/namlonghotels.com\/vi\/wp-json\/wp\/v2\/pages\/14032\/revisions"}],"predecessor-version":[{"id":14261,"href":"https:\/\/namlonghotels.com\/vi\/wp-json\/wp\/v2\/pages\/14032\/revisions\/14261"}],"wp:attachment":[{"href":"https:\/\/namlonghotels.com\/vi\/wp-json\/wp\/v2\/media?parent=14032"}],"curies":[{"name":"wp","href":"https:\/\/api.w.org\/{rel}","templated":true}]}}