{"id":14031,"date":"2023-07-08T18:21:56","date_gmt":"2023-07-08T11:21:56","guid":{"rendered":"https:\/\/alantigner.net\/city-walk-4-nhat-le-beach-orange\/"},"modified":"2023-10-28T22:05:43","modified_gmt":"2023-10-28T15:05:43","slug":"city-walk-4-nhat-le-beach-orange","status":"publish","type":"page","link":"https:\/\/namlonghotels.com\/vi\/city-walk-4-nhat-le-beach-orange\/","title":{"rendered":"City Walk #4 &#8211; NHat Le Beach (Orange)"},"content":{"rendered":"<div class=\"wpb-content-wrapper\"><p>[vc_row][vc_column][vc_column_text]<\/p>\n<h3 style=\"text-align: center;\"><strong>City Walk #4 &#8211; NHat Le Beach (Orange)<\/strong><\/h3>\n<p>[\/vc_column_text][\/vc_column][\/vc_row][vc_row][vc_column width=&#8221;1\/2&#8243;][vc_column_text]<\/p>\n<h4 class=\"title-style3\">Contact Nam Long Hotels<\/h4>\n<ul class=\"contact_details_list\">\n<li class=\"phone_list\"><strong>Phone:<\/strong> 84 (0) 91 892 3595<\/li>\n<li class=\"fax_list\"><strong>Fax:<\/strong> 84 (0) 91 892 3595<\/li>\n<li class=\"email_list\"><strong>Email:<\/strong> <a href=\"mailto:reservations@namlonghotels.com\">reservations@namlonghotels.com<\/a><\/li>\n<li class=\"address_list\"><strong>Nam Long Hotel:<\/strong><br \/>\n22 Ho Xuan Huong, Dong Hoi, Vietnam<\/li>\n<li class=\"address_list\"><strong>Nam Long Plus Hotel:<\/strong><br \/>\n28A Phan Chu Trinh, Dong Hoi, Vietnam<\/li>\n<\/ul>\n<p>[\/vc_column_text][\/vc_column][vc_column width=&#8221;1\/2&#8243;][vc_column_text]<span class=\"HwtZe\" lang=\"vi\"><span class=\"jCAhz ChMk0b\"><span class=\"ryNqvb\">Ngay b\u00ean ngo\u00e0i c\u1eeda c\u1ee7a kh\u00e1ch s\u1ea1n Nam Long, r\u1ebd tr\u00e1i khi b\u1ea1n \u0111\u1ebfn C\u00f4ng vi\u00ean River v\u00e0 Riverwalk.<\/span><\/span> <span class=\"jCAhz ChMk0b\"><span class=\"ryNqvb\">Ngay sau khi b\u0103ng qua k\u00eanh, con \u0111\u01b0\u1eddng ven s\u00f4ng s\u1ebd \u0111\u01b0a b\u1ea1n \u0111\u1ebfn mi\u1ec7ng s\u00f4ng khi n\u00f3 ch\u1ea3y v\u00e0o V\u1ecbnh Tonkin.<\/span><\/span> <span class=\"jCAhz ChMk0b\"><span class=\"ryNqvb\">Riverbank s\u1edbm tr\u1edf th\u00e0nh m\u1ed9t b\u00e3i bi\u1ec3n r\u1ea5t c\u00f3 th\u1ec3 \u0111i b\u1ed9, n\u1ed5i ti\u1ebfng v\u1edbi &#8220;h\u00e0ng tr\u0103m ng\u01b0\u1eddi ngay l\u1eadp t\u1ee9c&#8221; m\u1ecdc l\u00ean v\u00e0o bu\u1ed5i t\u1ed1i d\u1ec5 ch\u1ecbu.<\/span><\/span> <span class=\"jCAhz ChMk0b\"><span class=\"ryNqvb\">Nh\u1eefng chi\u1ebfc gh\u1ebf nh\u1ef1a nh\u1ecf m\u00e0u \u0111\u1ecf m\u1ecdc l\u00ean t\u1eeb ph\u00eda sau xe m\u00e1y khi kh\u00e1ch th\u01b0\u1edfng th\u1ee9c h\u1ea3i s\u1ea3n m\u1edbi b\u1eaft \u0111\u01b0\u1ee3c tr\u00ean b\u00e3i bi\u1ec3n.<\/span><\/span> <span class=\"jCAhz ChMk0b\"><span class=\"ryNqvb\">Th\u00edch m\u1ed9t nh\u00e0 h\u00e0ng &#8220;v\u0129nh vi\u1ec5n&#8221; h\u01a1n (v\u00e0 m\u1ed9t ch\u00fat \u0111\u1eaft ti\u1ec1n h\u01a1n)?<\/span><\/span> <span class=\"jCAhz ChMk0b\"><span class=\"ryNqvb\">Ti\u1ebfp t\u1ee5c \u0111i b\u1ed9 th\u00eam m\u01b0\u1eddi ph\u00fat n\u1eefa v\u00e0 b\u1ea1n s\u1ebd t\u00ecm th\u1ea5y m\u1ed9t h\u00e0ng d\u00e0i c\u00e1c nh\u00e0 h\u00e0ng b\u00ean b\u1edd bi\u1ec3n tr\u00ean b\u00e3i bi\u1ec3n.<\/span><\/span> <span class=\"jCAhz ChMk0b\"><span class=\"ryNqvb\">V\u00e0o ban ng\u00e0y, \u0111i\u1ec1u n\u00e0y l\u00e0m cho nh\u1eefng chuy\u1ebfn \u0111i tr\u00ean b\u00e3i bi\u1ec3n tuy\u1ec7t v\u1eddi ho\u1eb7c b\u01a1i trong bu\u1ed5i l\u01b0\u1edbt s\u00f3ng nh\u1eb9 nh\u00e0ng.<\/span><\/span> <span class=\"jCAhz ChMk0b\"><span class=\"ryNqvb\">T\u1ea3i xu\u1ed1ng m\u1ed9t b\u1ea3n in c\u1ee7a b\u1ea3n \u0111\u1ed3 tour t\u1ea1i <a href=\"https:\/\/namlonghotels.com\/wp-content\/uploads\/2023\/10\/citywalktourmap.pdf\">\u0111\u00e2y<\/a>.<\/span><\/span><\/span>[\/vc_column_text][\/vc_column][\/vc_row][vc_row][vc_column][vc_single_image image=&#8221;13913&#8243; img_size=&#8221;1024&#215;768&#8243; alignment=&#8221;center&#8221;][\/vc_column][\/vc_row][vc_row][vc_column][vc_column_text][\/vc_column_text][\/vc_column][\/vc_row]<\/p>\n<\/div>","protected":false},"excerpt":{"rendered":"<p>[vc_row][vc_column][vc_column_text] City Walk #4 &#8211; NHat Le Beach (Orange) [\/vc_column_text][\/vc_column][\/vc_row][vc_row][vc_column width=&#8221;1\/2&#8243;][vc_column_text] Contact Nam Long Hotels Phone: 84 (0) 91 892 3595 Fax: 84 (0) 91 892 3595 Email: reservations@namlonghotels.com Nam Long Hotel: 22 Ho Xuan Huong, Dong Hoi, Vietnam Nam Long Plus Hotel: 28A Phan Chu Trinh, Dong Hoi, Vietnam [\/vc_column_text][\/vc_column][vc_column width=&#8221;1\/2&#8243;][vc_column_text]Ngay b\u00ean ngo\u00e0i c\u1eeda [&hellip;]<\/p>\n","protected":false},"author":4,"featured_media":0,"parent":0,"menu_order":0,"comment_status":"closed","ping_status":"closed","template":"template-blank.php","meta":{"footnotes":""},"class_list":["post-14031","page","type-page","status-publish","has-post-thumbnail","hentry"],"_links":{"self":[{"href":"https:\/\/namlonghotels.com\/vi\/wp-json\/wp\/v2\/pages\/14031","targetHints":{"allow":["GET"]}}],"collection":[{"href":"https:\/\/namlonghotels.com\/vi\/wp-json\/wp\/v2\/pages"}],"about":[{"href":"https:\/\/namlonghotels.com\/vi\/wp-json\/wp\/v2\/types\/page"}],"author":[{"embeddable":true,"href":"https:\/\/namlonghotels.com\/vi\/wp-json\/wp\/v2\/users\/4"}],"replies":[{"embeddable":true,"href":"https:\/\/namlonghotels.com\/vi\/wp-json\/wp\/v2\/comments?post=14031"}],"version-history":[{"count":6,"href":"https:\/\/namlonghotels.com\/vi\/wp-json\/wp\/v2\/pages\/14031\/revisions"}],"predecessor-version":[{"id":14527,"href":"https:\/\/namlonghotels.com\/vi\/wp-json\/wp\/v2\/pages\/14031\/revisions\/14527"}],"wp:attachment":[{"href":"https:\/\/namlonghotels.com\/vi\/wp-json\/wp\/v2\/media?parent=14031"}],"curies":[{"name":"wp","href":"https:\/\/api.w.org\/{rel}","templated":true}]}}