{"id":14030,"date":"2023-07-08T18:20:40","date_gmt":"2023-07-08T11:20:40","guid":{"rendered":"https:\/\/alantigner.net\/city-walk-3-bao-ninh-beach-green-on-map\/"},"modified":"2023-10-28T21:58:40","modified_gmt":"2023-10-28T14:58:40","slug":"city-walk-3-bao-ninh-beach-green-on-map","status":"publish","type":"page","link":"https:\/\/namlonghotels.com\/vi\/city-walk-3-bao-ninh-beach-green-on-map\/","title":{"rendered":"City Walk #3 &#8211; &#8220;B\u00e3i bi\u1ec3n BAO Ninh (m\u00e0u xanh l\u00e1 c\u00e2y tr\u00ean b\u1ea3n \u0111\u1ed3)"},"content":{"rendered":"<div class=\"wpb-content-wrapper\"><p>[vc_row][vc_column][vc_column_text]<\/p>\n<h3 style=\"text-align: center;\">City Walk #3 &#8211; &#8220;B\u00e3i bi\u1ec3n BAO Ninh (m\u00e0u xanh l\u00e1 c\u00e2y tr\u00ean b\u1ea3n \u0111\u1ed3)<\/h3>\n<p>[\/vc_column_text][\/vc_column][\/vc_row][vc_row][vc_column width=&#8221;1\/2&#8243;][vc_column_text]<\/p>\n<h4 class=\"title-style3\">Contact Nam Long Hotels<\/h4>\n<ul class=\"contact_details_list\">\n<li class=\"phone_list\"><strong>Phone:<\/strong> 84 (0) 91 892 3595<\/li>\n<li class=\"fax_list\"><strong>Fax:<\/strong> 84 (0) 91 892 3595<\/li>\n<li class=\"email_list\"><strong>Email:<\/strong> <a href=\"mailto:reservations@namlonghotels.com\">reservations@namlonghotels.com<\/a><\/li>\n<li class=\"address_list\"><strong>Nam Long Hotel:<\/strong><br \/>\n22 Ho Xuan Huong, Dong Hoi, Vietnam<\/li>\n<li class=\"address_list\"><strong>Nam Long Plus Hotel:<\/strong><br \/>\n28A Phan Chu Trinh, Dong Hoi, Vietnam<\/li>\n<\/ul>\n<p>[\/vc_column_text][\/vc_column][vc_column width=&#8221;1\/2&#8243;][vc_column_text]<span class=\"HwtZe\" lang=\"vi\"><span class=\"jCAhz ChMk0b\"><span class=\"ryNqvb\">\u0110\u00f3 l\u00e0 30 ph\u00fat \u0111i b\u1ed9 (ho\u1eb7c 10 ph\u00fat b\u1eb1ng xe \u0111\u1ea1p) qua c\u1ea7u NHat Le v\u00e0 \u0111i th\u1eb3ng v\u1ec1 ph\u00eda \u0111\u00f4ng qua l\u00e0ng c\u00e2u c\u00e1 bao Ninh \u0111\u1ec3 \u0111\u1ebfn b\u00e3i bi\u1ec3n g\u1ea7n nh\u01b0 v\u1eafng v\u1ebb v\u00e0 h\u1ebbo l\u00e1nh n\u00e0y (cho \u0111\u1ebfn khi nh\u1eefng \u0111\u1ee9a tr\u1ebb ra kh\u1ecfi tr\u01b0\u1eddng kho\u1ea3ng 4 gi\u1edd chi\u1ec1u!).<\/span><\/span> <span class=\"jCAhz ChMk0b\"><span class=\"ryNqvb\">Khi b\u1ea1n xu\u1ed1ng n\u01b0\u1edbc, b\u1ea1n s\u1ebd th\u1ea5y c\u00e1c v\u00f2m \u0111\u00f4i c\u1ee7a c\u1ea5u tr\u00fac c\u00f4ng vi\u00ean.<\/span><\/span> <span class=\"jCAhz ChMk0b\"><span class=\"ryNqvb\">B\u00ean tr\u00e1i, b\u1ea1n c\u00f3 th\u1ec3 mu\u1ed1n th\u01b0\u1edfng th\u1ee9c m\u1ed9t ly cocktail ho\u1eb7c c\u00e0 ph\u00ea tr\u00ean b\u00e3i bi\u1ec3n c\u1ee7a Khu ngh\u1ec9 d\u01b0\u1ee1ng Sun Spa 5 sao.<\/span><\/span> <span class=\"jCAhz ChMk0b\"><span class=\"ryNqvb\">Ho\u1eb7c r\u1ebd ph\u1ea3i v\u00e0 c\u00f3 kh\u1ea3 n\u0103ng nh\u00ecn th\u1ea5y nh\u1eefng b\u00e3i bi\u1ec3n hoang v\u1eafng theo nh\u01b0 m\u1eaft b\u1ea1n c\u00f3 th\u1ec3 nh\u00ecn th\u1ea5y.<\/span><\/span> <span class=\"jCAhz ChMk0b\"><span class=\"ryNqvb\">Th\u01b0\u1edfng th\u1ee9c b\u01a1i trong v\u00f9ng n\u01b0\u1edbc s\u1ea3ng kho\u00e1i v\u00e0\/ho\u1eb7c \u0111i d\u1ea1o tr\u00ean b\u00e3i bi\u1ec3n v\u00f4 t\u1eadn.<\/span><\/span> <span class=\"jCAhz ChMk0b\"><span class=\"ryNqvb\">B\u1ea1n c\u00f3 th\u1ec3 l\u00e0 ng\u01b0\u1eddi duy nh\u1ea5t \u1edf \u0111\u00f3, ti\u1ebft ki\u1ec7m cho ng\u01b0 d\u00e2n &#8220;\u1ed1ng b\u00ean trong&#8221; th\u1ec9nh tho\u1ea3ng ho\u1eb7c m\u1ed9t ng\u01b0\u1eddi b\u00e1n v\u1ecf s\u00f2 \u0111i v\u1ec1 ph\u00eda sau, \u0111\u01b0a c\u00e0o c\u1ee7a anh \u1ea5y\/c\u00f4 \u1ea5y xu\u1ed1ng c\u00e1t d\u1ecdc theo m\u00e9p n\u01b0\u1edbc.<\/span><\/span> <span class=\"jCAhz ChMk0b\"><span class=\"ryNqvb\">Trong chi\u1ebfn tranh, \u0111\u00e2y l\u00e0 &#8220;B\u00e3i bi\u1ec3n \u1ea9m \u01b0\u1edbt&#8221;-b\u00e3i bi\u1ec3n m\u00e0 c\u00e1c phi c\u00f4ng M\u1ef9 mu\u1ed1n v\u01b0\u1ee3t qua, m\u00e1y bay chi\u1ebfn \u0111\u1ea5u c\u1ee7a h\u1ecd \u1edf m\u1ee9c sau khi b\u1ecb b\u1eafn b\u1edfi s\u00fang ph\u00f2ng kh\u00f4ng, hy v\u1ecdng s\u1ebd c\u00f3 \u0111\u01b0\u1ee3c &#8220;ch\u00e2n \u01b0\u1edbt&#8221; \u0111\u1ec3 gi\u1ea3i c\u1ee9u \u0111\u1ec3 tr\u00e1nh b\u1ecb b\u1eaft.<\/span><\/span> <span class=\"jCAhz ChMk0b\"><span class=\"ryNqvb\">Nh\u01b0ng nhanh ch\u00f3ng \u0111\u1ebfn b\u00e3i bi\u1ec3n n\u00e0y v\u00e0 th\u01b0\u1edfng th\u1ee9c s\u1ef1 xa x\u00f4i c\u1ee7a n\u00f3 &#8230; m\u1ed9t \u0111\u1ea1i l\u1ed9 \u0111\u00e3 \u0111\u01b0\u1ee3c x\u00e2y d\u1ef1ng v\u00e0 nhi\u1ec1u kh\u00e1ch s\u1ea1n s\u1ebd s\u1edbm ra m\u1eaft.<\/span><\/span> <span class=\"jCAhz ChMk0b\"><span class=\"ryNqvb\">T\u1ea3i xu\u1ed1ng m\u1ed9t b\u1ea3n in c\u1ee7a b\u1ea3n \u0111\u1ed3 tour t\u1ea1i <a href=\"https:\/\/namlonghotels.com\/wp-content\/uploads\/2023\/10\/citywalktourmap.pdf\">\u0111\u00e2y<\/a>.<\/span><\/span><\/span><\/p>\n<p>[\/vc_column_text][\/vc_column][\/vc_row][vc_row][vc_column][vc_single_image image=&#8221;13913&#8243; img_size=&#8221;1024&#215;768&#8243; alignment=&#8221;center&#8221;][\/vc_column][\/vc_row][vc_row][vc_column][vc_column_text][\/vc_column_text][\/vc_column][\/vc_row]<\/p>\n<\/div>","protected":false},"excerpt":{"rendered":"<p>[vc_row][vc_column][vc_column_text] City Walk #3 &#8211; &#8220;B\u00e3i bi\u1ec3n BAO Ninh (m\u00e0u xanh l\u00e1 c\u00e2y tr\u00ean b\u1ea3n \u0111\u1ed3) [\/vc_column_text][\/vc_column][\/vc_row][vc_row][vc_column width=&#8221;1\/2&#8243;][vc_column_text] Contact Nam Long Hotels Phone: 84 (0) 91 892 3595 Fax: 84 (0) 91 892 3595 Email: reservations@namlonghotels.com Nam Long Hotel: 22 Ho Xuan Huong, Dong Hoi, Vietnam Nam Long Plus Hotel: 28A Phan Chu Trinh, Dong [&hellip;]<\/p>\n","protected":false},"author":4,"featured_media":0,"parent":0,"menu_order":0,"comment_status":"closed","ping_status":"closed","template":"template-blank.php","meta":{"footnotes":""},"class_list":["post-14030","page","type-page","status-publish","has-post-thumbnail","hentry"],"_links":{"self":[{"href":"https:\/\/namlonghotels.com\/vi\/wp-json\/wp\/v2\/pages\/14030","targetHints":{"allow":["GET"]}}],"collection":[{"href":"https:\/\/namlonghotels.com\/vi\/wp-json\/wp\/v2\/pages"}],"about":[{"href":"https:\/\/namlonghotels.com\/vi\/wp-json\/wp\/v2\/types\/page"}],"author":[{"embeddable":true,"href":"https:\/\/namlonghotels.com\/vi\/wp-json\/wp\/v2\/users\/4"}],"replies":[{"embeddable":true,"href":"https:\/\/namlonghotels.com\/vi\/wp-json\/wp\/v2\/comments?post=14030"}],"version-history":[{"count":7,"href":"https:\/\/namlonghotels.com\/vi\/wp-json\/wp\/v2\/pages\/14030\/revisions"}],"predecessor-version":[{"id":14525,"href":"https:\/\/namlonghotels.com\/vi\/wp-json\/wp\/v2\/pages\/14030\/revisions\/14525"}],"wp:attachment":[{"href":"https:\/\/namlonghotels.com\/vi\/wp-json\/wp\/v2\/media?parent=14030"}],"curies":[{"name":"wp","href":"https:\/\/api.w.org\/{rel}","templated":true}]}}