{"id":14029,"date":"2023-07-08T18:19:13","date_gmt":"2023-07-08T11:19:13","guid":{"rendered":"https:\/\/alantigner.net\/city-walk-2-nhin-thoang-qua-thanh-pho-cong-vien-riverwalk-mau-do\/"},"modified":"2023-10-28T05:50:07","modified_gmt":"2023-10-27T22:50:07","slug":"city-walk-2-nhin-thoang-qua-thanh-pho-cong-vien-riverwalk-mau-do","status":"publish","type":"page","link":"https:\/\/namlonghotels.com\/vi\/city-walk-2-nhin-thoang-qua-thanh-pho-cong-vien-riverwalk-mau-do\/","title":{"rendered":"City Walk #2 &#8211; &#8220;Nh\u00ecn tho\u00e1ng qua th\u00e0nh ph\u1ed1&#8221; C\u00f4ng vi\u00ean Riverwalk (m\u00e0u \u0111\u1ecf)"},"content":{"rendered":"<div class=\"wpb-content-wrapper\"><p>[vc_row][vc_column][vc_column_text]<\/p>\n<h3 style=\"text-align: center;\">City Walk #2 &#8211; &#8220;Nh\u00ecn tho\u00e1ng qua th\u00e0nh ph\u1ed1&#8221; C\u00f4ng vi\u00ean Riverwalk (m\u00e0u \u0111\u1ecf)<\/h3>\n<p>[\/vc_column_text][\/vc_column][\/vc_row][vc_row][vc_column width=&#8221;1\/2&#8243;][vc_column_text]<\/p>\n<h4 class=\"title-style3\">Contact Nam Long Hotels<\/h4>\n<ul class=\"contact_details_list\">\n<li class=\"phone_list\"><strong>Phone:<\/strong> 84 (0) 91 892 3595<\/li>\n<li class=\"fax_list\"><strong>Fax:<\/strong> 84 (0) 91 892 3595<\/li>\n<li class=\"email_list\"><strong>Email:<\/strong> <a href=\"mailto:reservations@namlonghotels.com\">reservations@namlonghotels.com<\/a><\/li>\n<li class=\"address_list\"><strong>Nam Long Hotel:<\/strong><br \/>\n22 Ho Xuan Huong, Dong Hoi, Vietnam<\/li>\n<li class=\"address_list\"><strong>Nam Long Plus Hotel:<\/strong><br \/>\n28A Phan Chu Trinh, Dong Hoi, Vietnam<\/li>\n<\/ul>\n<p>[\/vc_column_text][\/vc_column][vc_column width=&#8221;1\/2&#8243;][vc_column_text]<span class=\"HwtZe\" lang=\"vi\"><span class=\"jCAhz ChMk0b\"><span class=\"ryNqvb\">Kho\u1ea3ng m\u1ed9t gi\u1edd.<\/span><\/span> <span class=\"jCAhz ChMk0b\"><span class=\"ryNqvb\">Khi \u1edf b\u00ean ngo\u00e0i c\u00e1nh c\u1eeda c\u1ee7a Nam d\u00e0i ho\u1eb7c Nam Long Plus, m\u1ed9t v\u00e0i b\u01b0\u1edbc v\u1ec1 ph\u00eda b\u00ean tr\u00e1i c\u1ee7a b\u1ea1n s\u1ebd t\u00ecm th\u1ea5y b\u1ea1n \u1edf C\u00f4ng vi\u00ean Riverwalk.<\/span><\/span> <span class=\"jCAhz ChMk0b\"><span class=\"ryNqvb\">R\u1ebd ph\u1ea3i \u0111i d\u1ea1o d\u1ecdc theo s\u00f4ng, qua c\u00e1c t\u00e0n t\u00edch nh\u00e0 th\u1edd Tam Toa, h\u1ea1m \u0111\u1ed9i \u0111\u00e1nh c\u00e1 \u0111\u1ea1i d\u01b0\u01a1ng \u1edf ph\u00eda xa, &#8220;l\u01b0\u1edbi treo&#8221; c\u1ee7a ng\u01b0 d\u00e2n s\u00f4ng v\u00e0 c\u00e2y c\u1ea7u l\u1edbn g\u1ea7n \u0111\u00e2y qua s\u00f4ng NHat le (li\u00ean k\u1ebft Dong HOI v\u1edbi The Str<\/span><\/span> <span class=\"jCAhz ChMk0b\"><span class=\"ryNqvb\">L\u00e0ng c\u00e2u c\u00e1 c\u1ee7a bao Ninh).<\/span><\/span> <span class=\"jCAhz ChMk0b\"><span class=\"ryNqvb\">Ti\u1ebfp t\u1ee5c \u0111i qua c\u00e2y c\u1ea7u, gi\u1eef d\u00f2ng s\u00f4ng b\u00ean tr\u00e1i c\u1ee7a b\u1ea1n v\u00e0 Th\u00e0nh c\u1ed5 v\u00e0 con h\u00e0o c\u1ee7a n\u00f3 b\u00ean ph\u1ea3i c\u1ee7a b\u1ea1n, kho\u1ea3ng 2km \u0111\u1ebfn th\u1ecb tr\u01b0\u1eddng c\u00f4ng c\u1ed9ng th\u00e0nh ph\u1ed1, m\u1ed9t th\u1ecb tr\u01b0\u1eddng &#8220;th\u1ef1c s\u1ef1&#8221; n\u01a1i m\u1ecdi th\u1ee9 \u0111\u1ec1u t\u01b0\u01a1i m\u1edbi (th\u01b0\u1eddng v\u1eabn c\u00f2n s\u1ed1ng!).<\/span><\/span> <span class=\"jCAhz ChMk0b\"><span class=\"ryNqvb\">Xem thuy\u1ec1n d\u1ee1 c\u00e1 m\u00e0 c\u00e1c th\u00e0nh vi\u00ean gia \u0111\u00ecnh b\u00e1n tr\u00ean th\u1ecb tr\u01b0\u1eddng.<\/span><\/span> <span class=\"jCAhz ChMk0b\"><span class=\"ryNqvb\">B\u00e2y gi\u1edd r\u1ebd ph\u1ea3i, \u0111i b\u1ed9 v\u1ec1 ph\u00eda t\u00e2y m\u1ed9t v\u00e0i kh\u1ed1i n\u01a1i c\u1ed5ng Quang B\u00ecnh l\u1ecbch s\u1eed ch\u00e0o \u0111\u00f3n du kh\u00e1ch \u0111\u1ebfn th\u00e0nh ph\u1ed1.<\/span><\/span> <span class=\"jCAhz ChMk0b\"><span class=\"ryNqvb\">B\u00e2y gi\u1edd b\u1ea1n \u0111ang \u1edf tr\u00ean Tuy\u1ebfn \u0111\u01b0\u1eddng 1A, \u0111\u1ed9ng m\u1ea1ch \u0111\u01b0\u1eddng cao t\u1ed1c ch\u1ea1y g\u1ea7n chi\u1ec1u d\u00e0i c\u1ee7a Vi\u1ec7t Nam.<\/span><\/span> <span class=\"jCAhz ChMk0b\"><span class=\"ryNqvb\">Quay tr\u1edf l\u1ea1i ph\u00eda b\u1eafc qua khu v\u1ef1c Th\u00e0nh c\u1ed5, qua m\u1ed9t b\u1ea3o t\u00e0ng n\u01a1i ngo\u00e0i tr\u1eddi, m\u1ed9t ng\u01b0\u1eddi Nga \u0111\u00e3 x\u00e2y d\u1ef1ng Mig 17 ph\u1ea3i \u0111\u1ed1i m\u1eb7t v\u1edbi m\u1ed9t m\u00e1y bay chi\u1ebfn \u0111\u1ea5u A-1 c\u1ee7a M\u1ef9.<\/span><\/span> <span class=\"jCAhz ChMk0b\"><span class=\"ryNqvb\">R\u1ebd ph\u1ea3i m\u1ed9t l\u1ea7n n\u1eefa v\u00e0 \u0111i b\u1ed9 qua c\u1ed5ng Quang Binh &#8220;Mini Mini tr\u1edf l\u1ea1i d\u00f2ng s\u00f4ng n\u01a1i b\u1ea1n l\u1ea5y l\u1ea1i b\u01b0\u1edbc ch\u00e2n c\u1ee7a m\u00ecnh tr\u1edf l\u1ea1i m\u1ed9t kh\u00e1ch s\u1ea1n Nam Long. T\u1ea3i xu\u1ed1ng m\u1ed9t b\u1ea3n sao c\u00f3 th\u1ec3 in c\u1ee7a b\u1ea3n \u0111\u1ed3 Tour t\u1ea1i <a href=\"https:\/\/namlonghotels.com\/wp-content\/uploads\/2023\/10\/citywalktourmap.pdf\">\u0111\u00e2y<\/a>.<\/span><\/span><\/span>[\/vc_column_text][\/vc_column][\/vc_row][vc_row][vc_column][vc_single_image image=&#8221;13913&#8243; img_size=&#8221;1024&#215;768&#8243; alignment=&#8221;center&#8221;][\/vc_column][\/vc_row]<\/p>\n<\/div>","protected":false},"excerpt":{"rendered":"<p>[vc_row][vc_column][vc_column_text] City Walk #2 &#8211; &#8220;Nh\u00ecn tho\u00e1ng qua th\u00e0nh ph\u1ed1&#8221; C\u00f4ng vi\u00ean Riverwalk (m\u00e0u \u0111\u1ecf) [\/vc_column_text][\/vc_column][\/vc_row][vc_row][vc_column width=&#8221;1\/2&#8243;][vc_column_text] Contact Nam Long Hotels Phone: 84 (0) 91 892 3595 Fax: 84 (0) 91 892 3595 Email: reservations@namlonghotels.com Nam Long Hotel: 22 Ho Xuan Huong, Dong Hoi, Vietnam Nam Long Plus Hotel: 28A Phan Chu Trinh, Dong Hoi, [&hellip;]<\/p>\n","protected":false},"author":4,"featured_media":0,"parent":0,"menu_order":0,"comment_status":"closed","ping_status":"closed","template":"template-blank.php","meta":{"footnotes":""},"class_list":["post-14029","page","type-page","status-publish","has-post-thumbnail","hentry"],"_links":{"self":[{"href":"https:\/\/namlonghotels.com\/vi\/wp-json\/wp\/v2\/pages\/14029","targetHints":{"allow":["GET"]}}],"collection":[{"href":"https:\/\/namlonghotels.com\/vi\/wp-json\/wp\/v2\/pages"}],"about":[{"href":"https:\/\/namlonghotels.com\/vi\/wp-json\/wp\/v2\/types\/page"}],"author":[{"embeddable":true,"href":"https:\/\/namlonghotels.com\/vi\/wp-json\/wp\/v2\/users\/4"}],"replies":[{"embeddable":true,"href":"https:\/\/namlonghotels.com\/vi\/wp-json\/wp\/v2\/comments?post=14029"}],"version-history":[{"count":7,"href":"https:\/\/namlonghotels.com\/vi\/wp-json\/wp\/v2\/pages\/14029\/revisions"}],"predecessor-version":[{"id":14521,"href":"https:\/\/namlonghotels.com\/vi\/wp-json\/wp\/v2\/pages\/14029\/revisions\/14521"}],"wp:attachment":[{"href":"https:\/\/namlonghotels.com\/vi\/wp-json\/wp\/v2\/media?parent=14029"}],"curies":[{"name":"wp","href":"https:\/\/api.w.org\/{rel}","templated":true}]}}