{"id":14024,"date":"2023-07-08T17:59:46","date_gmt":"2023-07-08T10:59:46","guid":{"rendered":"https:\/\/alantigner.net\/thanh-pho-di-bo-so-1-20-phut-di-dao-mau-xanh-tren-ban-do\/"},"modified":"2023-10-28T05:39:39","modified_gmt":"2023-10-27T22:39:39","slug":"thanh-pho-di-bo-so-1-20-phut-di-dao-mau-xanh-tren-ban-do","status":"publish","type":"page","link":"https:\/\/namlonghotels.com\/vi\/thanh-pho-di-bo-so-1-20-phut-di-dao-mau-xanh-tren-ban-do\/","title":{"rendered":"City Walk #1 &#8211; T\u1ea3n b\u1ed9 h\u00e0ng x\u00f3m hai m\u01b0\u01a1i ph\u00fat (m\u00e0u xanh tr\u00ean b\u1ea3n \u0111\u1ed3)"},"content":{"rendered":"<div class=\"wpb-content-wrapper\"><p>[vc_row][vc_column][vc_column_text]<\/p>\n<h3 style=\"text-align: center;\">City Walk #1 &#8211; Twenty minute Neighborhood Stroll (blue on map)<\/h3>\n<p>[\/vc_column_text][\/vc_column][\/vc_row][vc_row][vc_column width=&#8221;1\/2&#8243;][vc_column_text]<\/p>\n<div class=\"sidebar left-sidebar\">\n<div class=\"widget clearfix\">\n<h4 class=\"title-style3\">Contact Nam Long Hotels<\/h4>\n<ul class=\"contact_details_list\">\n<li class=\"phone_list\"><strong>Phone:<\/strong> 84 (0) 91 892 3595<\/li>\n<li class=\"fax_list\"><strong>Fax:<\/strong> 84 (0) 91 892 3595<\/li>\n<li class=\"email_list\"><strong>Email:<\/strong> <a href=\"mailto:reservations@namlonghotels.com\">reservations@namlonghotels.com<\/a><\/li>\n<li class=\"address_list\"><strong>Nam Long Hotel:<\/strong><br \/>\n22 Ho Xuan Huong, Dong Hoi, Vietnam<\/li>\n<li class=\"address_list\"><strong>Nam Long Plus Hotel:<\/strong><br \/>\n28A Phan Chu Trinh, Dong Hoi, Vietnam<\/li>\n<\/ul>\n<\/div>\n<\/div>\n<p>[\/vc_column_text][\/vc_column][vc_column width=&#8221;1\/2&#8243;][vc_column_text]<span class=\"HwtZe\" lang=\"vi\"><span class=\"jCAhz ChMk0b\"><span class=\"ryNqvb\">Dong HOI \u0111\u00e3 \u0111\u01b0\u1ee3c x\u00e2y d\u1ef1ng l\u1ea1i g\u1ea7n nh\u01b0 ho\u00e0n to\u00e0n k\u1ec3 t\u1eeb n\u0103m 1989 (xem tour du l\u1ecbch l\u1ecbch s\u1eed Dong HOI d\u01b0\u1edbi c\u00e1c \u0111i\u1ec3m tham quan c\u1ee7a Dong HOI), d\u1eabn \u0111\u1ebfn nh\u1eefng ng\u00f4i nh\u00e0 m\u1edbi h\u01a1n v\u1edbi h\u01b0\u01a1ng v\u1ecb ki\u1ebfn tr\u00fac c\u1ee7a Ph\u00e1p, c\u00e1c l\u00e0n \u0111\u01b0\u1eddng r\u1ee5ng l\u00e1 k\u1ef3 l\u1ea1 c\u1ee7a khu d\u00e2n c\u01b0 xung quanh c\u00e1c kh\u00e1ch s\u1ea1n d\u00e0i Nam.<\/span><\/span> <span class=\"jCAhz ChMk0b\"><span class=\"ryNqvb\">\u0110i b\u1ed9 ch\u00e2n d\u00e0i t\u1ef1 h\u01b0\u1edbng d\u1eabn n\u00e0y \u0111\u01b0a b\u1ea1n v\u00e0o khu ph\u1ed1 d\u1ec5 ch\u1ecbu n\u00e0y, n\u01a1i v\u00e0o bu\u1ed5i t\u1ed1i b\u1ea1n s\u1ebd th\u1ea5y tr\u1ebb em ch\u01a1i tr\u00ean \u0111\u01b0\u1eddng ph\u1ed1, b\u1ea1n b\u00e8 v\u00e0 gia \u0111\u00ecnh \u0111\u1ebfn th\u0103m v\u00e0 c\u00f3 l\u1ebd l\u00e0 nh\u1eefng ng\u01b0\u1eddi \u0111\u00e0n \u00f4ng gi\u00e0 ch\u01a1i c\u1edd.<\/span><\/span> <span class=\"jCAhz ChMk0b\"><span class=\"ryNqvb\">Cu\u1ed9c \u0111i b\u1ed9 sau \u0111\u00f3 \u0111\u01b0a ra m\u1ed9t c\u00e1i nh\u00ecn tho\u00e1ng qua v\u1ec1 C\u00f4ng vi\u00ean Riverwalk v\u00e0 c\u00e1c t\u00e0n t\u00edch nh\u00e0 th\u1edd tr\u01b0\u1edbc khi tr\u1edf v\u1ec1 Nam Long.<\/span><\/span> <span class=\"jCAhz ChMk0b\"><span class=\"ryNqvb\">H\u1ecfi qu\u1ea7y l\u1ec5 t\u00e2n cho m\u1ed9t b\u1ea3n \u0111\u1ed3 mi\u1ec5n ph\u00ed.<\/span><\/span> <span class=\"jCAhz ChMk0b\"><span class=\"ryNqvb\">\u0110i theo con \u0111\u01b0\u1eddng m\u00e0u xanh.<\/span><\/span> <span class=\"jCAhz ChMk0b\"><span class=\"ryNqvb\">T\u1ea3i xu\u1ed1ng m\u1ed9t b\u1ea3n in c\u1ee7a b\u1ea3n \u0111\u1ed3 tour t\u1ea1i <a href=\"https:\/\/namlonghotels.com\/wp-content\/uploads\/2023\/10\/citywalktourmap.pdf\">\u0111\u00e2y<\/a>.<\/span><\/span><\/span>[\/vc_column_text][\/vc_column][\/vc_row][vc_row][vc_column][vc_single_image image=&#8221;13913&#8243; img_size=&#8221;1024&#215;724&#8243; alignment=&#8221;center&#8221;][\/vc_column][\/vc_row]<\/p>\n<\/div>","protected":false},"excerpt":{"rendered":"<p>[vc_row][vc_column][vc_column_text] City Walk #1 &#8211; Twenty minute Neighborhood Stroll (blue on map) [\/vc_column_text][\/vc_column][\/vc_row][vc_row][vc_column width=&#8221;1\/2&#8243;][vc_column_text] Contact Nam Long Hotels Phone: 84 (0) 91 892 3595 Fax: 84 (0) 91 892 3595 Email: reservations@namlonghotels.com Nam Long Hotel: 22 Ho Xuan Huong, Dong Hoi, Vietnam Nam Long Plus Hotel: 28A Phan Chu Trinh, Dong Hoi, Vietnam [\/vc_column_text][\/vc_column][vc_column width=&#8221;1\/2&#8243;][vc_column_text]Dong [&hellip;]<\/p>\n","protected":false},"author":4,"featured_media":0,"parent":0,"menu_order":0,"comment_status":"closed","ping_status":"closed","template":"template-blank.php","meta":{"footnotes":""},"class_list":["post-14024","page","type-page","status-publish","has-post-thumbnail","hentry"],"_links":{"self":[{"href":"https:\/\/namlonghotels.com\/vi\/wp-json\/wp\/v2\/pages\/14024","targetHints":{"allow":["GET"]}}],"collection":[{"href":"https:\/\/namlonghotels.com\/vi\/wp-json\/wp\/v2\/pages"}],"about":[{"href":"https:\/\/namlonghotels.com\/vi\/wp-json\/wp\/v2\/types\/page"}],"author":[{"embeddable":true,"href":"https:\/\/namlonghotels.com\/vi\/wp-json\/wp\/v2\/users\/4"}],"replies":[{"embeddable":true,"href":"https:\/\/namlonghotels.com\/vi\/wp-json\/wp\/v2\/comments?post=14024"}],"version-history":[{"count":35,"href":"https:\/\/namlonghotels.com\/vi\/wp-json\/wp\/v2\/pages\/14024\/revisions"}],"predecessor-version":[{"id":14517,"href":"https:\/\/namlonghotels.com\/vi\/wp-json\/wp\/v2\/pages\/14024\/revisions\/14517"}],"wp:attachment":[{"href":"https:\/\/namlonghotels.com\/vi\/wp-json\/wp\/v2\/media?parent=14024"}],"curies":[{"name":"wp","href":"https:\/\/api.w.org\/{rel}","templated":true}]}}