{"id":12765,"date":"2022-09-11T15:56:27","date_gmt":"2022-09-11T08:56:27","guid":{"rendered":"http:\/\/alantigner.org\/tttcmodern3\/?page_id=12765"},"modified":"2023-10-28T23:07:28","modified_gmt":"2023-10-28T16:07:28","slug":"terminal-and-conditions","status":"publish","type":"page","link":"https:\/\/namlonghotels.com\/vi\/terminal-and-conditions\/","title":{"rendered":"C\u00e1c \u0111i\u1ec1u kho\u1ea3n v\u00e0 \u0111i\u1ec1u ki\u1ec7n"},"content":{"rendered":"<div class=\"wpb-content-wrapper\"><p>[vc_row][vc_column][vc_column_text]<\/p>\n<h3 class=\"p1\"><span class=\"s1\">C\u00e1c \u0111i\u1ec1u ki\u1ec7n v\u00e0 \u0111i\u1ec1u kho\u1ea3n<\/span><\/h3>\n<p class=\"p1\"><span class=\"s1\">Trang web n\u00e0y \u0111\u01b0\u1ee3c \u0111i\u1ec1u h\u00e0nh b\u1edfi Tour to the Caves (TTTC). Xin vui l\u00f2ng \u0111\u1ecdc k\u1ef9 c\u00e1c \u0110i\u1ec1u ki\u1ec7n &amp; \u0110i\u1ec1u kho\u1ea3n tr\u01b0\u1edbc khi s\u1eed d\u1ee5ng ho\u1eb7c \u0111\u0103ng k\u00fd tr\u00ean trang web n\u00e0y. B\u1ea1n ph\u1ea3i ho\u00e0n to\u00e0n \u0111\u1ed3ng \u00fd v\u1edbi c\u00e1c \u0111i\u1ec1u ki\u1ec7n v\u00e0 \u0111i\u1ec1u kho\u1ea3n n\u00e0y n\u1ebfu mu\u1ed1n s\u1eed d\u1ee5ng trang web. N\u1ebfu b\u1ea1n kh\u00f4ng \u0111\u1ed3ng \u00fd v\u1edbi b\u1ea5t k\u1ef3 ph\u1ea7n n\u00e0o trong c\u00e1c \u0111i\u1ec1u ki\u1ec7n v\u00e0 \u0111i\u1ec1u kho\u1ea3n n\u00e0y, b\u1ea1n s\u1ebd kh\u00f4ng th\u1ec3 s\u1eed d\u1ee5ng trang web n\u00e0y d\u01b0\u1edbi b\u1ea5t k\u1ef3 h\u00ecnh th\u1ee9c n\u00e0o.<\/span><\/p>\n<p class=\"p1\"><span class=\"s1\">L\u01b0u \u00fd r\u1eb1ng trang web n\u00e0y \u0111\u01b0\u1ee3c x\u00e2y d\u1ef1ng nh\u1eb1m ph\u1ee5c v\u1ee5 truy c\u1eadp tr\u00ean ph\u1ea1m vi to\u00e0n c\u1ea7u \u0111\u1ed1i v\u1edbi ng\u01b0\u1eddi s\u1eed d\u1ee5ng.<\/span><\/p>\n<p class=\"p1\"><span class=\"s1\">Nh\u1eefng th\u00f4ng tin v\u00e0 m\u1ee9c gi\u00e1 tr\u00ean trang web n\u00e0y \u0111\u01b0\u1ee3c \u00e1p d\u1ee5ng cho ng\u01b0\u1eddi s\u1eed d\u1ee5ng tr\u00ean ph\u1ea1m vi to\u00e0n c\u1ea7u.<\/span><\/p>\n<p class=\"p1\"><span class=\"s1\">Ch\u00fang t\u00f4i c\u00f3 quy\u1ec1n t\u1eeb ch\u1ed1i truy c\u1eadp v\u00e0o trang web n\u00e0y b\u1ea5t c\u1ee9 l\u00fac n\u00e0o m\u00e0 kh\u00f4ng c\u1ea7n ph\u1ea3i th\u00f4ng b\u00e1o tr\u01b0\u1edbc.<\/span><\/p>\n<p>[\/vc_column_text][vc_text_separator title=&#8221;B\u1ea5m \u0111\u1ec3 m\u1edf r\u1ed9ng ch\u1ee7 \u0111\u1ec1&#8221; color=&#8221;turquoise&#8221; border_width=&#8221;5&#8243;][\/vc_column][\/vc_row][vc_row css=&#8221;.vc_custom_1520592886151{padding-top: 35px !important;}&#8221;][vc_column][vc_toggle title=&#8221;C\u00e1c \u0111i\u1ec1u ki\u1ec7n \u0111\u0103ng k\u00fd&#8221; css=&#8221;.vc_custom_1520592326449{border-radius: 35px !important;}&#8221;]<\/p>\n<p class=\"p1\"><span class=\"s1\">Khi th\u1ef1c hi\u1ec7n \u0111\u0103ng k\u00fd qua trang web c\u1ee7a ch\u00fang t\u00f4i, xin vui l\u00f2ng th\u1ef1c hi\u1ec7n m\u1ed1i quan h\u1ec7 theo h\u1ee3p \u0111\u1ed3ng tr\u1ef1c ti\u1ebfp (r\u00e0ng bu\u1ed9c ph\u00e1p l\u00fd) v\u1edbi ch\u00fang t\u00f4i. C\u00e1c \u0111i\u1ec1u ki\u1ec7n \u0111\u0103ng k\u00fd bao g\u1ed3m nh\u1eefng gi\u1edbi h\u1ea1n v\u00e0 nh\u1eefng lo\u1ea1i tr\u1eeb v\u1ec1 tr\u00e1ch nhi\u1ec7m ph\u00e1p l\u00fd, v\u00e0 ph\u00ed h\u1ee7y v\u00e0 thay \u0111\u1ed5i ph\u1ea3i thanh to\u00e1n n\u1ebfu vi\u1ec7c \u0111\u0103ng k\u00fd b\u1ecb h\u1ee7y ho\u1eb7c thay \u0111\u1ed5i sau khi \u0111\u00e3 \u0111\u01b0\u1ee3c x\u00e1c nh\u1eadn. Ch\u00fang t\u00f4i \u0111\u1ec1 xu\u1ea5t r\u1eb1ng b\u1ea1n n\u00ean \u0111\u1ecdc k\u1ef9 c\u00e1c \u0111i\u1ec1u ki\u1ec7n \u0111\u0103ng k\u00fd \u0111\u01b0\u1ee3c \u00e1p d\u1ee5ng khi th\u1ef1c hi\u1ec7n \u0111\u0103ng k\u00fd. C\u00e1c \u0111i\u1ec1u ki\u1ec7n \u0111\u0103ng k\u00fd bao g\u1ed3m nh\u1eefng gi\u1edbi h\u1ea1n v\u00e0 nh\u1eefng lo\u1ea1i tr\u1eeb v\u1ec1 tr\u00e1ch nhi\u1ec7m ph\u00e1p l\u00fd, v\u00e0 ph\u00ed h\u1ee7y c\u0169ng nh\u01b0 thay \u0111\u1ed5i ph\u1ea3i thanh to\u00e1n n\u1ebfu vi\u1ec7c \u0111\u0103ng k\u00fd b\u1ecb h\u1ee7y ho\u1eb7c thay \u0111\u1ed5i sau khi \u0111\u00e3 \u0111\u01b0\u1ee3c x\u00e1c nh\u1eadn.<\/span><\/p>\n<p>[\/vc_toggle][vc_toggle title=&#8221;Lu\u1eadt \u0111i\u1ec1u ch\u1ec9nh&#8221;]<\/p>\n<p class=\"p1\"><span class=\"s1\">Vi\u1ec7c truy c\u1eadp v\u00e0o trang web n\u00e0y c\u00f3 \u0111i\u1ec1u ki\u1ec7n theo s\u1ef1 \u0111\u1ed3ng \u00fd c\u1ee7a b\u1ea1n r\u1eb1ng to\u00e0n b\u1ed9 nh\u1eefng th\u00f4ng tin tr\u00ean trang web v\u00e0 to\u00e0n b\u1ed9 c\u00e1c v\u1ea5n \u0111\u1ec1 ph\u00e1t sinh gi\u1eefa b\u1ea1n v\u00e0 ch\u00fang t\u00f4i s\u1ebd \u0111\u01b0\u1ee3c \u0111i\u1ec1u ch\u1ec9nh b\u1edfi ph\u00e1p lu\u1eadt Vi\u1ec7t Nam v\u00e0 r\u1eb1ng m\u1ecdi tranh ch\u1ea5p ph\u00e1t sinh gi\u1eefa b\u1ea1n v\u00e0 ch\u00fang t\u00f4i s\u1ebd c\u0103n c\u1ee9 v\u00e0o quy\u1ec1n h\u1ea1n x\u00e9t x\u1eed c\u1ee7a c\u00e1c t\u00f2a \u00e1n Vi\u1ec7t Nam. NGH\u0128A V\u1ee4 C\u1ee6A NG\u01af\u1edcI S\u1eec D\u1ee4NG TRANG WEB<\/span><\/p>\n<p class=\"p1\"><span class=\"s1\">Khi s\u1eed d\u1ee5ng trang web n\u00e0y, xin vui l\u00f2ng \u0111\u1ed3ng \u00fd r\u1eb1ng:<\/span><\/p>\n<p class=\"p1\"><span class=\"s1\">1. B\u1ea1n ch\u1ea5p nh\u1eadn tr\u00e1ch nhi\u1ec7m v\u1ec1 t\u00e0i ch\u00ednh \u0111\u1ed1i v\u1edbi to\u00e0n b\u1ed9 c\u00e1c giao d\u1ecbch \u0111\u01b0\u1ee3c th\u1ef1c hi\u1ec7n theo t\u00ean v\u00e0 t\u00e0i kho\u1ea3n c\u1ee7a b\u1ea1n.<\/span><\/p>\n<p class=\"p1\"><span class=\"s1\">2. \u0110\u1ec3 c\u00f3 n\u0103ng l\u1ef1c ph\u00e1p l\u00fd, b\u1ea1n ph\u1ea3i t\u1eeb 18 tu\u1ed5i tr\u1edf l\u00ean.<\/span><\/p>\n<p class=\"p1\"><span class=\"s1\">3. B\u1ea1n b\u1ea3o \u0111\u1ea3m r\u1eb1ng m\u1ecdi th\u00f4ng tin m\u00e0 b\u1ea1n cung c\u1ea5p v\u1ec1 ch\u00ednh b\u1ea1n v\u00e0 v\u1ec1 b\u1ea5t c\u1ee9 ai kh\u00e1c l\u00e0 ho\u00e0n to\u00e0n ch\u00ednh x\u00e1c.<\/span><\/p>\n<p class=\"p1\"><span class=\"s1\">4. Kh\u00f4ng \u0111\u01b0\u1ee3c s\u1eed d\u1ee5ng trang web n\u00e0y \u0111\u1ec3 th\u1ef1c hi\u1ec7n h\u00e0nh vi \u0111\u0103ng k\u00fd sai tr\u00e1i, gian l\u1eadn.<\/span><\/p>\n<p class=\"p1\"><span class=\"s1\">5. Nghi\u00eam c\u1ea5m m\u1ecdi h\u00e0nh vi ph\u00e1t t\u00e1n t\u00e0i li\u1ec7u mang t\u00ednh \u0111e d\u1ecda, ph\u1ec9 b\u00e1ng,khi\u00eau d\u00e2m, ch\u00ednh tr\u1ecb ho\u1eb7c ph\u00e2n bi\u1ec7t ch\u1ee7ng t\u1ed9c ho\u1eb7c b\u1ea5t k\u1ef3 t\u00e0i li\u1ec7u b\u1ea5t h\u1ee3p ph\u00e1p ho\u1eb7c khi\u00eau kh\u00edch n\u00e0o kh\u00e1c th\u00f4ng qua trang web n\u00e0y.<\/span><\/p>\n<p class=\"p1\"><span class=\"s1\">6. B\u1ea1n kh\u00f4ng \u0111\u01b0\u1ee3c s\u1eeda \u0111\u1ed5i, sao ch\u00e9p, truy\u1ec1n t\u1ea3i, ph\u00e2n ph\u1ed1i, b\u00e1n, ph\u00e1t t\u00e1n, ho\u1eb7c c\u1ea5p ph\u00e9p trang web n\u00e0y v\u00e0 b\u1ea5t k\u1ef3 ph\u1ea7n n\u1ed9i dung n\u00e0o c\u1ee7a n\u00f3 d\u01b0\u1edbi b\u1ea5t k\u1ef3 h\u00ecnh th\u1ee9c n\u00e0o tr\u1eeb tr\u01b0\u1eddng h\u1ee3p b\u1ea1n sao ch\u00e9p th\u00f4ng tin t\u1eeb trang web n\u00e0y \u0111\u1ec3 s\u1eed d\u1ee5ng cho c\u00e1 nh\u00e2n b\u1ea1n v\u00e0 mang t\u00ednh phi th\u01b0\u01a1ng m\u1ea1i.<\/span><\/p>\n<p>[\/vc_toggle][vc_toggle title=&#8221;\u0110\u1ea3m b\u1ea3o kh\u1edfi h\u00e0nh&#8221;]<\/p>\n<ul>\n<li class=\"p1\"><span class=\"s1\">TTTC b\u1ea3o \u0111\u1ea3m kh\u1edfi h\u00e0nh \u0111\u01b0\u1ee3c \u0111\u0103ng t\u1ea3i tr\u00ean trang web tourtothecaves.com<\/span><\/li>\n<li class=\"p1\"><span class=\"s1\">Nh\u1eefng th\u00f4ng tin v\u1ec1 tour v\u00e0 c\u00e1c ng\u00e0y kh\u1edfi h\u00e0nh trong s\u1ed5 tay h\u01b0\u1edbng d\u1eabn v\u00e0 c\u00e1c t\u00e0i li\u1ec7u \u0111\u01b0\u1ee3c in \u1ea5n kh\u00e1c c\u00f3 th\u1ec3 thay \u0111\u1ed5i t\u00f9y l\u00fac v\u00e0 kh\u00f4ng c\u1ea5u th\u00e0nh m\u1ed9t ph\u1ea7n c\u1ee7a ch\u01b0\u01a1ng tr\u00ecnh b\u1ea3o \u0111\u1ea3m.<\/span><\/li>\n<li class=\"p1\"><span class=\"s1\">Trang web c\u1ee7a c\u00f4ng ty l\u00e0 ngu\u1ed3n duy nh\u1ea5t t\u1eeb \u0111\u00f3 c\u00f4ng ty s\u1ebd b\u1ea3o \u0111\u1ea3m kh\u1edfi h\u00e0nh. M\u1ed9t th\u1eddi \u0111i\u1ec3m kh\u1edfi h\u00e0nh \u0111\u01b0\u1ee3c b\u1ea3o \u0111\u1ea3m ch\u1ec9 khi kh\u00e1ch h\u00e0ng \u0111\u00e3 x\u00e1c nh\u1eadn \u0111\u0103ng k\u00fd theo th\u1eddi \u0111i\u1ec3m kh\u1edfi h\u00e0nh \u0111\u00f3 (vi\u1ec7c \u0111\u0103ng k\u00fd ph\u1ea3i bao g\u1ed3m t\u1ed1i thi\u1ec3u m\u1ed9t kho\u1ea3n ti\u1ec1n \u0111\u1eb7t c\u1ecdc \u0111\u01b0\u1ee3c thanh to\u00e1n \u0111\u1ec3 \u0111\u01b0\u1ee3c xem x\u00e9t \u201c\u0111\u00e3 x\u00e1c nh\u1eadn\u201d). S\u1ef1 b\u1ea3o \u0111\u1ea3m n\u00e0y v\u1eabn s\u1ebd c\u0103n c\u1ee9 v\u00e0o c\u00e1c tr\u01b0\u1eddng h\u1ee3p B\u1ea5t kh\u1ea3 kh\u00e1ng.<\/span><\/li>\n<\/ul>\n<p>[\/vc_toggle][vc_toggle title=&#8221;C\u00e1c tr\u01b0\u1eddng h\u1ee3p b\u1ea5t kh\u1ea3 kh\u00e1ng&#8221;]<\/p>\n<p class=\"p1\"><span class=\"s1\">TTTC kh\u00f4ng ch\u1ecbu tr\u00e1ch nhi\u1ec7m tr\u01b0\u1edbc kh\u00e1ch h\u00e0ng v\u1ec1 nh\u1eefng thay \u0111\u1ed5i ho\u1eb7c h\u1ee7y b\u1ecf v\u00ec nh\u1eefng l\u00fd do kh\u00e1ch quan v\u00e0 ch\u1ee7 quan nh\u01b0: \u0110\u1ed9ng \u0111\u1ea5t, n\u00fai l\u1eeda, b\u00e3o gi\u00f3, chi\u1ebfn tranh, \u0111\u00ecnh c\u00f4ng, bi\u1ec3u t\u00ecnh, kh\u1ee7ng b\u1ed1, r\u1ed1i lo\u1ea1n ch\u00ednh tr\u1ecb..C\u00e1c gi\u1ea3i ph\u00e1p ho\u1eb7c \u0111\u1ec1n b\u00f9 (n\u1ebfu c\u00f3) s\u1ebd ph\u1ee5 thu\u1ed9c v\u00e0o Nh\u00e0 cung c\u1ea5p d\u1ecbch v\u1ee5 li\u00ean quan.<\/span><\/p>\n<p>[\/vc_toggle][vc_toggle title=&#8221;Gi\u1ea5y th\u00f4ng h\u00e0nh&#8221;]<\/p>\n<ul>\n<li class=\"p1\"><span class=\"s1\">H\u1ed9 chi\u1ebfu c\u00f3 gi\u00e1 tr\u1ecb: Kh\u00e1ch h\u00e0ng ph\u1ea3i c\u00f3 h\u1ed9 chi\u1ebfu c\u00f3 gi\u00e1 tr\u1ecb \u0111\u1ec3 nh\u1eadp c\u1ea3nh, kh\u1edfi h\u00e0nh v\u00e0 \u0111i l\u1ea1i qua m\u1ed7i \u0111i\u1ec3m \u0111\u1ebfn trong l\u1ecbch tr\u00ecnh tour (h\u1ed9 chi\u1ebfu ph\u1ea3i c\u00f3 gi\u00e1 tr\u1ecb t\u1eeb 6 th\u00e1ng tr\u1edf l\u00ean t\u00ednh \u0111\u1ebfn ng\u00e0y v\u1ec1).<\/span><\/li>\n<li class=\"p1\"><span class=\"s1\">C\u00e1c lo\u1ea1i gi\u1ea5y t\u1edd: Xin l\u01b0u \u00fd r\u1eb1ng \u201c\u0110\u1ec3 x\u00fac ti\u1ebfn vi\u1ec7c c\u1ea5p gi\u1ea5y th\u00f4ng th\u00e0nh, to\u00e0n b\u1ed9 c\u00e1c lo\u1ea1i gi\u1ea5y t\u1edd li\u00ean quan \u0111\u1ebfn tour nh\u01b0 c\u00e1c phi\u1ebfu thanh to\u00e1n, l\u1ecbch tr\u00ecnh tour, h\u00f3a \u0111\u01a1n s\u1ebd \u0111\u01b0\u1ee3c g\u1eedi qua email ho\u1eb7c s\u1ebd c\u00f3 tr\u00ean trang web tourtothecaves.com\u201d, khi c\u00f4ng ty \u0111\u00e3 nh\u1eadn \u0111\u01b0\u1ee3c thanh to\u00e1n \u0111\u1ea7y \u0111\u1ee7.<\/span><\/li>\n<li class=\"p1\"><span class=\"s1\">Th\u00f4ng tin chi ti\u1ebft v\u1ec1 chuy\u1ebfn \u0111i: Kh\u00e1ch h\u00e0ng c\u00f3 tr\u00e1ch nhi\u1ec7m truy c\u1eadp trang web \u00edt nh\u1ea5t 72 gi\u1edd tr\u01b0\u1edbc ng\u00e0y kh\u1edfi h\u00e0nh \u0111\u1ec3 b\u1ea3o \u0111\u1ea3m h\u1ecd c\u00f3 \u0111\u01b0\u1ee3c th\u00f4ng tin chi ti\u1ebft nh\u1ea5t v\u1ec1 chuy\u1ebfn \u0111i b\u1edfi v\u00ec c\u00f3 th\u1ec3 \u0111\u00e3 c\u00f3 nh\u1eefng thay \u0111\u1ed5i nh\u1ecf k\u1ec3 t\u1eeb khi h\u1ed3 s\u01a1 tour \u0111\u01b0\u1ee3c c\u00f4ng ty cung c\u1ea5p l\u00fac \u0111\u1ea7u.<\/span><\/li>\n<\/ul>\n<p>[\/vc_toggle][vc_toggle title=&#8221;Gi\u00e1 Tour&#8221;]<\/p>\n<p class=\"p1\"><span class=\"s1\">To\u00e0n b\u1ed9 c\u00e1c m\u1ee9c gi\u00e1 tour \u0111\u01b0\u1ee3c th\u1ef1c hi\u1ec7n b\u1eb1ng \u0110\u00f4 la M\u1ef9 (USD). C\u00e1c kho\u1ea3n thanh to\u00e1n b\u1eb1ng ngo\u1ea1i t\u1ec7 kh\u00e1c s\u1ebd \u0111\u01b0\u1ee3c quy \u0111\u1ed5i ra Vi\u1ec7t Nam \u0110\u1ed3ng (VND) theo t\u1ef7 gi\u00e1 h\u1ed1i \u0111o\u00e1i hi\u1ec7n h\u00e0nh.<\/span><\/p>\n<p class=\"p1\"><span class=\"s1\">C\u00e1c m\u1ee9c gi\u00e1 bao g\u1ed3m c\u00e1c h\u1ea1ng m\u1ee5c \u0111\u01b0\u1ee3c li\u1ec7t k\u00ea trong ph\u1ea7n \u201cBao g\u1ed3m\u201d<\/span><\/p>\n<p class=\"p1\"><span class=\"s1\">Ch\u00fang t\u00f4i gi\u1ea3m gi\u00e1 50% \u0111\u1ed1i v\u1edbi tr\u1ebb em d\u01b0\u1edbi 130 cm v\u00e0 100% \u0111\u1ed1i v\u1edbi tr\u1ebb s\u01a1 sinh.<\/span><\/p>\n<p class=\"p1\"><span class=\"s1\">Nh\u1eefng th\u00f4ng tin v\u00e0 m\u1ee9c gi\u00e1 tr\u00ean trang web n\u00e0y kh\u00f4ng mang t\u00ednh \u2018tr\u1ef1c ti\u1ebfp\u2019 v\u00e0 \u0111\u00f4i l\u00fac \u0111\u01b0\u1ee3c c\u1eadp nh\u1eadt. M\u1ecdi s\u1ef1 n\u1ed7 l\u1ef1c \u0111\u01b0\u1ee3c th\u1ef1c hi\u1ec7n nh\u1eb1m b\u1ea3o \u0111\u1ea3m s\u1ef1 ch\u00ednh x\u00e1c v\u1ec1 th\u00f4ng tin v\u00e0 c\u00e1c m\u1ee9c gi\u00e1, nh\u01b0ng \u0111\u00e1ng ti\u1ebfc l\u00e0 \u0111\u00f4i khi v\u1eabn x\u1ea3y ra l\u1ed7i. Trong tr\u01b0\u1eddng h\u1ee3p m\u1ed9t m\u1ee9c gi\u00e1 kh\u00f4ng ch\u00ednh x\u00e1c do l\u1ed7i h\u1ec7 th\u1ed1ng, ch\u00fang t\u00f4i kh\u00f4ng ch\u1ecbu s\u1ef1 r\u00e0ng bu\u1ed9c b\u1edfi m\u1ee9c gi\u00e1 \u0111\u00f3.<\/span><\/p>\n<p>[\/vc_toggle][vc_toggle title=&#8221;Thanh to\u00e1n&#8221;]<\/p>\n<p class=\"p1\"><span class=\"s1\">To\u00e0n b\u1ed9 c\u00e1c tour ho\u1eb7c d\u1ecbch v\u1ee5 c\u1ea7n ph\u1ea3i \u0111\u01b0\u1ee3c thanh to\u00e1n tr\u01b0\u1edbc tr\u1eeb phi c\u00f3 quy \u0111\u1ecbnh kh\u00e1c (kh\u00e1ch s\u1eed d\u1ee5ng d\u1ecbch v\u1ee5 tr\u1ef1c ti\u1ebfp t\u1eeb kh\u00e1ch s\u1ea1n, kh\u00e1ch \u0111\u1eb7t qua \u0111\u1ed1i t\u00e1c v\u1edbi TTTC). Ch\u00fang t\u00f4i ch\u1ea5p nh\u1eadn thanh to\u00e1n b\u1eb1ng ti\u1ec1n m\u1eb7t, th\u1ebb Visa, MasterCard, American Express v\u00e0 JCB. Ph\u1ee5 ph\u00ed t\u1eeb c\u00e1c ng\u00e2n h\u00e0ng c\u00f3 th\u1ec3 \u0111\u01b0\u1ee3c \u00e1p d\u1ee5ng.<\/span><\/p>\n<p class=\"p1\"><span class=\"s1\">Xin b\u1ea3o \u0111\u1ea3m r\u1eb1ng b\u1ea1n \u0111\u00e3 cung c\u1ea5p cho ch\u00fang t\u00f4i th\u00f4ng tin h\u00f3a \u0111\u01a1n th\u1ebb t\u00edn d\u1ee5ng ch\u00ednh x\u00e1c. N\u1ebfu b\u1ea1n kh\u00f4ng cung c\u1ea5p \u0111\u1ecba ch\u1ec9 ghi h\u00f3a \u0111\u01a1n th\u1ebb t\u00edn d\u1ee5ng ho\u1eb7c th\u1ebb ghi n\u1ee3 v\u00e0\/ho\u1eb7c th\u00f4ng tin ch\u1ee7 th\u1ebb ch\u00ednh x\u00e1c th\u00ec vi\u1ec7c c\u1ea5p v\u00e9 c\u00f3 th\u1ec3 b\u1ecb tr\u00ec ho\u00e3n v\u00e0 t\u1ed5ng chi ph\u00ed c\u00f3 th\u1ec3 t\u0103ng l\u00ean. Ch\u00fang t\u00f4i c\u00f3 quy\u1ec1n h\u1ee7y v\u00e9 sau khi c\u1ea5p n\u1ebfu thanh to\u00e1n b\u1ecb t\u1eeb ch\u1ed1i ho\u1eb7c n\u1ebfu b\u1ea1n \u0111\u00e3 cung c\u1ea5p th\u00f4ng tin th\u1ebb t\u00edn d\u1ee5ng kh\u00f4ng ch\u00ednh x\u00e1c. B\u00ean c\u1ea1nh \u0111\u00f3, ch\u00fang t\u00f4i c\u0169ng c\u00f3 quy\u1ec1n ki\u1ec3m tra ng\u1eabu nhi\u00ean (k\u1ec3 c\u1ea3 danh s\u00e1ch c\u1eed tri) nh\u1eb1m gi\u1ea3m thi\u1ec3u s\u1ef1 gian l\u1eadn th\u1ebb t\u00edn d\u1ee5ng.<\/span><\/p>\n<p class=\"p1\"><span class=\"s1\">TTTC s\u1ebd kh\u00f4ng thu th\u1eadp th\u00f4ng tin chi ti\u1ebft th\u1ebb t\u00edn d\u1ee5ng c\u1ee7a b\u1ea1n. Nh\u1eefng th\u00f4ng tin m\u00e0 b\u1ea1n cung c\u1ea5p s\u1ebd \u0111\u01b0\u1ee3c b\u1ea3o \u0111\u1ea3m an to\u00e0n tuy\u1ec7t \u0111\u1ed1i trong h\u1ec7 th\u1ed1ng k\u1ef9 thu\u1eadt theo ti\u00eau chu\u1ea9n an ninh c\u00f4ng ngh\u1ec7 to\u00e0n c\u1ea7u (SSL) c\u1ee7a MasterCard v\u00e0 Ng\u00e2n h\u00e0ng ngo\u1ea1i th\u01b0\u01a1ng Vi\u1ec7t Nam (Vietcombank) khi b\u1ea1n ti\u1ebfn h\u00e0nh thanh to\u00e1n b\u1eb1ng th\u1ebb t\u00edn d\u1ee5ng.<\/span><\/p>\n<p class=\"p1\"><span class=\"s1\">Sau khi thanh to\u00e1n, TTTC s\u1ebd g\u1eedi x\u00e1c nh\u1eadn\/phi\u1ebfu thanh to\u00e1n qua email ho\u1eb7c fax: phi\u1ebfu n\u00e0y ph\u1ea3i \u0111\u01b0\u1ee3c in ra nh\u01b0 l\u00e0 b\u1eb1ng ch\u1ee9ng c\u00f9a vi\u1ec7c mua b\u00e1n, v\u00e0 s\u1ebd \u0111\u01b0\u1ee3c xu\u1ea5t tr\u00ecnh cho Nh\u00e0 cung c\u1ea5p d\u1ecbch v\u1ee5.<\/span><\/p>\n<p class=\"p1\"><span class=\"s1\">T\u1ea5t c\u1ea3 th\u00f4ng tin v\u1ec1 du kh\u00e1ch c\u1ea7n ph\u1ea3i \u0111\u01b0\u1ee3c cung c\u1ea5p m\u1ed9t c\u00e1ch ch\u00ednh x\u00e1c t\u1ea1i th\u1eddi \u0111i\u1ec3m \u0111\u0103ng k\u00fd.<\/span><\/p>\n<p class=\"p1\"><span class=\"s1\">M\u1ecdi y\u00eau c\u1ea7u s\u1eeda \u0111\u1ed5i\/b\u1ed5 sung c\u1ea7n ph\u00e0i \u0111\u01b0\u1ee3c g\u1eedi qua email \u0111\u1ebfn TTTC.<\/span><\/p>\n<p class=\"p1\"><span class=\"s1\">TTTC kh\u00f4ng ch\u1ecbu tr\u00e1ch nhi\u1ec7m v\u1ec1 b\u1ea5t c\u1ee9 v\u1ea5n \u0111\u1ec1 g\u00ec c\u00f3 th\u1ec3 x\u1ea3y ra n\u1ebfu b\u1ea1n kh\u00f4ng nh\u1eadn ho\u1eb7c \u0111\u1ecdc k\u1ef9 x\u00e1c nh\u1eadn\/phi\u1ebfu thanh to\u00e1n c\u1ee7a b\u1ea1n. Trong tr\u01b0\u1eddng h\u1ee3p b\u1ea1n ch\u01b0a nh\u1eadn \u0111\u01b0\u1ee3c phi\u1ebfu thanh to\u00e1n, b\u1ea1n c\u1ea7n ph\u1ea3i th\u00f4ng b\u00e1o cho TTTC \u00edt nh\u1ea5t 72 gi\u1edd tr\u01b0\u1edbc ng\u00e0y cung c\u1ea5p d\u1ecbch v\u1ee5 \u1ea5n \u0111\u1ecbnh.<\/span><\/p>\n<p>[\/vc_toggle][vc_toggle title=&#8221;Quy tr\u00ecnh hu\u1ef7 d\u1ecbch v\u1ee5 v\u00e0 ho\u00e0n tr\u1ea3&#8221;]<\/p>\n<p class=\"p1\"><span class=\"s1\">Vi\u1ec7c h\u1ee7y to\u00e0n b\u1ed9 c\u00e1c d\u1ecbch v\u1ee5 b\u1edfi ng\u01b0\u1eddi tham gia tour ph\u1ea3i \u0111\u01b0\u1ee3c g\u1eedi v\u00e0 nh\u1eadn b\u1eb1ng v\u0103n b\u1ea3n: email ho\u1eb7c fax. TTTC kh\u00f4ng ch\u1ea5p nh\u1eadn y\u00eau c\u1ea7u h\u1ee7y d\u1ecbch v\u1ee5 qua \u0111i\u1ec7n tho\u1ea1i.<\/span><\/p>\n<p class=\"p1\"><span class=\"s1\">TTTC kh\u00f4ng ch\u1ecbu tr\u00e1ch nhi\u1ec7m v\u1ec1 m\u1ecdi y\u00eau c\u1ea7u h\u1ee7y d\u1ecbch v\u1ee5 ch\u01b0a nh\u1eadn \u0111\u01b0\u1ee3c v\u00e0 ch\u01b0a x\u00e1c nh\u1eadn l\u1ea1i v\u1edbi b\u1ea1n. Trong tr\u01b0\u1eddng h\u1ee3p n\u00e0y, s\u1ebd \u00e1p d\u1ee5ng ph\u00ed h\u1ee7y d\u1ecbch v\u1ee5 ho\u1eb7c b\u1ecf tour.<\/span><\/p>\n<p>[\/vc_toggle][vc_toggle title=&#8221;Khi\u1ebfu n\u1ea1i v\u00e0 b\u1ed3i th\u01b0\u1eddng&#8221;]<\/p>\n<p class=\"p1\"><span class=\"s1\">N\u1ebfu kh\u00e1ch h\u00e0ng c\u00f3 khi\u1ebfu n\u1ea1i \u0111\u1ebfn Tour to the Caves, tr\u01b0\u1edbc h\u1ebft kh\u00e1ch h\u00e0ng ph\u1ea3i th\u00f4ng b\u00e1o cho tr\u01b0\u1edfng \u0111o\u00e0n c\u00e0ng s\u1edbm c\u00e0ng t\u1ed1t \u0111\u1ec3 kh\u1eafc ph\u1ee5c v\u1ea5n \u0111\u1ec1 khi\u1ebfu n\u1ea1i \u0111\u00f3. N\u1ebfu kh\u00f4ng h\u00e0i l\u00f2ng, kh\u00e1ch h\u00e0ng c\u00f3 th\u1ec3 li\u00ean h\u1ec7 v\u1edbi \u0111\u1ea1i di\u1ec7n (b\u00e1n h\u00e0ng) c\u1ee7a TTTC trong khi \u0111i tour \u0111\u1ec3 TTTC c\u00f3 c\u01a1 h\u1ed9i kh\u1eafc ph\u1ee5c v\u1ea5n \u0111\u1ec1 \u0111\u00f3. N\u1ebfu v\u1eabn ch\u01b0a h\u00e0i l\u00f2ng qua c\u00e1c k\u00eanh \u0111\u00f3 trong chuy\u1ebfn \u0111i th\u00ec kh\u00e1ch h\u00e0ng c\u1ea7n g\u1eedi m\u1ecdi v\u1ea5n \u0111\u1ec1 khi\u1ebfu n\u1ea1i tr\u1ef1c ti\u1ebfp \u0111\u1ebfn reservations@tourtothecaves.com trong v\u00f2ng 30 ng\u00e0y k\u1ec3 t\u1eeb ng\u00e0y k\u1ebft th\u00fac chuy\u1ebfn \u0111i. C\u00f4ng ty s\u1ebd kh\u00f4ng nh\u1eadn m\u1ecdi tr\u00e1ch nhi\u1ec7m \u0111\u1ed1i v\u1edbi nh\u1eefng khi\u1ebfu n\u1ea1i nh\u1eadn \u0111\u01b0\u1ee3c sau th\u1eddi h\u1ea1n n\u00e0y.<\/span><\/p>\n<p>[\/vc_toggle][vc_toggle title=&#8221;Khuy\u1ebfn m\u1ea1i&#8221;]<\/p>\n<p class=\"p1\"><span class=\"s1\">C\u00e1c tour\/g\u00f3i tour\/c\u00e1c s\u1ea3n ph\u1ea9m \u0111\u01b0\u1ee3c giao d\u1ecbch b\u1eb1ng m\u00e3 code khuy\u1ebfn m\u1ea1i s\u1ebd kh\u00f4ng th\u1ec3 h\u1ee7y v\u00e0 kh\u00f4ng \u0111\u01b0\u1ee3c ho\u00e0n tr\u1ea3.<\/span><\/p>\n<p class=\"p1\"><span class=\"s1\">H\u01a1n th\u1ebf n\u1eefa, m\u1ecdi kho\u1ea3n gi\u1ea3m gi\u00e1 v\u00e0 \u0111i\u1ec3m th\u01b0\u1edfng \u0111\u01b0\u1ee3c \u0111\u0103ng t\u1ea3i tr\u00ean trang web n\u00e0y ch\u1ec9 \u0111\u01b0\u1ee3c \u00e1p d\u1ee5ng cho trang web tourtothecaves.com v\u00e0 c\u00f3 th\u1ec3 thay \u0111\u1ed5i qua c\u00e1c trang web kh\u00e1c li\u00ean k\u1ebft v\u1edbi tourtothecaves.com<\/span><\/p>\n<p>[\/vc_toggle][vc_toggle title=&#8221;Quan h\u1ec7 th\u01b0 t\u1eeb&#8221;]<\/p>\n<p class=\"p1\"><span class=\"s1\">Khi ho\u00e0n th\u00e0nh m\u1ed9t \u0111\u0103ng k\u00fd, b\u1ea1n \u0111\u1ed3ng \u00fd nh\u1eadn email m\u00e0 ch\u00fang t\u00f4i c\u00f3 th\u1ec3 g\u1eedi \u0111\u1ebfn b\u1ea1n, cung c\u1ea5p cho b\u1ea1n nh\u1eefng th\u00f4ng tin v\u1ec1 \u0111i\u1ec3m \u0111\u1ebfn v\u00e0 nh\u1eefng th\u00f4ng tin c\u1ee5 th\u1ec3 li\u00ean quan \u0111\u1ebfn \u0111\u0103ng k\u00fd v\u00e0 c\u00e1c \u0111i\u1ec3m \u0111\u1ebfn c\u1ee7a b\u1ea1n, v\u00e0 ch\u00fang t\u00f4i c\u00f3 th\u1ec3 g\u1eedi email m\u1eddi b\u1ea1n \u0111i\u1ec1n v\u00e0o m\u1eabu \u0111\u00e1nh gi\u00e1 c\u1ee7a kh\u00e1ch h\u00e0ng.<\/span><\/p>\n<p>[\/vc_toggle][vc_toggle title=&#8221;B\u1ea3n quy\u1ec1n v\u00e0 th\u01b0\u01a1ng hi\u1ec7u&#8221;]<\/p>\n<p class=\"p1\"><span class=\"s1\">B\u1ea3n quy\u1ec1n trong n\u1ed9i dung c\u1ee7a trang web n\u00e0y thu\u1ed9c v\u1ec1 Tour to the Caves. Ch\u00fang t\u00f4i b\u1ea3o l\u01b0u b\u1ea3n quy\u1ec1n v\u00e0 c\u00f3 to\u00e0n b\u1ed9 quy\u1ec1n s\u1edf h\u1eefu \u0111\u1ed1i v\u1edbi trang web n\u00e0y v\u00e0 to\u00e0n b\u1ed9 n\u1ed9i dung c\u1ee7a n\u00f3. Th\u01b0\u01a1ng hi\u1ec7u Tour to the Caves v\u00e0 m\u1ecdi k\u00fd hi\u1ec7u, logo v\u00e0 h\u00ecnh \u1ea3nh c\u1ee7a Tour to the Caves tr\u00ean trang web n\u00e0y \u0111\u00e3 \u0111\u01b0\u1ee3c \u0111\u0103ng k\u00fd b\u1ea3o h\u1ed9 b\u1ea3n quy\u1ec1n c\u1ee7a Doanh nghi\u1ec7p t\u01b0 nh\u00e2n Nam Long Qu\u1ea3ng B\u00ecnh. C\u00e1c th\u01b0\u01a1ng hi\u1ec7u c\u1ee7a c\u00e1c c\u00f4ng ty v\u00e0 s\u1ea3n ph\u1ea9m\/d\u1ecbch v\u1ee5 kh\u00e1c tr\u00ean trang web n\u00e0y c\u00f3 th\u1ec3 l\u00e0 th\u01b0\u01a1ng hi\u1ec7u c\u1ee7a c\u00e1c ch\u1ee7 s\u1edf h\u1eefu c\u1ee7a c\u00e1c th\u01b0\u01a1ng hi\u1ec7u \u0111\u00f3. B\u1ea1n kh\u00f4ng c\u00f3 quy\u1ec1n v\u00e0 kh\u00f4ng \u0111\u01b0\u1ee3c c\u1ea5p ph\u00e9p s\u1eed d\u1ee5ng b\u1ea5t k\u1ef3 th\u01b0\u01a1ng hi\u1ec7u n\u00e0o trong s\u1ed1 \u1ea5y.<\/span><\/p>\n<p>[\/vc_toggle][vc_toggle title=&#8221;Ch\u00ednh s\u00e1ch thay \u0111\u1ed5i&#8221;]<\/p>\n<p class=\"p1\"><span class=\"s1\">www.tourtothecaves.com c\u00f3 th\u1ec3 thay \u0111\u1ed5i b\u1ea5t k\u1ef3 ph\u01b0\u01a1ng di\u1ec7n n\u00e0o c\u1ee7a trang web n\u00e0y ho\u1eb7c n\u1ed9i dung c\u1ee7a n\u00f3, bao g\u1ed3m nh\u1eefng \u0111i\u1ec3m \u0111\u1eb7c tr\u01b0ng, nh\u1eefng th\u00f4ng tin ho\u1eb7c n\u1ed9i dung kh\u00e1c v\u00e0o b\u1ea5t c\u1ee9 l\u00fac n\u00e0o m\u00e0 kh\u00f4ng c\u1ea7n ph\u1ea3i \u0111\u01b0a ra th\u00f4ng b\u00e1o tr\u01b0\u1edbc.<\/span><\/p>\n<p>[\/vc_toggle][vc_toggle title=&#8221;Li\u00ean h\u1ec7&#8221;]<\/p>\n<p class=\"p1\"><span class=\"s1\">M\u1ecdi ph\u1ea3n h\u1ed3i v\u00e0 \u0111\u00f3ng g\u00f3p xin vui l\u00f2ng g\u1eedi t\u1edbi <\/span><\/p>\n<p class=\"p1\"><span class=\"s1\">\u0110\u1ecba ch\u1ec9: 63 Nguy\u1ec5n \u0110\u00ecnh Chi\u1ec3u, \u0110\u1ed3ng H\u1edbi, Qu\u1ea3ng B\u00ecnh, Vi\u1ec7t Nam 510000<\/span><\/p>\n<p class=\"p1\"><span class=\"s1\">Tel : +84 (0) 91 892 3595<\/span><\/p>\n<p class=\"p1\"><span class=\"s1\">E-mail : reservations@tourtothecaves.com<\/span><\/p>\n<p>[\/vc_toggle][\/vc_column][\/vc_row][vc_row][vc_column][\/vc_column][\/vc_row]<\/p>\n<\/div>","protected":false},"excerpt":{"rendered":"<p>[vc_row][vc_column][vc_column_text] C\u00e1c \u0111i\u1ec1u ki\u1ec7n v\u00e0 \u0111i\u1ec1u kho\u1ea3n Trang web n\u00e0y \u0111\u01b0\u1ee3c \u0111i\u1ec1u h\u00e0nh b\u1edfi Tour to the Caves (TTTC). Xin vui l\u00f2ng \u0111\u1ecdc k\u1ef9 c\u00e1c \u0110i\u1ec1u ki\u1ec7n &amp; \u0110i\u1ec1u kho\u1ea3n tr\u01b0\u1edbc khi s\u1eed d\u1ee5ng ho\u1eb7c \u0111\u0103ng k\u00fd tr\u00ean trang web n\u00e0y. B\u1ea1n ph\u1ea3i ho\u00e0n to\u00e0n \u0111\u1ed3ng \u00fd v\u1edbi c\u00e1c \u0111i\u1ec1u ki\u1ec7n v\u00e0 \u0111i\u1ec1u kho\u1ea3n n\u00e0y [&hellip;]<\/p>\n","protected":false},"author":1,"featured_media":0,"parent":0,"menu_order":0,"comment_status":"closed","ping_status":"closed","template":"template-home.php","meta":{"footnotes":""},"class_list":["post-12765","page","type-page","status-publish","has-post-thumbnail","hentry"],"_links":{"self":[{"href":"https:\/\/namlonghotels.com\/vi\/wp-json\/wp\/v2\/pages\/12765","targetHints":{"allow":["GET"]}}],"collection":[{"href":"https:\/\/namlonghotels.com\/vi\/wp-json\/wp\/v2\/pages"}],"about":[{"href":"https:\/\/namlonghotels.com\/vi\/wp-json\/wp\/v2\/types\/page"}],"author":[{"embeddable":true,"href":"https:\/\/namlonghotels.com\/vi\/wp-json\/wp\/v2\/users\/1"}],"replies":[{"embeddable":true,"href":"https:\/\/namlonghotels.com\/vi\/wp-json\/wp\/v2\/comments?post=12765"}],"version-history":[{"count":7,"href":"https:\/\/namlonghotels.com\/vi\/wp-json\/wp\/v2\/pages\/12765\/revisions"}],"predecessor-version":[{"id":14540,"href":"https:\/\/namlonghotels.com\/vi\/wp-json\/wp\/v2\/pages\/12765\/revisions\/14540"}],"wp:attachment":[{"href":"https:\/\/namlonghotels.com\/vi\/wp-json\/wp\/v2\/media?parent=12765"}],"curies":[{"name":"wp","href":"https:\/\/api.w.org\/{rel}","templated":true}]}}