{"id":12750,"date":"2022-08-23T16:26:20","date_gmt":"2022-08-23T16:26:20","guid":{"rendered":"http:\/\/alantigner.org\/tttcmodern3\/cau-hoi-thuong-gap-faqs-2\/"},"modified":"2022-09-11T15:38:35","modified_gmt":"2022-09-11T15:38:35","slug":"frequently-answer-questions-faqs","status":"publish","type":"page","link":"https:\/\/namlonghotels.com\/vi\/frequently-answer-questions-faqs\/","title":{"rendered":"C\u00e2u h\u1ecfi th\u01b0\u1eddng g\u1eb7p (FAQs)"},"content":{"rendered":"<div class=\"wpb-content-wrapper\"><p>[vc_row][vc_column][vc_column_text]<\/p>\n<h3>C\u00e2u h\u1ecfi th\u01b0\u1eddng g\u1eb7p (FAQs)<\/h3>\n<p>[\/vc_column_text][vc_text_separator title=&#8221;B\u1ea5m \u0111\u1ec3 m\u1edf r\u1ed9ng ch\u1ee7 \u0111\u1ec1&#8221; color=&#8221;turquoise&#8221; border_width=&#8221;5&#8243;][\/vc_column][\/vc_row][vc_row][vc_column][vc_toggle title=&#8221;Chuy\u1ebfn \u0111i s\u1ebd \u0111\u01b0\u1ee3c b\u1eaft \u0111\u1ea7u t\u1eeb \u0111\u00e2u?&#8221;]<\/p>\n<p class=\"Body\">Xe bu\u00fdt c\u1ee7a Tour to the Caves s\u1ebd \u0111\u00f3n b\u1ea1n \u1edf t\u1ea1i b\u1ea5t c\u1ee9 kh\u00e1ch s\u1ea1n n\u00e0o trong khu v\u1ef1c th\u00e0nh ph\u1ed1 \u0110\u1ed3ng H\u1edbi. Tu\u1ef3 v\u00e0o kho\u1ea3ng c\u00e1ch \u0111\u1ecba l\u00fd ch\u00fang t\u00f4i c\u00f3 th\u1ec3 \u0111\u00f3n b\u1ea1n s\u1edbm h\u01a1n gi\u1edd kh\u1edfi h\u00e0nh, t\u1eeb 7:45 &#8211; 8:00 s\u00e1ng.<\/p>\n<p>[\/vc_toggle][\/vc_column][\/vc_row][vc_row][vc_column][vc_toggle title=&#8221;Tour s\u1ebd k\u1ebft th\u00fac v\u00e0o l\u00fac m\u1ea5y gi\u1edd?&#8221;]<\/p>\n<p class=\"Body\">\u0110\u1ed1i v\u1edbi c\u00e1c tour h\u00e0ng ng\u00e0y, xe c\u1ee7a ch\u00fang t\u00f4i s\u1ebd r\u1eddi khu v\u1ef1c Phong Nha v\u00e0o kho\u1ea3ng 16:00 chi\u1ec1u, v\u00e0 \u01b0\u1edbc t\u00ednh s\u1ebd v\u1ec1 t\u1edbi \u0110\u1ed3ng H\u1edbi trong kho\u1ea3ng 45 ph\u00fat ti\u1ebfp theo v\u00e0 \u0111\u00f3n tr\u1ea3 kh\u00e1ch \u1edf c\u00e1c \u0111\u1ecba \u0111i\u1ec3m t\u1edbi tr\u01b0\u1edbc 17:00. C\u00e1c b\u1ea1n n\u00ean l\u00ean k\u1ebf ho\u1ea1ch \u0111i t\u00e0u xe s\u1edbm nh\u1ea5t sau 18:00, tr\u00e1nh tr\u01b0\u1eddng h\u1ee3p kh\u00f4ng \u0111\u1ee7 th\u1eddi gian \u0111\u1ec3 di chuy\u1ec3n.<\/p>\n<p class=\"Body\">\u0110\u1ed1i v\u1edbi c\u00e1c tour m\u1ea1o hi\u1ec3m \u1edf l\u1ea1i, th\u1eddi gian k\u1ebft th\u00fac tour c\u1ee7a c\u00e1c b\u1ea1n s\u1ebd ph\u1ee5 thu\u1ed9c v\u00e0o t\u1ed1c \u0111\u1ed9 di chuy\u1ec3n c\u1ee7a \u0111o\u00e0n.<\/p>\n<p>[\/vc_toggle][\/vc_column][\/vc_row][vc_row][vc_column][vc_toggle title=&#8221;T\u00f4i n\u00ean \u0111\u1eb7t ch\u1ed7 cho tour khi n\u00e0o?&#8221;]<\/p>\n<p class=\"Body\">C\u00e1c b\u1ea1n c\u00f3 th\u1ec3 \u0111\u1eb7t tour b\u1ea5t c\u1ee9 khi n\u00e0o b\u1ea1n mu\u1ed1n tr\u01b0\u1edbc ng\u00e0y \u0111i tour.<\/p>\n<p>[\/vc_toggle][\/vc_column][\/vc_row][vc_row][vc_column][vc_toggle title=&#8221;T\u00f4i tr\u1ea3 ti\u1ec1n cho g\u00f3i h\u00e0nh tr\u00ecnh c\u1ee7a m\u00ecnh b\u1eb1ng c\u00e1ch n\u00e0o?&#8221;]<\/p>\n<p class=\"Body\">B\u1ea1n c\u00f3 th\u1ec3 tr\u1ea3 b\u1eb1ng ti\u1ec1n m\u1eb7t ho\u1eb7c th\u1ebb t\u00edn d\u1ee5ng ng\u00e2n h\u00e0ng c\u00f2n hi\u1ec7u l\u1ef1c t\u1ea1i c\u00e1c \u0111\u1ecba \u0111i\u1ec3m cung c\u1ea5p th\u00f4ng tin tour. Ngo\u00e0i ra b\u1ea1n c\u00f3 th\u1ec3 \u0111\u1ebfn tr\u1ef1c ti\u1ec7p t\u1ea1i v\u0103n ph\u00f2ng Tour to the Caves t\u1ea1i 63 Nguy\u1ec5n \u0110\u00ecnh Chi\u1ec3u, \u0110\u1ed3ng M\u1ef9, \u0110\u1ed3ng H\u1edbi, \u0111\u1ec3 th\u1ef1c hi\u1ec7n \u0111\u1eb7t v\u00e9 tour v\u00e0 tr\u1ea3 ti\u1ec1n d\u1ecbch v\u1ee5.<\/p>\n<p>[\/vc_toggle][\/vc_column][\/vc_row][vc_row][vc_column][vc_toggle title=&#8221;Tour c\u00f3 bao g\u1ed3m b\u1ea3o hi\u1ec3m du l\u1ecbch kh\u00f4ng?&#8221;]<\/p>\n<p class=\"Body\">\u0110\u1ed1i v\u1edbi c\u00e1c tour h\u00e0ng ng\u00e0y, ch\u00fang t\u00f4i \u0111\u00e3 bao g\u1ed3m chi ph\u00ed b\u1ea3o hi\u1ec3m du l\u1ecbch c\u00f3 h\u1ea1n \u0111\u1ecbnh. Tuy nhi\u00ean khi tham gia c\u00e1c tour m\u1ea1o hi\u1ec3m \u0111\u1eb7c bi\u1ec7t, b\u1ea1n \u0111\u1ed3ng \u00fd v\u1edbi \u0111i\u1ec1u kho\u1ea3n ch\u1ecbu tr\u00e1ch nhi\u1ec7m to\u00e0n b\u1ed9 v\u1ec1 t\u00ednh m\u1ea1ng v\u00e0 s\u1ee9c kho\u1ebb c\u1ee7a b\u1ea3n th\u00e2n, \u0111\u1ed3ng th\u1eddi ch\u1ecbu tr\u00e1ch nhi\u1ec7m chi tr\u1ea3 cho c\u00e1c g\u00f3i b\u1ea3o hi\u1ec3m du l\u1ecbch theo nhu c\u1ea7u c\u00e1 nh\u00e2n.<\/p>\n<p>[\/vc_toggle][\/vc_column][\/vc_row][vc_row][vc_column][vc_toggle title=&#8221;Chuy\u1ebfn \u0111i c\u00f3 \u0111\u01b0\u1ee3c trang b\u1ecb c\u00e1c thi\u1ebft b\u1ecb y t\u1ebf kh\u1ea9n c\u1ea5p kh\u00f4ng?&#8221;]Ch\u00fang t\u00f4i lu\u00f4n chu\u1ea9n b\u1ecb c\u00e1c thi\u1ebft b\u1ecb y t\u1ebf first-aid kit tr\u00ean t\u1ea5t c\u1ea3 c\u00e1c chuy\u1ebfn \u0111i \u0111\u1ec3 \u0111\u1ea3m b\u1ea3o s\u01a1 c\u1ee9u\u00a0 k\u1ecbp th\u1eddi trong tr\u01b0\u1eddng h\u1ee3p c\u00e1c tai n\u1ea1n kh\u00f4ng nghi\u00eam tr\u1ecdng x\u1ea3y ra.[\/vc_toggle][\/vc_column][\/vc_row][vc_row][vc_column][vc_toggle title=&#8221;N\u1ebfu t\u00f4i c\u00f3 nh\u1eefng b\u1ea5t c\u1eadp v\u1ec1 di chuy\u1ec3n, v\u00ed d\u1ee5 nh\u01b0 ph\u1ea3i s\u1eed d\u1ee5ng n\u1ea1ng, xe l\u0103n, hay c\u00e1c thi\u1ebft b\u1ecb ch\u0103m s\u00f3c s\u1ee9c kho\u1ebb, tr\u01b0\u1eddng h\u1ee3p c\u1ee7a t\u00f4i c\u00f3 \u0111\u01b0\u1ee3c h\u1ed7 tr\u1ee3 hay kh\u00f4ng?&#8221;]<\/p>\n<p class=\"Body\">V\u00ec \u0111\u1ecba h\u00ecnh c\u1ee7a c\u00e1c hang \u0111\u1ed9ng r\u1ea5t g\u1ed3 gh\u1ec1 v\u00e0 b\u1ea5t ti\u1ec7n, c\u1ed9ng th\u00eam vi\u1ec7c di chuy\u1ec3n xa, kh\u00f3 kh\u0103n v\u00e0 \u0111\u1ed9 m\u1ea1o hi\u1ec3m c\u1ee7a tour, ch\u00fang t\u00f4i kh\u00f4ng khuy\u1ebfn kh\u00edch c\u00e1c b\u1ea1n s\u1eed d\u1ee5ng c\u00e1c d\u1ecbch v\u1ee5 th\u00e1m hi\u1ec3m nh\u01b0 tr\u00ean, ngo\u1ea1i tr\u1eeb khu v\u1ef1c \u0111i thuy\u1ec1n Phong Nha.<\/p>\n<p>[\/vc_toggle][\/vc_column][\/vc_row][vc_row][vc_column][vc_toggle title=&#8221;Ch\u00ednh s\u00e1ch hu\u1ef7 tour c\u1ee7a Tour to the Caves l\u00e0 g\u00ec?&#8221;]<\/p>\n<p class=\"Body\">\u0110\u1ed1i v\u1edbi c\u00e1c tour c\u00e1 nh\u00e2n \u0111\u01b0\u1ee3c \u0111\u1eb7t th\u00f4ng qua website, v\u00ec ch\u00fang t\u00f4i kh\u00f4ng y\u00eau c\u1ea7u c\u00e1c kho\u1ea3n \u0111\u1eb7t c\u1ecdc hay tr\u1ea3 tr\u01b0\u1edbc b\u1eb1ng ti\u1ec1n m\u1eb7t hay b\u1eb1ng th\u1ebb t\u00edn d\u1ee5ng n\u00ean b\u1ea1n c\u00f3 kh\u1ea3 n\u0103ng hu\u1ef7 tour b\u1eb1ng c\u00e1ch li\u00ean h\u1ec7 v\u1edbi ch\u00fang t\u00f4i qua email <a href=\"mailto:reservations@tourtothecaves.com\"><span class=\"Hyperlink0\">reservations@tourtothecaves.com<\/span><\/a>. Ri\u00eang \u0111\u1ed1i v\u1edbi tour t\u1eadp th\u1ec3 tr\u00ean 3 ng\u01b0\u1eddi, ch\u00fang t\u00f4i y\u00eau c\u1ea7u b\u1ea1n c\u1ea7n th\u00f4ng b\u00e1o v\u1ec1 hu\u1ef7 b\u1ecf tour 7 ng\u00e0y tr\u01b0\u1edbc khi kh\u1edfi h\u00e0nh.<\/p>\n<p>[\/vc_toggle][\/vc_column][\/vc_row][vc_row][vc_column][vc_toggle title=&#8221;T\u00f4i t\u1edbi \u0110\u1ed3ng H\u1edbi b\u1eb1ng c\u00e1ch n\u00e0o?&#8221;]<\/p>\n<p class=\"Body\">B\u1ea1n c\u00f3 th\u1ec3 di chuy\u1ec3n c\u00e1 nh\u00e2n ho\u1eb7c theo \u0111o\u00e0n t\u1edbi \u0110\u1ed3ng H\u1edbi b\u1eb1ng \u0111\u01b0\u1eddng t\u00e0u ho\u1ea3, xe bu\u00fdt, ho\u1eb7c b\u1eb1ng m\u00e1y bay. C\u00e1c b\u1ea1n c\u00f3 th\u1ec3 di chuy\u1ec3n t\u1edbi ga t\u00e0u \u0110\u1ed3ng H\u1edbi theo tuy\u1ebfn \u0111\u01b0\u1eddng s\u1eaft B\u1eafc &#8211; Nam, ho\u1eb7c bay t\u1eeb H\u00e0 N\u1ed9i, S\u00e0i G\u00f2n, Chiang Mai (Thailand) b\u1eb1ng c\u00e1c chuy\u1ebfn bay t\u1eeb Vietnam Airlines, Jetstar Pacific, ho\u1eb7c Vietjet Air.<\/p>\n<p>[\/vc_toggle][\/vc_column][\/vc_row][vc_row][vc_column][vc_toggle title=&#8221;T\u00f4i c\u00f3 th\u1ec3 l\u00e0m g\u00ec \u1edf \u0110\u1ed3ng H\u1edbi?&#8221;]<\/p>\n<p class=\"Body\">Khi ch\u1ecdn gh\u00e9 qua ho\u1eb7c \u1edf l\u1ea1i \u0110\u1ed3ng H\u1edbi cho chuy\u1ebfn h\u00e0nh tr\u00ecnh c\u1ee7a m\u00ecnh, b\u1ea1n c\u00f3 th\u1ec3 d\u00e0nh th\u1eddi gian tham quan c\u00e1c b\u1ea3o t\u00e0ng v\u00e0 di t\u00edch l\u1ecbch s\u1eed trong khu v\u1ef1c nh\u01b0 nh\u00e0 th\u1edd Tam To\u00e0, t\u01b0\u1ee3ng \u0111\u00e0i M\u1eb9 Su\u1ed1t, ch\u1ee3 c\u00e1, ch\u00f9a chi\u1ec1n, bi\u1ec3n v\u00e0 \u0111\u1ed3i c\u00e1t. M\u1ecdi \u0111\u1ecba \u0111i\u1ec3m th\u00fa v\u1ecb \u0111\u00e3 \u0111\u01b0\u1ee3c ch\u00fang t\u00f4i ch\u1ecdn l\u1ecdc v\u00e0 v\u00e0 t\u1ed5ng h\u1ee3p l\u1ea1i trong m\u1ed9t l\u1ed9 tr\u00ecnh \u0111\u1ea7y \u0111\u1ee7 v\u00e0 ti\u1ec7n l\u1ee3i. \u0110\u1ec3 bi\u1ebft th\u00eam c\u00e1c b\u1ea1n c\u00f3 th\u1ec3 tham kh\u1ea3o th\u00eam City Tour.<\/p>\n<p>[\/vc_toggle][\/vc_column][\/vc_row][vc_row][vc_column][vc_toggle title=&#8221;T\u1eeb \u0110\u1ed3ng H\u1edbi \u0111i \u0111\u01b0\u1ee3c nh\u1eefng \u0111\u00e2u?&#8221;]<\/p>\n<p class=\"Body\">T\u1eeb \u0110\u1ed3ng H\u1edbi c\u00e1c b\u1ea1n c\u00f3 th\u1ec3 \u0111i t\u1edbi Qu\u1ea3ng Tr\u1ecb ho\u1eb7c H\u00e0 T\u0129nh, l\u00e0 hai t\u1ec9nh gi\u00e1p bi\u00ean gi\u1edbi ph\u00eda Nam v\u00e0 ph\u00eda B\u1eafc. Theo xe bu\u00fdt c\u00e1c b\u1ea1n c\u00f3 th\u1ec3 l\u00ean c\u1eeda kh\u1ea9u Cha Lo \u0111i L\u00e0o, ho\u1eb7c theo m\u00e1y bay \u0111i Chiang Mai.<\/p>\n<p>[\/vc_toggle][\/vc_column][\/vc_row][vc_row][vc_column][vc_toggle title=&#8221;Khi t\u1edbi \u0110\u1ed3ng H\u1edbi trong ng\u00e0y T\u1ebft ho\u1eb7c c\u00e1c ng\u00e0y l\u1ec5 qu\u1ed1c gia t\u00f4i n\u00ean l\u01b0u \u00fd \u0111i\u1ec1u g\u00ec?&#8221;]<\/p>\n<p class=\"Body\">V\u00e0o ng\u00e0y T\u1ebft g\u1ea7n nh\u01b0 t\u1ea5t c\u1ea3 c\u00e1c d\u1ecbch v\u1ee5 kh\u00e1ch h\u00e0ng \u0111\u1ec1u \u0111\u00f3ng c\u1eeda, ri\u00eang m\u1ed9t s\u1ed1 doanh nghi\u1ec7p nh\u1ecf l\u1ebb nh\u01b0 kh\u00e1ch s\u1ea1n N\u0103m Long \u1edf \u0110\u1ed3ng H\u1edbi s\u1ebd m\u1edf c\u1eeda v\u00e0 ph\u1ee5c v\u1ee5 kh\u00e1ch ngo\u1ea1i t\u1ec9nh v\u00e0 n\u01b0\u1edbc ngo\u00e0i.<\/p>\n<p>[\/vc_toggle][\/vc_column][\/vc_row][vc_row][vc_column][vc_toggle title=&#8221;\u1ede \u0110\u1ed3ng H\u1edbi v\u00e0 Phong Nha c\u00f3 c\u00e1c \u0111\u1ecba \u0111i\u1ec3m giao d\u1ecbch ng\u00e2n h\u00e0ng ho\u1eb7c ATM kh\u00f4ng?&#8221;]<\/p>\n<p class=\"Body\">\u1ede \u0110\u1ed3ng H\u1edbi c\u00f3 \u0111\u1ea7y \u0111\u1ee7 c\u00e1c ti\u1ec7n \u00edch r\u00fat, g\u1eedi v\u00e0 chuy\u1ec3n ti\u1ec1n t\u1ea1i c\u00e1c ATM \u1edf t\u1ea1i s\u1ed1 3 ho\u1eb7c 50 L\u00fd Th\u01b0\u1eddng Ki\u1ec7t n\u01a1i tr\u1ee5 s\u1edf c\u1ee7a c\u00e1c ng\u00e2n h\u00e0ng. Tuy nhi\u00ean t\u1ea1i Phong Nha c\u00e1c thi\u1ebft b\u1ecb c\u00f2n r\u1ea5t h\u1ea1n ch\u1ebf v\u00e0 kh\u00f4ng ti\u1ec7n l\u1ee3i cho vi\u1ec7c r\u00fat, chuy\u1ec3n ti\u1ec1n.<\/p>\n<p>[\/vc_toggle][\/vc_column][\/vc_row]<\/p>\n<\/div>","protected":false},"excerpt":{"rendered":"<p>[vc_row][vc_column][vc_column_text] C\u00e2u h\u1ecfi th\u01b0\u1eddng g\u1eb7p (FAQs) [\/vc_column_text][vc_text_separator title=&#8221;B\u1ea5m \u0111\u1ec3 m\u1edf r\u1ed9ng ch\u1ee7 \u0111\u1ec1&#8221; color=&#8221;turquoise&#8221; border_width=&#8221;5&#8243;][\/vc_column][\/vc_row][vc_row][vc_column][vc_toggle title=&#8221;Chuy\u1ebfn \u0111i s\u1ebd \u0111\u01b0\u1ee3c b\u1eaft \u0111\u1ea7u t\u1eeb \u0111\u00e2u?&#8221;] Xe bu\u00fdt c\u1ee7a Tour to the Caves s\u1ebd \u0111\u00f3n b\u1ea1n \u1edf t\u1ea1i b\u1ea5t c\u1ee9 kh\u00e1ch s\u1ea1n n\u00e0o trong khu v\u1ef1c th\u00e0nh ph\u1ed1 \u0110\u1ed3ng H\u1edbi. Tu\u1ef3 v\u00e0o kho\u1ea3ng c\u00e1ch \u0111\u1ecba l\u00fd ch\u00fang t\u00f4i [&hellip;]<\/p>\n","protected":false},"author":1,"featured_media":0,"parent":0,"menu_order":0,"comment_status":"closed","ping_status":"closed","template":"template-home.php","meta":{"footnotes":""},"class_list":["post-12750","page","type-page","status-publish","has-post-thumbnail","hentry"],"_links":{"self":[{"href":"https:\/\/namlonghotels.com\/vi\/wp-json\/wp\/v2\/pages\/12750","targetHints":{"allow":["GET"]}}],"collection":[{"href":"https:\/\/namlonghotels.com\/vi\/wp-json\/wp\/v2\/pages"}],"about":[{"href":"https:\/\/namlonghotels.com\/vi\/wp-json\/wp\/v2\/types\/page"}],"author":[{"embeddable":true,"href":"https:\/\/namlonghotels.com\/vi\/wp-json\/wp\/v2\/users\/1"}],"replies":[{"embeddable":true,"href":"https:\/\/namlonghotels.com\/vi\/wp-json\/wp\/v2\/comments?post=12750"}],"version-history":[{"count":6,"href":"https:\/\/namlonghotels.com\/vi\/wp-json\/wp\/v2\/pages\/12750\/revisions"}],"predecessor-version":[{"id":12759,"href":"https:\/\/namlonghotels.com\/vi\/wp-json\/wp\/v2\/pages\/12750\/revisions\/12759"}],"wp:attachment":[{"href":"https:\/\/namlonghotels.com\/vi\/wp-json\/wp\/v2\/media?parent=12750"}],"curies":[{"name":"wp","href":"https:\/\/api.w.org\/{rel}","templated":true}]}}