{"id":11166,"date":"2019-01-11T07:11:40","date_gmt":"2019-01-11T07:11:40","guid":{"rendered":"http:\/\/alantigner.org\/tttcmodern2\/tour-home-page-vn\/"},"modified":"2023-07-21T09:14:25","modified_gmt":"2023-07-21T09:14:25","slug":"tour-home-page-vn","status":"publish","type":"page","link":"https:\/\/namlonghotels.com\/vi\/","title":{"rendered":"Home VN"},"content":{"rendered":"<div class=\"wpb-content-wrapper\"><p>[vc_row][vc_column][vc_gallery interval=&#8221;3&#8243; images=&#8221;13136,13134,13132,13130,13128,13126,13124,13122,13120,13118,13116&#8243; img_size=&#8221;1200X500&#8243;][\/vc_column][\/vc_row][vc_row][vc_column][vc_column_text]<\/p>\n<h2 class=\"animated fadeInDown\" style=\"text-align: center;\"><em><strong><span class=\"HwtZe\" lang=\"vi\"><span class=\"jCAhz ChMk0b\"><span class=\"ryNqvb\">Cave Tours \/ V\u00e9 tham quan \/ K\u1ebf ho\u1ea1ch tour du l\u1ecbch<\/span><\/span><\/span><\/strong><\/em><\/h2>\n<p>[\/vc_column_text][\/vc_column][\/vc_row][vc_row][vc_column width=&#8221;1\/3&#8243;]<div class=\"st-featured-item image-left\">\r\n    <div class=\"image\">\r\n            <\/div>\r\n    <div class=\"content\">\r\n        <h3 class=\"title\">Ch\u00e0o m\u1eebng \u0111\u1ebfn v\u1edbi c\u00e1c kh\u00e1ch s\u1ea1n gia \u0111\u00ecnh c\u1ee7a ch\u00fang t\u00f4i<\/h3>\r\n        <div class=\"desc\">Ch\u00fang t\u00f4i l\u00e0 gia \u0111\u00ecnh Ho Van Sy, nh\u1eefng ng\u01b0\u1eddi s\u00e1ng l\u1eadp c\u1ee7a kh\u00e1ch s\u1ea1n Nam Long ban \u0111\u1ea7u v\u00e0 b\u00e2y gi\u1edd l\u00e0 Nam Long m\u1edbi c\u1ed9ng v\u1edbi ch\u1ec9 c\u00e1ch hai kh\u1ed1i. M\u1ee5c ti\u00eau c\u1ee7a gia \u0111\u00ecnh v\u00e0 nh\u00e2n vi\u00ean m\u1edf r\u1ed9ng c\u1ee7a ch\u00fang t\u00f4i l\u00e0 s\u1ef1 hi\u1ebfu kh\u00e1ch, s\u1ea1ch s\u1ebd, gi\u00e1 tr\u1ecb t\u1ed1t v\u00e0 d\u1ecbch v\u1ee5 v\u1edbi m\u1ed9t n\u1ee5 c\u01b0\u1eddi. \u0110\u1ed1i v\u1edbi kh\u00e1ch h\u00e0ng trung th\u00e0nh c\u1ee7a ch\u00fang t\u00f4i: Nh\u1eefng b\u00ecnh lu\u1eadn h\u00e0o ph\u00f3ng c\u1ee7a b\u1ea1n v\u1ec1 Trip Advisor v\u00e0 c\u00e1c trang web kh\u00e1c th\u00fac \u0111\u1ea9y ch\u00fang t\u00f4i ti\u1ebfp t\u1ee5c ki\u1ebfm \u0111\u01b0\u1ee3c ni\u1ec1m tin c\u1ee7a b\u1ea1n. C\u1ea3m \u01a1n!<\/p>\n<p>--- SY, NGA, BONG (23) v\u00e0 BUN (16)<\/div>\r\n    <\/div>\r\n<\/div>\r\n[\/vc_column][vc_column width=&#8221;1\/3&#8243;]<div class=\"st-featured-item image-left\">\r\n    <div class=\"image\">\r\n            <\/div>\r\n    <div class=\"content\">\r\n        <h3 class=\"title\">Dong HOI: C\u1ed5ng v\u00e0o c\u00e1c hang \u0111\u1ed9ng<\/h3>\r\n        <div class=\"desc\">H\u1ea7u h\u1ebft kh\u00e1ch mu\u1ed1n gh\u00e9 th\u0103m c\u1ea3 Dong HOI v\u00e0 c\u00e1c hang \u0111\u1ed9ng. V\u00ec v\u1eady, ch\u00fang t\u00f4i \u0111\u00e3 thi\u1ebft k\u1ebf trang web n\u00e0y \u0111\u1ec3 cung c\u1ea5p cho b\u1ea1n th\u00f4ng tin l\u1eadp k\u1ebf ho\u1ea1ch h\u1eefu \u00edch. B\u1ea1n \u0111\u01b0\u1ee3c ch\u00e0o \u0111\u00f3n \u0111\u1ec3 g\u1eedi email cho ch\u00fang t\u00f4i \u0111\u1ec3 \u0111\u1eb7t ph\u00f2ng c\u1ee7a b\u1ea1n (t\u1ea1i m\u1ed9t trong hai kh\u00e1ch s\u1ea1n) c\u0169ng nh\u01b0 c\u00e1c tour du l\u1ecbch c\u1ee7a b\u1ea1n. Dong Hoi, v\u1edbi c\u00e1c li\u00ean k\u1ebft xe bu\u00fdt, xe l\u1eeda v\u00e0 kh\u00f4ng kh\u00ed, l\u00e0 th\u00e0nh ph\u1ed1 c\u1eeda ng\u00f5 cho c\u00e1c hang \u0111\u1ed9ng. Kh\u00e1ch n\u00f3i v\u1edbi ch\u00fang t\u00f4i r\u1eb1ng c\u00e1c tour du l\u1ecbch c\u1ee7a ch\u00fang t\u00f4i c\u00f3 gi\u00e1 th\u1ea5p h\u01a1n, c\u00e1c kh\u00e1ch s\u1ea1n \u00edt t\u1ed1n k\u00e9m h\u01a1n v\u00e0 c\u00e1c li\u00ean k\u1ebft v\u1eadn chuy\u1ec3n r\u1ebb h\u01a1n v\u00e0 thu\u1eadn ti\u1ec7n h\u01a1n. Th\u00eam v\u00e0o \u0111\u00f3, h\u1ecd n\u00f3i Dong Hoi City r\u1ea5t d\u1ec5 ch\u1ecbu.<\/div>\r\n    <\/div>\r\n<\/div>\r\n[\/vc_column][vc_column width=&#8221;1\/3&#8243;]<div class=\"st-featured-item image-left\">\r\n    <div class=\"image\">\r\n            <\/div>\r\n    <div class=\"content\">\r\n        <h3 class=\"title\">Kh\u00e1ch h\u00e0ng h\u00e0i l\u00f2ng tr\u00ean TripAdvisor<\/h3>\r\n        <div class=\"desc\"><\/div>\r\n    <\/div>\r\n<\/div>\r\n[vc_raw_html]JTNDY2VudGVyJTNFJTNDZGl2JTIwaWQlM0QlMjJUQV9jZHNyYXRpbmdzb25seW5hcnJvdzIzOSUyMiUyMGNsYXNzJTNEJTIyVEFfY2RzcmF0aW5nc29ubHluYXJyb3clMjIlM0UlM0N1bCUyMGlkJTNEJTIyenhDam44OGo3QzQlMjIlMjBjbGFzcyUzRCUyMlRBX2xpbmtzJTIwc3hYYWd2aWM1SSUyMiUzRSUzQ2xpJTIwaWQlM0QlMjJnR1BHN3JkUExXJTIyJTIwY2xhc3MlM0QlMjJXc2R3cXk1TnQlMjIlM0UlM0NhJTIwdGFyZ2V0JTNEJTIyX2JsYW5rJTIyJTIwaHJlZiUzRCUyMmh0dHBzJTNBJTJGJTJGd3d3LnRyaXBhZHZpc29yLmNvbSUyRkhvdGVsX1Jldmlldy1nNjU5OTI0LWQ1OTcwNDIyLVJldmlld3MtTmFtX0xvbmdfUGx1c19Ib3RlbC1Eb25nX0hvaV9RdWFuZ19CaW5oX1Byb3ZpbmNlLmh0bWwlMjIlM0UlM0NpbWclMjBzcmMlM0QlMjJodHRwcyUzQSUyRiUyRnd3dy50cmlwYWR2aXNvci5jb20lMkZpbWclMkZjZHNpJTJGaW1nMiUyRmJyYW5kaW5nJTJGdjIlMkZUcmlwYWR2aXNvcl9sb2NrdXBfaG9yaXpvbnRhbF9zZWNvbmRhcnlfcmVnaXN0ZXJlZC0xODAzNC0yLnN2ZyUyMiUyMGFsdCUzRCUyMlRyaXBBZHZpc29yJTIyJTJGJTNFJTNDJTJGYSUzRSUzQyUyRmxpJTNFJTNDJTJGdWwlM0UlM0MlMkZkaXYlM0UlM0MlMkZjZW50ZXIlM0U=[\/vc_raw_html][vc_raw_js]JTNDc2NyaXB0JTIwYXN5bmMlMjBzcmMlM0QlMjJodHRwcyUzQSUyRiUyRnd3dy5qc2NhY2hlLmNvbSUyRndlanMlM0Z3dHlwZSUzRGNkc3JhdGluZ3Nvbmx5bmFycm93JTI2YW1wJTNCdW5pcSUzRDIzOSUyNmFtcCUzQmxvY2F0aW9uSWQlM0Q1OTcwNDIyJTI2YW1wJTNCbGFuZyUzRGVuX1VTJTI2YW1wJTNCYm9yZGVyJTNEdHJ1ZSUyNmFtcCUzQmRpc3BsYXlfdmVyc2lvbiUzRDIlMjIlMjBkYXRhLWxvYWR0cmslMjBvbmxvYWQlM0QlMjJ0aGlzLmxvYWR0cmslM0R0cnVlJTIyJTNFJTNDJTJGc2NyaXB0JTNF[\/vc_raw_js][\/vc_column][\/vc_row]<\/p>\n<\/div>","protected":false},"excerpt":{"rendered":"<p>[vc_row][vc_column][vc_gallery interval=&#8221;3&#8243; images=&#8221;13136,13134,13132,13130,13128,13126,13124,13122,13120,13118,13116&#8243; img_size=&#8221;1200X500&#8243;][\/vc_column][\/vc_row][vc_row][vc_column][vc_column_text] Cave Tours \/ V\u00e9 tham quan \/ K\u1ebf ho\u1ea1ch tour du l\u1ecbch [\/vc_column_text][\/vc_column][\/vc_row][vc_row][vc_column width=&#8221;1\/3&#8243;][\/vc_column][vc_column width=&#8221;1\/3&#8243;][\/vc_column][vc_column width=&#8221;1\/3&#8243;][vc_raw_html]JTNDY2VudGVyJTNFJTNDZGl2JTIwaWQlM0QlMjJUQV9jZHNyYXRpbmdzb25seW5hcnJvdzIzOSUyMiUyMGNsYXNzJTNEJTIyVEFfY2RzcmF0aW5nc29ubHluYXJyb3clMjIlM0UlM0N1bCUyMGlkJTNEJTIyenhDam44OGo3QzQlMjIlMjBjbGFzcyUzRCUyMlRBX2xpbmtzJTIwc3hYYWd2aWM1SSUyMiUzRSUzQ2xpJTIwaWQlM0QlMjJnR1BHN3JkUExXJTIyJTIwY2xhc3MlM0QlMjJXc2R3cXk1TnQlMjIlM0UlM0NhJTIwdGFyZ2V0JTNEJTIyX2JsYW5rJTIyJTIwaHJlZiUzRCUyMmh0dHBzJTNBJTJGJTJGd3d3LnRyaXBhZHZpc29yLmNvbSUyRkhvdGVsX1Jldmlldy1nNjU5OTI0LWQ1OTcwNDIyLVJldmlld3MtTmFtX0xvbmdfUGx1c19Ib3RlbC1Eb25nX0hvaV9RdWFuZ19CaW5oX1Byb3ZpbmNlLmh0bWwlMjIlM0UlM0NpbWclMjBzcmMlM0QlMjJodHRwcyUzQSUyRiUyRnd3dy50cmlwYWR2aXNvci5jb20lMkZpbWclMkZjZHNpJTJGaW1nMiUyRmJyYW5kaW5nJTJGdjIlMkZUcmlwYWR2aXNvcl9sb2NrdXBfaG9yaXpvbnRhbF9zZWNvbmRhcnlfcmVnaXN0ZXJlZC0xODAzNC0yLnN2ZyUyMiUyMGFsdCUzRCUyMlRyaXBBZHZpc29yJTIyJTJGJTNFJTNDJTJGYSUzRSUzQyUyRmxpJTNFJTNDJTJGdWwlM0UlM0MlMkZkaXYlM0UlM0MlMkZjZW50ZXIlM0U=[\/vc_raw_html][vc_raw_js]JTNDc2NyaXB0JTIwYXN5bmMlMjBzcmMlM0QlMjJodHRwcyUzQSUyRiUyRnd3dy5qc2NhY2hlLmNvbSUyRndlanMlM0Z3dHlwZSUzRGNkc3JhdGluZ3Nvbmx5bmFycm93JTI2YW1wJTNCdW5pcSUzRDIzOSUyNmFtcCUzQmxvY2F0aW9uSWQlM0Q1OTcwNDIyJTI2YW1wJTNCbGFuZyUzRGVuX1VTJTI2YW1wJTNCYm9yZGVyJTNEdHJ1ZSUyNmFtcCUzQmRpc3BsYXlfdmVyc2lvbiUzRDIlMjIlMjBkYXRhLWxvYWR0cmslMjBvbmxvYWQlM0QlMjJ0aGlzLmxvYWR0cmslM0R0cnVlJTIyJTNFJTNDJTJGc2NyaXB0JTNF[\/vc_raw_js][\/vc_column][\/vc_row]<\/p>\n","protected":false},"author":1,"featured_media":0,"parent":0,"menu_order":0,"comment_status":"closed","ping_status":"closed","template":"template-home-modern.php","meta":{"footnotes":""},"class_list":["post-11166","page","type-page","status-publish","has-post-thumbnail","hentry"],"_links":{"self":[{"href":"https:\/\/namlonghotels.com\/vi\/wp-json\/wp\/v2\/pages\/11166","targetHints":{"allow":["GET"]}}],"collection":[{"href":"https:\/\/namlonghotels.com\/vi\/wp-json\/wp\/v2\/pages"}],"about":[{"href":"https:\/\/namlonghotels.com\/vi\/wp-json\/wp\/v2\/types\/page"}],"author":[{"embeddable":true,"href":"https:\/\/namlonghotels.com\/vi\/wp-json\/wp\/v2\/users\/1"}],"replies":[{"embeddable":true,"href":"https:\/\/namlonghotels.com\/vi\/wp-json\/wp\/v2\/comments?post=11166"}],"version-history":[{"count":76,"href":"https:\/\/namlonghotels.com\/vi\/wp-json\/wp\/v2\/pages\/11166\/revisions"}],"predecessor-version":[{"id":14364,"href":"https:\/\/namlonghotels.com\/vi\/wp-json\/wp\/v2\/pages\/11166\/revisions\/14364"}],"wp:attachment":[{"href":"https:\/\/namlonghotels.com\/vi\/wp-json\/wp\/v2\/media?parent=11166"}],"curies":[{"name":"wp","href":"https:\/\/api.w.org\/{rel}","templated":true}]}}